{"id":105309,"date":"2025-02-03T21:35:54","date_gmt":"2025-02-03T19:35:54","guid":{"rendered":"https:\/\/staging6.peach-pump.com\/products\/sotetkek-sportfelso-fuzo\/"},"modified":"2025-11-09T21:27:36","modified_gmt":"2025-11-09T19:27:36","slug":"sotetkek-sportfelso-fuzo","status":"publish","type":"product","link":"https:\/\/staging6.peach-pump.com\/hu\/products\/sotetkek-sportfelso-fuzo\/","title":{"rendered":"S\u00f6t\u00e9tk\u00e9k, testhez\u00e1ll\u00f3 sportfels\u0151, f\u0171z\u0151 szab\u00e1smint\u00e1val"},"content":{"rendered":"<p>S\u00f6t\u00e9tk\u00e9k, testhez\u00e1ll\u00f3 sportfels\u0151, f\u0171z\u0151 szab\u00e1smint\u00e1val. Ez a modell optikailag karcs\u00fabb\u00e1 teszi a derekat, az anyaga pedig kiv\u00e1l\u00f3 min\u0151s\u00e9g\u0171, puha \u00e9s rugalmas, \u00edgy t\u00f6k\u00e9letesen illeszkedik, \u00e9s n\u0151ies form\u00e1t k\u00f6lcs\u00f6n\u00f6z. A dzseki magas\u00edtott gall\u00e9rral rendelkezik, el\u00f6l grav\u00edrozott log\u00f3s cipz\u00e1rral z\u00e1r\u00f3dik, \u00e9s az ujjain h\u00fcvelykujjny\u00edl\u00e1sok tal\u00e1lhat\u00f3k. Az als\u00f3 r\u00e9sz\u00e9n m\u00e9ly oldalzsebek helyezkednek el, amelyek rejtett cipz\u00e1rral z\u00e1r\u00f3dnak, \u00edgy biztons\u00e1gosan t\u00e1rolhat\u00f3k benne a kulcsok vagy a telefon.<br \/>A v\u00e1ll fels\u0151 r\u00e9sz\u00e9n h\u00edmzett 3D Peach Pump log\u00f3 tal\u00e1lhat\u00f3. Ide\u00e1lis parkban val\u00f3 s\u00e9t\u00e1hoz \u00e9s intenz\u00edv edz\u00e9shez egyar\u00e1nt, mivel az anyag nem tartja meg a test nedvess\u00e9g\u00e9t.<br \/>\u00d6t szezon\u00e1lis sz\u00ednben el\u00e9rhet\u0151, \u00e9s t\u00f6k\u00e9letesen kombin\u00e1lhat\u00f3 leggingsszel \u00e9s sportmelltart\u00f3val. N\u00e9zze meg weboldalunkon a k\u00e9sz \u00f6ssze\u00e1ll\u00edt\u00e1sok kateg\u00f3ri\u00e1j\u00e1t inspir\u00e1ci\u00f3\u00e9rt, \u00e9s \u00e1ll\u00edtsa \u00f6ssze t\u00f6k\u00e9letes outfitj\u00e9t s\u00e9t\u00e1hoz vagy edz\u00e9shez!<\/p>\n<ul>\n<li>3D h\u00edmzett Peach Pump log\u00f3 a v\u00e1llon<\/li>\n<li>Cipz\u00e1ras z\u00e1r\u00f3d\u00e1s, grav\u00edrozott Peach Pump log\u00f3<\/li>\n<li>Rejtett zsebek a fels\u0151 oldals\u00f3 r\u00e9sz\u00e9n, diszkr\u00e9t cipz\u00e1ras z\u00e1r\u00f3d\u00e1s<\/li>\n<li>H\u00fcvelykujj ny\u00edl\u00e1ss\u043e\u043akal<\/li>\n<li>Alakform\u00e1l\u00f3 modell<\/li>\n<li>Nedvess\u00e9gelvezet\u0151 anyag<\/li>\n<\/ul>\n<p>Anyag\u00f6sszet\u00e9tel: 72% poli\u00e9szter, 28% elaszt\u00e1n<\/p>\n<p>A fels\u0151 legfeljebb 30 fokon moshat\u00f3, k\u00e9rj\u00fck, ne haszn\u00e1ljon feh\u00e9r\u00edt\u0151t, sz\u00e1r\u00edt\u00f3g\u00e9pet vagy vegytiszt\u00edt\u00e1st.<\/p>\n<p>A k\u00e9pen l\u00e1that\u00f3 modell 179 cm magas, 56 kg s\u00faly\u00fa, \u00e9s S-es m\u00e9retet visel.<\/p>\n","protected":false},"excerpt":{"rendered":"<p>S\u00f6t\u00e9tk\u00e9k, testhez\u00e1ll\u00f3 sportfels\u0151, f\u0171z\u0151 szab\u00e1smint\u00e1val. Ez a modell optikailag karcs\u00fabb\u00e1 teszi a derekat, az anyaga pedig kiv\u00e1l\u00f3 min\u0151s\u00e9g\u0171, puha \u00e9s rugalmas, \u00edgy t\u00f6k\u00e9letesen illeszkedik, \u00e9s n\u0151ies form\u00e1t k\u00f6lcs\u00f6n\u00f6z. A dzseki magas\u00edtott gall\u00e9rral rendelkezik, el\u00f6l grav\u00edrozott log\u00f3s cipz\u00e1rral z\u00e1r\u00f3dik, \u00e9s az ujjain h\u00fcvelykujjny\u00edl\u00e1sok tal\u00e1lhat\u00f3k. Az als\u00f3 r\u00e9sz\u00e9n m\u00e9ly oldalzsebek helyezkednek el, amelyek rejtett cipz\u00e1rral z\u00e1r\u00f3dnak, \u00edgy [&hellip;]<\/p>\n","protected":false},"featured_media":104664,"comment_status":"open","ping_status":"closed","template":"","meta":[],"product_brand":[],"product_cat":[922],"product_tag":[],"class_list":{"0":"post-105309","1":"product","2":"type-product","3":"status-publish","4":"has-post-thumbnail","6":"product_cat-dzsekik","7":"pa_cviat-sotetkek","8":"pa_razmer-l-hu-2","9":"pa_razmer-m-hu","10":"pa_razmer-s-hu-2","11":"inventories-world","12":"inventories-uk","14":"first","15":"instock","16":"taxable","17":"shipping-taxable","18":"purchasable","19":"product-type-variable"},"_links":{"self":[{"href":"https:\/\/staging6.peach-pump.com\/en\/wp-json\/wp\/v2\/product\/105309","targetHints":{"allow":["GET"]}}],"collection":[{"href":"https:\/\/staging6.peach-pump.com\/en\/wp-json\/wp\/v2\/product"}],"about":[{"href":"https:\/\/staging6.peach-pump.com\/en\/wp-json\/wp\/v2\/types\/product"}],"replies":[{"embeddable":true,"href":"https:\/\/staging6.peach-pump.com\/en\/wp-json\/wp\/v2\/comments?post=105309"}],"version-history":[{"count":0,"href":"https:\/\/staging6.peach-pump.com\/en\/wp-json\/wp\/v2\/product\/105309\/revisions"}],"wp:featuredmedia":[{"embeddable":true,"href":"https:\/\/staging6.peach-pump.com\/en\/wp-json\/wp\/v2\/media\/104664"}],"wp:attachment":[{"href":"https:\/\/staging6.peach-pump.com\/en\/wp-json\/wp\/v2\/media?parent=105309"}],"wp:term":[{"taxonomy":"product_brand","embeddable":true,"href":"https:\/\/staging6.peach-pump.com\/en\/wp-json\/wp\/v2\/product_brand?post=105309"},{"taxonomy":"product_cat","embeddable":true,"href":"https:\/\/staging6.peach-pump.com\/en\/wp-json\/wp\/v2\/product_cat?post=105309"},{"taxonomy":"product_tag","embeddable":true,"href":"https:\/\/staging6.peach-pump.com\/en\/wp-json\/wp\/v2\/product_tag?post=105309"}],"curies":[{"name":"wp","href":"https:\/\/api.w.org\/{rel}","templated":true}]}}