{"id":111015,"date":"2025-03-29T11:47:23","date_gmt":"2025-03-29T09:47:23","guid":{"rendered":"https:\/\/staging6.peach-pump.com\/products\/feher-felso-cipzar-peach-pump-felirattal\/"},"modified":"2025-11-10T19:09:23","modified_gmt":"2025-11-10T17:09:23","slug":"feher-felso-cipzar-peach-pump-felirattal","status":"publish","type":"product","link":"https:\/\/staging6.peach-pump.com\/hu\/products\/feher-felso-cipzar-peach-pump-felirattal\/","title":{"rendered":"Feh\u00e9r cipz\u00e1ras fels\u0151, cipz\u00e1rj\u00e1n Peach Pump felirattal"},"content":{"rendered":"<p>Feh\u00e9r pul\u00f3ver cipz\u00e1rral \u00e9s Peach Pump felirattal a hossz\u00e1n. Magas gall\u00e9rral , h\u00fcvelykujjnyi ujjakkal , kenguru el\u00fcls\u0151 zsebbel \u00e9s 3D nyomtatott Peach Pump log\u00f3val a v\u00e1llon. A szab\u00e1sa laza , rugalmas der\u00e9ksz\u00edjjal rendelkezik. A pul\u00f3ver l\u00e9legz\u0151 anyagb\u00f3l k\u00e9sz\u00fclt , amely nem z\u00e1rja be a nedvess\u00e9get a testbe , alkalmas fut\u00e1shoz , er\u0151 \u00e9s anaerob edz\u00e9shez s\u00e9t\u00e1hoz vagy a parkban . Lehet p\u00e1ros\u00edtani leggings \u00e9s egy sapka sapka a t\u00f6k\u00e9letes befejez\u00e9shez a Peach Pump ruh\u00e1t.    <\/p>\n<ul>\n<li>Magas cipz\u00e1ras gall\u00e9r Peach Pump felirattal a teljes hossz\u00e1ban<\/li>\n<li>Laza szab\u00e1s<\/li>\n<li>\u00c1ll\u00edthat\u00f3, h\u00faz\u00f3zsin\u00f3ros der\u00e9kr\u00e9sz<\/li>\n<li>El\u00fcls\u0151 zseb<\/li>\n<li>Ujjr\u00e9szen tal\u00e1lhat\u00f3 h\u00fcvelykujjny\u00edl\u00e1sok<\/li>\n<li>3D h\u00edmzett Peach Pump log\u00f3 a v\u00e1llr\u00e9szen<\/li>\n<li>Nedvess\u00e9gelvezet\u0151 anyag<\/li>\n<\/ul>\n<p>Anyag\u00f6sszet\u00e9tel: 74% pamut \/ 20% poli\u00e9szter \/ 6% elaszt\u00e1n<\/p>\n<p>A fels\u0151 legfeljebb 30 \u00b0C-on moshat\u00f3, k\u00e9rj\u00fck ne haszn\u00e1ljon feh\u00e9r\u00edt\u0151t vagy vegytiszt\u00edt\u00e1st.<\/p>\n<p>A k\u00e9pen l\u00e1that\u00f3 modell 170 cm magas, 49 kg s\u00faly\u00fa \u00e9s S-es m\u00e9retet visel.<\/p>\n","protected":false},"excerpt":{"rendered":"<p>Feh\u00e9r pul\u00f3ver cipz\u00e1rral \u00e9s Peach Pump felirattal a hossz\u00e1n. Magas gall\u00e9rral , h\u00fcvelykujjnyi ujjakkal , kenguru el\u00fcls\u0151 zsebbel \u00e9s 3D nyomtatott Peach Pump log\u00f3val a v\u00e1llon. A szab\u00e1sa laza , rugalmas der\u00e9ksz\u00edjjal rendelkezik. A pul\u00f3ver l\u00e9legz\u0151 anyagb\u00f3l k\u00e9sz\u00fclt , amely nem z\u00e1rja be a nedvess\u00e9get a testbe , alkalmas fut\u00e1shoz , er\u0151 \u00e9s anaerob edz\u00e9shez [&hellip;]<\/p>\n","protected":false},"featured_media":110384,"comment_status":"open","ping_status":"closed","template":"","meta":[],"product_brand":[],"product_cat":[355,1122],"product_tag":[],"class_list":{"0":"post-111015","1":"product","2":"type-product","3":"status-publish","4":"has-post-thumbnail","6":"product_cat-noi-polo-fitneszhez","7":"product_cat-noi-kapucnis-puloverek-cipzaras","8":"pa_cviat-feher-hu","9":"pa_razmer-l-hu-2","10":"pa_razmer-m-hu","11":"pa_razmer-s-hu-2","12":"inventories-world","13":"inventories-uk","15":"first","16":"instock","17":"taxable","18":"shipping-taxable","19":"purchasable","20":"product-type-variable"},"_links":{"self":[{"href":"https:\/\/staging6.peach-pump.com\/hu\/wp-json\/wp\/v2\/product\/111015","targetHints":{"allow":["GET"]}}],"collection":[{"href":"https:\/\/staging6.peach-pump.com\/hu\/wp-json\/wp\/v2\/product"}],"about":[{"href":"https:\/\/staging6.peach-pump.com\/hu\/wp-json\/wp\/v2\/types\/product"}],"replies":[{"embeddable":true,"href":"https:\/\/staging6.peach-pump.com\/hu\/wp-json\/wp\/v2\/comments?post=111015"}],"version-history":[{"count":0,"href":"https:\/\/staging6.peach-pump.com\/hu\/wp-json\/wp\/v2\/product\/111015\/revisions"}],"wp:featuredmedia":[{"embeddable":true,"href":"https:\/\/staging6.peach-pump.com\/hu\/wp-json\/wp\/v2\/media\/110384"}],"wp:attachment":[{"href":"https:\/\/staging6.peach-pump.com\/hu\/wp-json\/wp\/v2\/media?parent=111015"}],"wp:term":[{"taxonomy":"product_brand","embeddable":true,"href":"https:\/\/staging6.peach-pump.com\/hu\/wp-json\/wp\/v2\/product_brand?post=111015"},{"taxonomy":"product_cat","embeddable":true,"href":"https:\/\/staging6.peach-pump.com\/hu\/wp-json\/wp\/v2\/product_cat?post=111015"},{"taxonomy":"product_tag","embeddable":true,"href":"https:\/\/staging6.peach-pump.com\/hu\/wp-json\/wp\/v2\/product_tag?post=111015"}],"curies":[{"name":"wp","href":"https:\/\/api.w.org\/{rel}","templated":true}]}}