{"id":113650,"date":"2025-04-21T12:13:49","date_gmt":"2025-04-21T10:13:49","guid":{"rendered":"https:\/\/staging6.peach-pump.com\/products\/kek-futo-rovidnadrag-beepitett-combnadraggal-es-oldalzsebekkel\/"},"modified":"2025-11-01T16:30:09","modified_gmt":"2025-11-01T14:30:09","slug":"kek-futo-rovidnadrag-beepitett-combnadraggal-es-oldalzsebekkel","status":"publish","type":"product","link":"https:\/\/staging6.peach-pump.com\/hu\/products\/kek-futo-rovidnadrag-beepitett-combnadraggal-es-oldalzsebekkel\/","title":{"rendered":"K\u00e9k fut\u00f3 r\u00f6vidnadr\u00e1g be\u00e9p\u00edtett combnadr\u00e1ggal \u00e9s oldalzsebekkel"},"content":{"rendered":"<p>N\u0151i k\u00e9k fut\u00f3 r\u00f6vidnadr\u00e1g be\u00e9p\u00edtett combnadr\u00e1ggal \u00e9s oldalzsebekkel. A modell puha anyagb\u00f3l k\u00e9sz\u00fclt, laza szab\u00e1ssal \u00e9s sz\u00e9les der\u00e9kp\u00e1nttal, valamint be\u00e9p\u00edtett combnadr\u00e1ggal, amely maxim\u00e1lis k\u00e9nyelmet \u00e9s teljes mozg\u00e1sszabads\u00e1got biztos\u00edt.. T\u00f6k\u00e9letes v\u00e1laszt\u00e1s forr\u00f3 ny\u00e1ri napokra, fut\u00e1shoz, edz\u00e9shez vagy egy kellemes s\u00e9t\u00e1hoz a parkban. K\u00f6zepes der\u00e9kmagass\u00e1ggal rendelkezik, a k\u00f6ld\u00f6k vonal\u00e1ban, valamint oldals\u00f3 has\u00edt\u00e9kokkal, amelyek igaz\u00e1n vonz\u00f3 megjelen\u00e9st k\u00f6lcs\u00f6n\u00f6znek. T\u00f6bb szezon\u00e1lisan trendi sz\u00ednben el\u00e9rhet\u0151.    <\/p>\n<ul>\n<li>Puha tapint\u00e1s\u00fa anyag<\/li>\n<li>Sz\u00e9les gum\u00edrozott der\u00e9kr\u00e9sz<\/li>\n<li>Be\u00e9p\u00edtett combnadr\u00e1g<\/li>\n<li>K\u00e9t oldalzseb<\/li>\n<li>H\u0151pr\u00e9ssel r\u00f6gz\u00edtett &#8220;Peach Pump&#8221; log\u00f3 a r\u00f6vidnadr\u00e1gon<\/li>\n<li>H\u0151pr\u00e9ssel r\u00f6gz\u00edtett &#8220;Peach Pump&#8221; log\u00f3 a be\u00e9p\u00edtett combnadr\u00e1g oldal\u00e1n<\/li>\n<\/ul>\n<p>Anyag\u00f6sszet\u00e9tel: 80% poli\u00e9szter, 20% elaszt\u00e1n<\/p>\n<p>A r\u00f6vidnadr\u00e1g k\u00edm\u00e9l\u0151 mos\u00e1ssal, legfeljebb 30 fokon moshat\u00f3. K\u00e9rj\u00fck, a tiszt\u00edt\u00e1s sor\u00e1n ne haszn\u00e1ljon feh\u00e9r\u00edt\u0151t vagy vegyi tiszt\u00edt\u00f3szereket.<\/p>\n<p>A k\u00e9pen l\u00e1that\u00f3 modell 169 cm magas, 50 kg s\u00faly\u00fa \u00e9s S-es m\u00e9retet visel.<\/p>\n<p>A megfelel\u0151 m\u00e9ret pontos kiv\u00e1laszt\u00e1s\u00e1hoz k\u00e9rj\u00fck tekintse meg a m\u00e9rett\u00e1bl\u00e1zatunkat.<\/p>\n","protected":false},"excerpt":{"rendered":"<p>N\u0151i k\u00e9k fut\u00f3 r\u00f6vidnadr\u00e1g be\u00e9p\u00edtett combnadr\u00e1ggal \u00e9s oldalzsebekkel. A modell puha anyagb\u00f3l k\u00e9sz\u00fclt, laza szab\u00e1ssal \u00e9s sz\u00e9les der\u00e9kp\u00e1nttal, valamint be\u00e9p\u00edtett combnadr\u00e1ggal, amely maxim\u00e1lis k\u00e9nyelmet \u00e9s teljes mozg\u00e1sszabads\u00e1got biztos\u00edt.. T\u00f6k\u00e9letes v\u00e1laszt\u00e1s forr\u00f3 ny\u00e1ri napokra, fut\u00e1shoz, edz\u00e9shez vagy egy kellemes s\u00e9t\u00e1hoz a parkban. K\u00f6zepes der\u00e9kmagass\u00e1ggal rendelkezik, a k\u00f6ld\u00f6k vonal\u00e1ban, valamint oldals\u00f3 has\u00edt\u00e9kokkal, amelyek igaz\u00e1n vonz\u00f3 megjelen\u00e9st k\u00f6lcs\u00f6n\u00f6znek. [&hellip;]<\/p>\n","protected":false},"featured_media":112906,"comment_status":"open","ping_status":"closed","template":"","meta":[],"product_brand":[],"product_cat":[142,200],"product_tag":[],"class_list":{"0":"post-113650","1":"product","2":"type-product","3":"status-publish","4":"has-post-thumbnail","6":"product_cat-noi-sport-leggings-fitnesz","7":"product_cat-rovid-noi-leggings","8":"pa_cviat-kek","9":"pa_razmer-l-hu-2","10":"pa_razmer-m-hu","11":"pa_razmer-s-hu-2","12":"inventories-world","14":"first","15":"instock","16":"taxable","17":"shipping-taxable","18":"purchasable","19":"product-type-variable"},"_links":{"self":[{"href":"https:\/\/staging6.peach-pump.com\/hu\/wp-json\/wp\/v2\/product\/113650","targetHints":{"allow":["GET"]}}],"collection":[{"href":"https:\/\/staging6.peach-pump.com\/hu\/wp-json\/wp\/v2\/product"}],"about":[{"href":"https:\/\/staging6.peach-pump.com\/hu\/wp-json\/wp\/v2\/types\/product"}],"replies":[{"embeddable":true,"href":"https:\/\/staging6.peach-pump.com\/hu\/wp-json\/wp\/v2\/comments?post=113650"}],"version-history":[{"count":0,"href":"https:\/\/staging6.peach-pump.com\/hu\/wp-json\/wp\/v2\/product\/113650\/revisions"}],"wp:featuredmedia":[{"embeddable":true,"href":"https:\/\/staging6.peach-pump.com\/hu\/wp-json\/wp\/v2\/media\/112906"}],"wp:attachment":[{"href":"https:\/\/staging6.peach-pump.com\/hu\/wp-json\/wp\/v2\/media?parent=113650"}],"wp:term":[{"taxonomy":"product_brand","embeddable":true,"href":"https:\/\/staging6.peach-pump.com\/hu\/wp-json\/wp\/v2\/product_brand?post=113650"},{"taxonomy":"product_cat","embeddable":true,"href":"https:\/\/staging6.peach-pump.com\/hu\/wp-json\/wp\/v2\/product_cat?post=113650"},{"taxonomy":"product_tag","embeddable":true,"href":"https:\/\/staging6.peach-pump.com\/hu\/wp-json\/wp\/v2\/product_tag?post=113650"}],"curies":[{"name":"wp","href":"https:\/\/api.w.org\/{rel}","templated":true}]}}