{"id":113720,"date":"2025-04-21T11:47:28","date_gmt":"2025-04-21T09:47:28","guid":{"rendered":"https:\/\/staging6.peach-pump.com\/products\/fekete-kivagott-ujjatlan-felso-parnakkal\/"},"modified":"2025-11-02T20:29:28","modified_gmt":"2025-11-02T18:29:28","slug":"fekete-kivagott-ujjatlan-felso-parnakkal","status":"publish","type":"product","link":"https:\/\/staging6.peach-pump.com\/hu\/products\/fekete-kivagott-ujjatlan-felso-parnakkal\/","title":{"rendered":"Fekete kiv\u00e1gott ujjatlan fels\u0151 p\u00e1rn\u00e1kkal"},"content":{"rendered":"<p>Fekete, ujjatlan kiv\u00e1gott n\u0151i fels\u0151 kivehet\u0151 p\u00e1rn\u00e1kkal. Az anyaga bord\u00e1zott, finom b\u00e9l\u00e9ssel, \u00e9s modern kialak\u00edt\u00e1s\u00fa, el\u00f6l \u00e9s h\u00e1tul kiv\u00e1gott szab\u00e1ssal. Edz\u00e9shez vagy szabadid\u0151s tev\u00e9kenys\u00e9gekhez t\u00f6k\u00e9letes, teljes mozg\u00e1sszabads\u00e1got \u00e9s vonz\u00f3 megjelen\u00e9st biztos\u00edt. K\u00e9t sz\u00ednben \u00e9rhet\u0151 el: feh\u00e9r \u00e9s fekete.   <\/p>\n<ul>\n<li>\u041aiemel\u0151 hat\u00e1ssal rendelkez\u0151 kivehet\u0151 p\u00e1rn\u00e1\u043a<\/li>\n<li>Testhez\u00e1ll\u00f3 bord\u00e1zott anyag<\/li>\n<li>Bels\u0151 b\u00e9l\u00e9s<\/li>\n<li>El\u00f6l \u00e9s h\u00e1tul kiv\u00e1gott ujjatlan fels\u0151<\/li>\n<li>H\u0151pr\u00e9ssel r\u00f6gz\u00edtett &#8220;Peach Pump&#8221; log\u00f3<\/li>\n<\/ul>\n<p>Anyag\u00f6sszet\u00e9tel: 80% poli\u00e9szter, 20% elaszt\u00e1n<\/p>\n<p>Az ujjatlan fels\u0151 k\u00edm\u00e9l\u0151 mos\u00e1ssal, legfeljebb 30 fokon moshat\u00f3. K\u00e9rj\u00fck, a tiszt\u00edt\u00e1s sor\u00e1n ne haszn\u00e1ljon feh\u00e9r\u00edt\u0151t vagy vegyi tiszt\u00edt\u00f3szereket.<\/p>\n<p>A k\u00e9pen l\u00e1that\u00f3 modell 167 cm magas, 50 kg s\u00faly\u00fa, \u00e9s M-es m\u00e9retet visel.<\/p>\n<p>A megfelel\u0151 m\u00e9ret pontos kiv\u00e1laszt\u00e1s\u00e1hoz k\u00e9rj\u00fck tekintse meg a m\u00e9rett\u00e1bl\u00e1zatunkat.<\/p>\n","protected":false},"excerpt":{"rendered":"<p>Fekete, ujjatlan kiv\u00e1gott n\u0151i fels\u0151 kivehet\u0151 p\u00e1rn\u00e1kkal. Az anyaga bord\u00e1zott, finom b\u00e9l\u00e9ssel, \u00e9s modern kialak\u00edt\u00e1s\u00fa, el\u00f6l \u00e9s h\u00e1tul kiv\u00e1gott szab\u00e1ssal. Edz\u00e9shez vagy szabadid\u0151s tev\u00e9kenys\u00e9gekhez t\u00f6k\u00e9letes, teljes mozg\u00e1sszabads\u00e1got \u00e9s vonz\u00f3 megjelen\u00e9st biztos\u00edt. K\u00e9t sz\u00ednben \u00e9rhet\u0151 el: feh\u00e9r \u00e9s fekete. \u041aiemel\u0151 hat\u00e1ssal rendelkez\u0151 kivehet\u0151 p\u00e1rn\u00e1\u043a Testhez\u00e1ll\u00f3 bord\u00e1zott anyag Bels\u0151 b\u00e9l\u00e9s El\u00f6l \u00e9s h\u00e1tul kiv\u00e1gott ujjatlan fels\u0151 H\u0151pr\u00e9ssel [&hellip;]<\/p>\n","protected":false},"featured_media":112676,"comment_status":"open","ping_status":"closed","template":"","meta":[],"product_brand":[],"product_cat":[356],"product_tag":[],"class_list":{"0":"post-113720","1":"product","2":"type-product","3":"status-publish","4":"has-post-thumbnail","6":"product_cat-sportmelltartok-fitneszhez","7":"pa_cviat-fekete","8":"pa_razmer-l-hu-2","9":"pa_razmer-m-hu","10":"pa_razmer-s-hu-2","11":"inventories-world","13":"first","14":"instock","15":"sale","16":"taxable","17":"shipping-taxable","18":"purchasable","19":"product-type-variable"},"_links":{"self":[{"href":"https:\/\/staging6.peach-pump.com\/en\/wp-json\/wp\/v2\/product\/113720","targetHints":{"allow":["GET"]}}],"collection":[{"href":"https:\/\/staging6.peach-pump.com\/en\/wp-json\/wp\/v2\/product"}],"about":[{"href":"https:\/\/staging6.peach-pump.com\/en\/wp-json\/wp\/v2\/types\/product"}],"replies":[{"embeddable":true,"href":"https:\/\/staging6.peach-pump.com\/en\/wp-json\/wp\/v2\/comments?post=113720"}],"version-history":[{"count":0,"href":"https:\/\/staging6.peach-pump.com\/en\/wp-json\/wp\/v2\/product\/113720\/revisions"}],"wp:featuredmedia":[{"embeddable":true,"href":"https:\/\/staging6.peach-pump.com\/en\/wp-json\/wp\/v2\/media\/112676"}],"wp:attachment":[{"href":"https:\/\/staging6.peach-pump.com\/en\/wp-json\/wp\/v2\/media?parent=113720"}],"wp:term":[{"taxonomy":"product_brand","embeddable":true,"href":"https:\/\/staging6.peach-pump.com\/en\/wp-json\/wp\/v2\/product_brand?post=113720"},{"taxonomy":"product_cat","embeddable":true,"href":"https:\/\/staging6.peach-pump.com\/en\/wp-json\/wp\/v2\/product_cat?post=113720"},{"taxonomy":"product_tag","embeddable":true,"href":"https:\/\/staging6.peach-pump.com\/en\/wp-json\/wp\/v2\/product_tag?post=113720"}],"curies":[{"name":"wp","href":"https:\/\/api.w.org\/{rel}","templated":true}]}}