{"id":115641,"date":"2025-05-09T14:06:00","date_gmt":"2025-05-09T12:06:00","guid":{"rendered":"https:\/\/staging6.peach-pump.com\/products\/rovid-feher-sport-ruha-leggingsszel\/"},"modified":"2025-11-01T16:22:30","modified_gmt":"2025-11-01T14:22:30","slug":"rovid-feher-sport-ruha-leggingsszel","status":"publish","type":"product","link":"https:\/\/staging6.peach-pump.com\/hu\/products\/rovid-feher-sport-ruha-leggingsszel\/","title":{"rendered":"R\u00f6vid feh\u00e9r teniszruha leggingsszel"},"content":{"rendered":"<p>R\u00f6vid feh\u00e9r teniszruha leggingsszel \u00e9s fekete szeg\u00e9llyel a sz\u00e9leken. A modell p\u00e1rn\u00e1kkal van ell\u00e1tva, amelyek emel\u0151 hat\u00e1s\u00faak \u00e9s ig\u00e9ny szerint elt\u00e1vol\u00edthat\u00f3k. A ruha der\u00e9kr\u00e9szn\u00e9l kiv\u00e1gott r\u00e9szletekkel rendelkezik, amelyek optikailag karcs\u00fas\u00edtj\u00e1k a derekat \u00e9s homok\u00f3ra sziluettet k\u00f6lcs\u00f6n\u00f6znek. A ruha r\u00f6videbb fazon\u00fa, de als\u00f3 r\u00e9sz\u00e9n leggings tal\u00e1lhat\u00f3, amely teljes mozg\u00e1sszabads\u00e1got biztos\u00edt. A modell t\u00f6k\u00e9letes v\u00e1laszt\u00e1s teniszhez, fitneszhez vagy parkbeli s\u00e9t\u00e1hoz, \u00e9s garant\u00e1ltan nem marad \u00e9szrev\u00e9tlen benne.    <\/p>\n<ul>\n<li>R\u00f6vid modell<\/li>\n<li>Als\u00f3 leggings<\/li>\n<li>Push-up hat\u00e1s\u00fa szivacsbet\u00e9tek<\/li>\n<li>Fekete szeg\u00e9ly csak a ruha fels\u0151 r\u00e9sz\u00e9n<\/li>\n<li>Rugalmas anyag<\/li>\n<li>H\u0151pr\u00e9ssel r\u00f6gz\u00edtett Peach Pump log\u00f3 a h\u00e1toldalon<\/li>\n<li>H\u0151pr\u00e9ssel r\u00f6gz\u00edtett Peach Pump log\u00f3 a ruha elej\u00e9n, a mellr\u00e9sz alatt.<\/li>\n<li>Der\u00e9k kiv\u00e1g\u00e1s<\/li>\n<li>Nedvess\u00e9gelvezet\u0151 anyag<\/li>\n<\/ul>\n<p>Anyag\u00f6sszet\u00e9tel: 80% poli\u00e9szter, 20% elaszt\u00e1n<\/p>\n<p>A ruha k\u00edm\u00e9l\u0151 mos\u00e1ssal, legfeljebb 30 fokon moshat\u00f3. K\u00e9rj\u00fck, a tiszt\u00edt\u00e1s sor\u00e1n ne haszn\u00e1ljon feh\u00e9r\u00edt\u0151t vagy vegyi tiszt\u00edt\u00f3szereket.<\/p>\n<p>A k\u00e9pen l\u00e1that\u00f3 modell 168 cm magas, 51 kg s\u00faly\u00fa \u00e9s S-es m\u00e9retett visel.<\/p>\n<p>A megfelel\u0151 m\u00e9ret pontos kiv\u00e1laszt\u00e1s\u00e1hoz, k\u00e9rj\u00fck tekintse meg a m\u00e9rett\u00e1bl\u00e1zatunkat.<\/p>\n","protected":false},"excerpt":{"rendered":"<p>R\u00f6vid feh\u00e9r teniszruha leggingsszel \u00e9s fekete szeg\u00e9llyel a sz\u00e9leken. A modell p\u00e1rn\u00e1kkal van ell\u00e1tva, amelyek emel\u0151 hat\u00e1s\u00faak \u00e9s ig\u00e9ny szerint elt\u00e1vol\u00edthat\u00f3k. A ruha der\u00e9kr\u00e9szn\u00e9l kiv\u00e1gott r\u00e9szletekkel rendelkezik, amelyek optikailag karcs\u00fas\u00edtj\u00e1k a derekat \u00e9s homok\u00f3ra sziluettet k\u00f6lcs\u00f6n\u00f6znek. A ruha r\u00f6videbb fazon\u00fa, de als\u00f3 r\u00e9sz\u00e9n leggings tal\u00e1lhat\u00f3, amely teljes mozg\u00e1sszabads\u00e1got biztos\u00edt. A modell t\u00f6k\u00e9letes v\u00e1laszt\u00e1s teniszhez, fitneszhez [&hellip;]<\/p>\n","protected":false},"featured_media":114707,"comment_status":"open","ping_status":"closed","template":"","meta":[],"product_brand":[],"product_cat":[357,1130,358,1178],"product_tag":[],"class_list":{"0":"post-115641","1":"product","2":"type-product","3":"status-publish","4":"has-post-thumbnail","6":"product_cat-noi-sportruhazat","7":"product_cat-noi-sportos-overalok","8":"product_cat-rovid-sportruhak-leggings-sportmelltarto","9":"product_cat-sport-ruhak-es-szoknyak","10":"pa_cviat-feher-hu","11":"pa_razmer-m-hu","12":"pa_razmer-s-hu-2","13":"inventories-world","15":"first","16":"instock","17":"taxable","18":"shipping-taxable","19":"purchasable","20":"product-type-variable"},"_links":{"self":[{"href":"https:\/\/staging6.peach-pump.com\/hu\/wp-json\/wp\/v2\/product\/115641","targetHints":{"allow":["GET"]}}],"collection":[{"href":"https:\/\/staging6.peach-pump.com\/hu\/wp-json\/wp\/v2\/product"}],"about":[{"href":"https:\/\/staging6.peach-pump.com\/hu\/wp-json\/wp\/v2\/types\/product"}],"replies":[{"embeddable":true,"href":"https:\/\/staging6.peach-pump.com\/hu\/wp-json\/wp\/v2\/comments?post=115641"}],"version-history":[{"count":0,"href":"https:\/\/staging6.peach-pump.com\/hu\/wp-json\/wp\/v2\/product\/115641\/revisions"}],"wp:featuredmedia":[{"embeddable":true,"href":"https:\/\/staging6.peach-pump.com\/hu\/wp-json\/wp\/v2\/media\/114707"}],"wp:attachment":[{"href":"https:\/\/staging6.peach-pump.com\/hu\/wp-json\/wp\/v2\/media?parent=115641"}],"wp:term":[{"taxonomy":"product_brand","embeddable":true,"href":"https:\/\/staging6.peach-pump.com\/hu\/wp-json\/wp\/v2\/product_brand?post=115641"},{"taxonomy":"product_cat","embeddable":true,"href":"https:\/\/staging6.peach-pump.com\/hu\/wp-json\/wp\/v2\/product_cat?post=115641"},{"taxonomy":"product_tag","embeddable":true,"href":"https:\/\/staging6.peach-pump.com\/hu\/wp-json\/wp\/v2\/product_tag?post=115641"}],"curies":[{"name":"wp","href":"https:\/\/api.w.org\/{rel}","templated":true}]}}