{"id":117375,"date":"2025-05-29T11:13:17","date_gmt":"2025-05-29T09:13:17","guid":{"rendered":"https:\/\/staging6.peach-pump.com\/products\/rovid-zold-testhezallo-sportfelso-betetekkel\/"},"modified":"2025-11-01T16:14:17","modified_gmt":"2025-11-01T14:14:17","slug":"rovid-zold-testhezallo-sportfelso-betetekkel","status":"publish","type":"product","link":"https:\/\/staging6.peach-pump.com\/hu\/products\/rovid-zold-testhezallo-sportfelso-betetekkel\/","title":{"rendered":"R\u00f6vid, z\u00f6ld, testhez\u00e1ll\u00f3 sportfels\u0151 bet\u00e9tekkel"},"content":{"rendered":"<p>Matcha z\u00f6ld, r\u00f6vid, testhez\u00e1ll\u00f3 sportfels\u0151 kivehet\u0151 bet\u00e9tekkel T\u00f6k\u00e9letesen illeszkedik, \u00e9s szab\u00e1sa miatt mind a sportos, mind az alkalmi viseleted n\u00e9lk\u00fcl\u00f6zhetetlen darabja. Alkalmas edz\u0151terembe, fut\u00e1shoz, aerobik edz\u00e9shez vagy egy s\u00e9t\u00e1ra a parkban, alul rejtett gumival, kivehet\u0151 p\u00e1rn\u00e1z\u00e1ssal \u00e9s olyan anyaggal rendelkezik, amely nem z\u00e1rja be a nedvess\u00e9get a testbe. A p\u00f3l\u00f3 v\u00e1ll\u00e1n a &#8216;Peach Pump&#8217; log\u00f3 van h\u0151vel lepecs\u00e9telve, amely minimalista \u00e9s finoman kiemelkedik. Im\u00e1dni fogod ezt a mint\u00e1t \u00e9s azt, ahogyan a testeden \u00fcl. T\u00f6k\u00e9letesen p\u00e1ros\u00edthat\u00f3 az \u00f6sszes r\u00f6vid \u00e9s hossz\u00fa leggings\u00fcnkkel.     <\/p>\n<p>Kivehet\u0151 bet\u00e9tek<br \/>\nRejtett gumip\u00e1nt a fels\u0151 als\u00f3 r\u00e9sz\u00e9n<br \/>\nT\u00f6k\u00e9letesen illeszkedik a testhez<br \/>\nH\u0151pr\u00e9ssel r\u00f6gz\u00edtett &#8216;Peach Pump&#8217; log\u00f3 a v\u00e1llr\u00e9szen<br \/>\nNedvess\u00e9gelvezet\u0151 anyag<\/p>\n<p>Anyag\u00f6sszet\u00e9tel: elaszt\u00e1n \u00e9s poli\u00e9szter<\/p>\n<p>A fels\u0151 legfeljebb 30 fokon moshat\u00f3, k\u00e9rj\u00fck, ne haszn\u00e1ljon feh\u00e9r\u00edt\u0151t, sz\u00e1r\u00edt\u00f3g\u00e9pet vagy vegytiszt\u00edt\u00e1st.<\/p>\n<p>A k\u00e9pen l\u00e1that\u00f3 modell 178 cm magas, 55 kg, mellb\u0151s\u00e9ge 90 cm, \u00e9s M-es m\u00e9ret\u0171 fels\u0151t visel.<\/p>\n<p>A megfelel\u0151 m\u00e9ret pontos kiv\u00e1laszt\u00e1s\u00e1hoz, k\u00e9rj\u00fck tekintse meg a m\u00e9rett\u00e1bl\u00e1zatunkat.<\/p>\n","protected":false},"excerpt":{"rendered":"<p>Matcha z\u00f6ld, r\u00f6vid, testhez\u00e1ll\u00f3 sportfels\u0151 kivehet\u0151 bet\u00e9tekkel T\u00f6k\u00e9letesen illeszkedik, \u00e9s szab\u00e1sa miatt mind a sportos, mind az alkalmi viseleted n\u00e9lk\u00fcl\u00f6zhetetlen darabja. Alkalmas edz\u0151terembe, fut\u00e1shoz, aerobik edz\u00e9shez vagy egy s\u00e9t\u00e1ra a parkban, alul rejtett gumival, kivehet\u0151 p\u00e1rn\u00e1z\u00e1ssal \u00e9s olyan anyaggal rendelkezik, amely nem z\u00e1rja be a nedvess\u00e9get a testbe. A p\u00f3l\u00f3 v\u00e1ll\u00e1n a &#8216;Peach Pump&#8217; log\u00f3 [&hellip;]<\/p>\n","protected":false},"featured_media":116795,"comment_status":"open","ping_status":"closed","template":"","meta":[],"product_brand":[],"product_cat":[355],"product_tag":[],"class_list":{"0":"post-117375","1":"product","2":"type-product","3":"status-publish","4":"has-post-thumbnail","6":"product_cat-noi-polo-fitneszhez","7":"pa_cviat-zold","8":"pa_razmer-l-hu-2","9":"pa_razmer-m-hu","10":"pa_razmer-s-hu-2","11":"inventories-world","13":"first","14":"instock","15":"sale","16":"taxable","17":"shipping-taxable","18":"purchasable","19":"product-type-variable"},"_links":{"self":[{"href":"https:\/\/staging6.peach-pump.com\/en\/wp-json\/wp\/v2\/product\/117375","targetHints":{"allow":["GET"]}}],"collection":[{"href":"https:\/\/staging6.peach-pump.com\/en\/wp-json\/wp\/v2\/product"}],"about":[{"href":"https:\/\/staging6.peach-pump.com\/en\/wp-json\/wp\/v2\/types\/product"}],"replies":[{"embeddable":true,"href":"https:\/\/staging6.peach-pump.com\/en\/wp-json\/wp\/v2\/comments?post=117375"}],"version-history":[{"count":0,"href":"https:\/\/staging6.peach-pump.com\/en\/wp-json\/wp\/v2\/product\/117375\/revisions"}],"wp:featuredmedia":[{"embeddable":true,"href":"https:\/\/staging6.peach-pump.com\/en\/wp-json\/wp\/v2\/media\/116795"}],"wp:attachment":[{"href":"https:\/\/staging6.peach-pump.com\/en\/wp-json\/wp\/v2\/media?parent=117375"}],"wp:term":[{"taxonomy":"product_brand","embeddable":true,"href":"https:\/\/staging6.peach-pump.com\/en\/wp-json\/wp\/v2\/product_brand?post=117375"},{"taxonomy":"product_cat","embeddable":true,"href":"https:\/\/staging6.peach-pump.com\/en\/wp-json\/wp\/v2\/product_cat?post=117375"},{"taxonomy":"product_tag","embeddable":true,"href":"https:\/\/staging6.peach-pump.com\/en\/wp-json\/wp\/v2\/product_tag?post=117375"}],"curies":[{"name":"wp","href":"https:\/\/api.w.org\/{rel}","templated":true}]}}