{"id":117400,"date":"2025-05-28T15:02:28","date_gmt":"2025-05-28T13:02:28","guid":{"rendered":"https:\/\/staging6.peach-pump.com\/products\/zold-rovid-leggings-kozepes-derekmagassaggal-es-formalo-hatassal\/"},"modified":"2025-11-01T16:16:36","modified_gmt":"2025-11-01T14:16:36","slug":"zold-rovid-leggings-kozepes-derekmagassaggal-es-formalo-hatassal","status":"publish","type":"product","link":"https:\/\/staging6.peach-pump.com\/hu\/products\/zold-rovid-leggings-kozepes-derekmagassaggal-es-formalo-hatassal\/","title":{"rendered":"Z\u00f6ld, r\u00f6vid leggings k\u00f6zepes der\u00e9kmagass\u00e1ggal \u00e9s form\u00e1l\u00f3 hat\u00e1ssal"},"content":{"rendered":"<p>Sportos, r\u00f6vid leggings z\u00f6ld sz\u00ednben, k\u00f6z\u00e9pen der\u00e9kt\u00e1jon, alakform\u00e1l\u00f3 hat\u00e1ssal, varr\u00e1smentes, rugalmas \u00e9s puha tapint\u00e1s\u00fa anyagb\u00f3l. Ez a modell t\u00f6k\u00e9letesen form\u00e1lja a testet, szakad\u00f3 \u00f6vvel rendelkezik, k\u00f6zepes der\u00e9kt\u00e1von, amely finoman \u00f6sszeh\u00fazza. Az \u00e9k alak\u00fa placc elrejti a probl\u00e9m\u00e1s ter\u00fcleteket, elvezeti a nedvess\u00e9get a testt\u0151l a sz\u00e9p \u00e9s kecses sziluett\u00e9rt.   Ezzel a modellel k\u00e9nyelmesen \u00e9s magabiztosan \u00e9rezheti mag\u00e1t. Az \u00e9khez a m\u00e1rka melltart\u00f3j\u00e1t vagy sportos bl\u00faz\u00e1t p\u00e1ros\u00edthatja.<\/p>\n<ul>\n<li>K\u00f6zepes der\u00e9kb\u0151s\u00e9g<\/li>\n<li>Varr\u00e1smentes anyag<\/li>\n<li>Kiemeli, form\u00e1lja, elrejti a probl\u00e9m\u00e1s r\u00e9szeket<\/li>\n<li>Der\u00e9kra simul\u00f3 bord\u00e1s k\u00f6t\u00e9s\u0171 der\u00e9ksz\u00edj<\/li>\n<li>Peachy hat\u00e1s<\/li>\n<li>H\u0151pr\u00e9ssel r\u00f6gz\u00edtett Peach Pump log\u00f3 a sportmellt\u00e1rt\u00f3 el\u00fcls\u0151 r\u00e9szen<\/li>\n<li>El\u00fcls\u0151 varr\u00e1s n\u00e9lk\u00fcl<\/li>\n<li>H\u0151pr\u00e9ssel r\u00f6gz\u00edtett Peach Pump log\u00f3 a leggings h\u00e1toldal\u00e1n<\/li>\n<li>Kiemelked\u0151 izzads\u00e1gelvezet\u0151 tulajdons\u00e1gokkal rendelkez\u0151 anyag<\/li>\n<\/ul>\n<p>Anyag\u00f6sszet\u00e9tel: 80% poli\u00e9szter, 20% elaszt\u00e1n<\/p>\n<p>A leggings k\u00edm\u00e9l\u0151 mos\u00e1ssal, legfeljebb 30 fokon moshat\u00f3. K\u00e9rj\u00fck, a tiszt\u00edt\u00e1s sor\u00e1n ne haszn\u00e1ljon feh\u00e9r\u00edt\u0151t vagy vegyi tiszt\u00edt\u00f3szereket.<\/p>\n<p>A k\u00e9pen l\u00e1that\u00f3 modell 178 cm magas, 55 kg s\u00faly\u00fa, \u00e9s S-es m\u00e9retben p\u00f3zol.<\/p>\n<p>A megfelel\u0151 m\u00e9ret pontos kiv\u00e1laszt\u00e1s\u00e1hoz k\u00e9rj\u00fck tekintse meg a m\u00e9rett\u00e1bl\u00e1zatunkat.<\/p>\n","protected":false},"excerpt":{"rendered":"<p>Sportos, r\u00f6vid leggings z\u00f6ld sz\u00ednben, k\u00f6z\u00e9pen der\u00e9kt\u00e1jon, alakform\u00e1l\u00f3 hat\u00e1ssal, varr\u00e1smentes, rugalmas \u00e9s puha tapint\u00e1s\u00fa anyagb\u00f3l. Ez a modell t\u00f6k\u00e9letesen form\u00e1lja a testet, szakad\u00f3 \u00f6vvel rendelkezik, k\u00f6zepes der\u00e9kt\u00e1von, amely finoman \u00f6sszeh\u00fazza. Az \u00e9k alak\u00fa placc elrejti a probl\u00e9m\u00e1s ter\u00fcleteket, elvezeti a nedvess\u00e9get a testt\u0151l a sz\u00e9p \u00e9s kecses sziluett\u00e9rt. Ezzel a modellel k\u00e9nyelmesen \u00e9s magabiztosan \u00e9rezheti [&hellip;]<\/p>\n","protected":false},"featured_media":116484,"comment_status":"open","ping_status":"closed","template":"","meta":[],"product_brand":[],"product_cat":[142,200],"product_tag":[],"class_list":{"0":"post-117400","1":"product","2":"type-product","3":"status-publish","4":"has-post-thumbnail","6":"product_cat-noi-sport-leggings-fitnesz","7":"product_cat-rovid-noi-leggings","8":"pa_cviat-zold","9":"pa_razmer-l-hu-2","10":"pa_razmer-m-hu","11":"pa_razmer-s-hu-2","12":"pa_razmer-xs-hu","13":"inventories-world","15":"first","16":"instock","17":"taxable","18":"shipping-taxable","19":"purchasable","20":"product-type-variable"},"_links":{"self":[{"href":"https:\/\/staging6.peach-pump.com\/hu\/wp-json\/wp\/v2\/product\/117400","targetHints":{"allow":["GET"]}}],"collection":[{"href":"https:\/\/staging6.peach-pump.com\/hu\/wp-json\/wp\/v2\/product"}],"about":[{"href":"https:\/\/staging6.peach-pump.com\/hu\/wp-json\/wp\/v2\/types\/product"}],"replies":[{"embeddable":true,"href":"https:\/\/staging6.peach-pump.com\/hu\/wp-json\/wp\/v2\/comments?post=117400"}],"version-history":[{"count":0,"href":"https:\/\/staging6.peach-pump.com\/hu\/wp-json\/wp\/v2\/product\/117400\/revisions"}],"wp:featuredmedia":[{"embeddable":true,"href":"https:\/\/staging6.peach-pump.com\/hu\/wp-json\/wp\/v2\/media\/116484"}],"wp:attachment":[{"href":"https:\/\/staging6.peach-pump.com\/hu\/wp-json\/wp\/v2\/media?parent=117400"}],"wp:term":[{"taxonomy":"product_brand","embeddable":true,"href":"https:\/\/staging6.peach-pump.com\/hu\/wp-json\/wp\/v2\/product_brand?post=117400"},{"taxonomy":"product_cat","embeddable":true,"href":"https:\/\/staging6.peach-pump.com\/hu\/wp-json\/wp\/v2\/product_cat?post=117400"},{"taxonomy":"product_tag","embeddable":true,"href":"https:\/\/staging6.peach-pump.com\/hu\/wp-json\/wp\/v2\/product_tag?post=117400"}],"curies":[{"name":"wp","href":"https:\/\/api.w.org\/{rel}","templated":true}]}}