{"id":117452,"date":"2025-05-28T13:49:18","date_gmt":"2025-05-28T11:49:18","guid":{"rendered":"https:\/\/staging6.peach-pump.com\/products\/kekesszurke-peach-pump-napellenzos-sapka\/"},"modified":"2025-11-01T16:19:44","modified_gmt":"2025-11-01T14:19:44","slug":"kekesszurke-peach-pump-napellenzos-sapka","status":"publish","type":"product","link":"https:\/\/staging6.peach-pump.com\/hu\/products\/kekesszurke-peach-pump-napellenzos-sapka\/","title":{"rendered":"K\u00e9kessz\u00fcrke Peach Pump napellenz\u0151s sapka"},"content":{"rendered":"<p>Eg\u00e9sz\u00edtse ki kedvenc leggings\u00e9t \u00e9s sportmelltart\u00f3j\u00e1t egy k\u00e9kessz\u00fcrke Peach Pump napellenz\u0151s sapk\u00e1val. A forr\u00f3 ny\u00e1ri h\u00f3napokban t\u00f6k\u00e9letes kieg\u00e9sz\u00edt\u0151je lesz megjelen\u00e9s\u00e9nek, ugyanakkor megv\u00e9di arc\u00e1t a t\u0171z\u0151 napt\u00f3l. A sapka l\u00e1tv\u00e1nyos, h\u00edmzett, h\u00e1romdimenzi\u00f3s diz\u00e1jnnal k\u00e9sz\u00fclt, feh\u00e9r log\u00f3val k\u00e9k szeg\u00e9llyel \u00e9s h\u00e1tul h\u00edmzett Peach Pump felirattal. A baseball sapka h\u00e1tul f\u00e9mb\u0151l k\u00e9sz\u00fclt r\u00f6gz\u00edt\u0151vel \u00e1ll\u00edthat\u00f3, a napellenz\u0151 pedig st\u00edlusosan \u00edvelt. Legyen st\u00edlusos \u00e9s k\u00fcl\u00f6nleges ezzel a t\u00f6k\u00e9letes befejez\u0151 elemmel a sportruh\u00e1zat\u00e1hoz.<\/p>\n","protected":false},"excerpt":{"rendered":"<p>Eg\u00e9sz\u00edtse ki kedvenc leggings\u00e9t \u00e9s sportmelltart\u00f3j\u00e1t egy k\u00e9kessz\u00fcrke Peach Pump napellenz\u0151s sapk\u00e1val. A forr\u00f3 ny\u00e1ri h\u00f3napokban t\u00f6k\u00e9letes kieg\u00e9sz\u00edt\u0151je lesz megjelen\u00e9s\u00e9nek, ugyanakkor megv\u00e9di arc\u00e1t a t\u0171z\u0151 napt\u00f3l. A sapka l\u00e1tv\u00e1nyos, h\u00edmzett, h\u00e1romdimenzi\u00f3s diz\u00e1jnnal k\u00e9sz\u00fclt, feh\u00e9r log\u00f3val k\u00e9k szeg\u00e9llyel \u00e9s h\u00e1tul h\u00edmzett Peach Pump felirattal. A baseball sapka h\u00e1tul f\u00e9mb\u0151l k\u00e9sz\u00fclt r\u00f6gz\u00edt\u0151vel \u00e1ll\u00edthat\u00f3, a napellenz\u0151 pedig st\u00edlusosan [&hellip;]<\/p>\n","protected":false},"featured_media":116251,"comment_status":"open","ping_status":"closed","template":"","meta":[],"product_brand":[],"product_cat":[926],"product_tag":[],"class_list":{"0":"post-117452","1":"product","2":"type-product","3":"status-publish","4":"has-post-thumbnail","6":"product_cat-noi-sport-kiegeszitok","7":"pa_cviat-szurke","8":"pa_razmer-one-size-hu","9":"inventories-world","11":"first","12":"instock","13":"taxable","14":"shipping-taxable","15":"purchasable","16":"product-type-variable"},"_links":{"self":[{"href":"https:\/\/staging6.peach-pump.com\/hu\/wp-json\/wp\/v2\/product\/117452","targetHints":{"allow":["GET"]}}],"collection":[{"href":"https:\/\/staging6.peach-pump.com\/hu\/wp-json\/wp\/v2\/product"}],"about":[{"href":"https:\/\/staging6.peach-pump.com\/hu\/wp-json\/wp\/v2\/types\/product"}],"replies":[{"embeddable":true,"href":"https:\/\/staging6.peach-pump.com\/hu\/wp-json\/wp\/v2\/comments?post=117452"}],"version-history":[{"count":0,"href":"https:\/\/staging6.peach-pump.com\/hu\/wp-json\/wp\/v2\/product\/117452\/revisions"}],"wp:featuredmedia":[{"embeddable":true,"href":"https:\/\/staging6.peach-pump.com\/hu\/wp-json\/wp\/v2\/media\/116251"}],"wp:attachment":[{"href":"https:\/\/staging6.peach-pump.com\/hu\/wp-json\/wp\/v2\/media?parent=117452"}],"wp:term":[{"taxonomy":"product_brand","embeddable":true,"href":"https:\/\/staging6.peach-pump.com\/hu\/wp-json\/wp\/v2\/product_brand?post=117452"},{"taxonomy":"product_cat","embeddable":true,"href":"https:\/\/staging6.peach-pump.com\/hu\/wp-json\/wp\/v2\/product_cat?post=117452"},{"taxonomy":"product_tag","embeddable":true,"href":"https:\/\/staging6.peach-pump.com\/hu\/wp-json\/wp\/v2\/product_tag?post=117452"}],"curies":[{"name":"wp","href":"https:\/\/api.w.org\/{rel}","templated":true}]}}