{"id":121268,"date":"2025-06-15T22:11:57","date_gmt":"2025-06-15T20:11:57","guid":{"rendered":"https:\/\/staging6.peach-pump.com\/products\/fekete-noi-leggings-letisztult-kialakitassal\/"},"modified":"2025-11-01T16:01:46","modified_gmt":"2025-11-01T14:01:46","slug":"fekete-noi-leggings-letisztult-kialakitassal","status":"publish","type":"product","link":"https:\/\/staging6.peach-pump.com\/hu\/products\/fekete-noi-leggings-letisztult-kialakitassal\/","title":{"rendered":"Fekete, n\u0151i leggings letisztult kialak\u00edt\u00e1ssal"},"content":{"rendered":"<p>Fekete n\u0151i leggings letisztult diz\u00e1jnnal, alakform\u00e1l\u00f3 hat\u00e1s n\u00e9lk\u00fcl. A legt\u00f6bb n\u0151 \u00e1ltal kedvelt fazon \u2013 el\u00f6l nincs varr\u00e1s, h\u00e1tul pedig egy diszkr\u00e9t varr\u00e1s fut v\u00e9gig. Rugalmas, ny\u00e1ri anyagb\u00f3l k\u00e9sz\u00fclt, amely finoman k\u00f6veti a test vonalait, a sz\u00e9les der\u00e9kr\u00e9sz pedig kiemeli a derekat. A nadr\u00e1g elej\u00e9n \u00e9s h\u00e1tulj\u00e1n 3D log\u00f3 tal\u00e1lhat\u00f3. A lapos varr\u00e1sok nem irrit\u00e1lnak, \u00edgy maxim\u00e1lis k\u00e9nyelmet biztos\u00edtanak edz\u00e9s k\u00f6zben.<br \/>Ide\u00e1lis v\u00e1laszt\u00e1s er\u0151s\u00edt\u0151 vagy aerob edz\u00e9sekhez, az anyag nem tartja meg a nedvess\u00e9get. T\u00f6k\u00e9letesen kombin\u00e1lhat\u00f3 azonos anyagb\u00f3l k\u00e9sz\u00fclt, r\u00f6vid fels\u0151vel egy szettben.      <\/p>\n<ul>\n<li>Rugalmas, k\u00f6nny\u0171 ny\u00e1ri anyag<\/li>\n<li>Lapos varr\u00e1sok<\/li>\n<li>Varr\u00e1s n\u00e9lk\u00fcli el\u00fcls\u0151 r\u00e9sz<\/li>\n<li>Varr\u00e1s a leggings h\u00e1ts\u00f3 r\u00e9sz\u00e9n<\/li>\n<li>Sz\u00e9les der\u00e9kp\u00e1nt, amely kiemeli a derekat<\/li>\n<li>3D Peach Pump log\u00f3 a leggings elej\u00e9n \u00e9s h\u00e1tulj\u00e1n<\/li>\n<li>Nedvess\u00e9gelvezet\u0151 anyag<\/li>\n<\/ul>\n<p>Anyag\u00f6sszet\u00e9tel: elaszt\u00e1n \u00e9s poli\u00e9szter<\/p>\n<p>A leggings k\u00edm\u00e9l\u0151 mos\u00e1ssal, legfeljebb 30 fokon moshat\u00f3. K\u00e9rj\u00fck, a tiszt\u00edt\u00e1s sor\u00e1n ne haszn\u00e1ljon feh\u00e9r\u00edt\u0151t vagy vegyi tiszt\u00edt\u00f3szereket.<\/p>\n<p>A k\u00e9pen l\u00e1that\u00f3 modell 178 cm magas, 57 kg s\u00faly\u00fa \u00e9s M-es m\u00e9retet visel.<\/p>\n<p>A megfelel\u0151 m\u00e9ret pontos kiv\u00e1laszt\u00e1s\u00e1hoz, k\u00e9rj\u00fck, tekintse meg a m\u00e9rett\u00e1bl\u00e1zatunkat.<\/p>\n","protected":false},"excerpt":{"rendered":"<p>Fekete n\u0151i leggings letisztult diz\u00e1jnnal, alakform\u00e1l\u00f3 hat\u00e1s n\u00e9lk\u00fcl. A legt\u00f6bb n\u0151 \u00e1ltal kedvelt fazon \u2013 el\u00f6l nincs varr\u00e1s, h\u00e1tul pedig egy diszkr\u00e9t varr\u00e1s fut v\u00e9gig. Rugalmas, ny\u00e1ri anyagb\u00f3l k\u00e9sz\u00fclt, amely finoman k\u00f6veti a test vonalait, a sz\u00e9les der\u00e9kr\u00e9sz pedig kiemeli a derekat. A nadr\u00e1g elej\u00e9n \u00e9s h\u00e1tulj\u00e1n 3D log\u00f3 tal\u00e1lhat\u00f3. A lapos varr\u00e1sok nem irrit\u00e1lnak, [&hellip;]<\/p>\n","protected":false},"featured_media":118812,"comment_status":"open","ping_status":"closed","template":"","meta":[],"product_brand":[],"product_cat":[304,142],"product_tag":[],"class_list":{"0":"post-121268","1":"product","2":"type-product","3":"status-publish","4":"has-post-thumbnail","6":"product_cat-noi-leggings-hosszu","7":"product_cat-noi-sport-leggings-fitnesz","8":"pa_cviat-fekete","9":"pa_razmer-l-hu-2","10":"pa_razmer-m-hu","11":"pa_razmer-s-hu-2","12":"inventories-world","14":"first","15":"instock","16":"taxable","17":"shipping-taxable","18":"purchasable","19":"product-type-variable"},"_links":{"self":[{"href":"https:\/\/staging6.peach-pump.com\/en\/wp-json\/wp\/v2\/product\/121268","targetHints":{"allow":["GET"]}}],"collection":[{"href":"https:\/\/staging6.peach-pump.com\/en\/wp-json\/wp\/v2\/product"}],"about":[{"href":"https:\/\/staging6.peach-pump.com\/en\/wp-json\/wp\/v2\/types\/product"}],"replies":[{"embeddable":true,"href":"https:\/\/staging6.peach-pump.com\/en\/wp-json\/wp\/v2\/comments?post=121268"}],"version-history":[{"count":0,"href":"https:\/\/staging6.peach-pump.com\/en\/wp-json\/wp\/v2\/product\/121268\/revisions"}],"wp:featuredmedia":[{"embeddable":true,"href":"https:\/\/staging6.peach-pump.com\/en\/wp-json\/wp\/v2\/media\/118812"}],"wp:attachment":[{"href":"https:\/\/staging6.peach-pump.com\/en\/wp-json\/wp\/v2\/media?parent=121268"}],"wp:term":[{"taxonomy":"product_brand","embeddable":true,"href":"https:\/\/staging6.peach-pump.com\/en\/wp-json\/wp\/v2\/product_brand?post=121268"},{"taxonomy":"product_cat","embeddable":true,"href":"https:\/\/staging6.peach-pump.com\/en\/wp-json\/wp\/v2\/product_cat?post=121268"},{"taxonomy":"product_tag","embeddable":true,"href":"https:\/\/staging6.peach-pump.com\/en\/wp-json\/wp\/v2\/product_tag?post=121268"}],"curies":[{"name":"wp","href":"https:\/\/api.w.org\/{rel}","templated":true}]}}