{"id":124075,"date":"2025-07-03T15:00:08","date_gmt":"2025-07-03T13:00:08","guid":{"rendered":"https:\/\/staging6.peach-pump.com\/?post_type=product&#038;p=124075"},"modified":"2025-11-01T15:42:13","modified_gmt":"2025-11-01T13:42:13","slug":"feher-sportszoknya-sliccel-es-belso-rovid-leggingsszel-zsebekkel","status":"publish","type":"product","link":"https:\/\/staging6.peach-pump.com\/hu\/products\/feher-sportszoknya-sliccel-es-belso-rovid-leggingsszel-zsebekkel\/","title":{"rendered":"Feh\u00e9r sportszoknya sliccel \u00e9s bels\u0151 r\u00f6vid leggingsszel, zsebekkel"},"content":{"rendered":"<p>Feh\u00e9r sportos szoknya has\u00edt\u00e9kkal \u00e9s als\u00f3 leggings oldals\u00f3 zsebekkel. A szoknya vil\u00e1gossz\u00fcrke cs\u00edkoz\u00e1ssal \u00e9s sz\u00fcrke elasztikus der\u00e9ksz\u00edjjal, h\u00e1tul diszkr\u00e9t &#8220;Peach Pump&#8221; felirattal, valamint el\u00f6l bal oldalon h\u0151re ragasztott log\u00f3val rendelkezik. A modell der\u00e9kp\u00e1ntja a k\u00f6ld\u00f6k felett \u00e9s a l\u00e1bakat meghosszabb\u00edt\u00f3 has\u00edt\u00e9kkal rendelkezik , m\u00edg a szoknya alatt l\u00e9v\u0151 f\u0171z\u0151 teljes mozg\u00e1sszabads\u00e1got biztos\u00edt, mik\u00f6zben kedvenc sportj\u00e1t \u0171zi. A leggings zsebei m\u00e9lyek, \u00e9s egy telefont is gond n\u00e9lk\u00fcl el tudsz pakolni. A szoknya alkalmas egy s\u00e9t\u00e1ra a parkban, tornateremben, teniszhez vagy r\u00f6plabd\u00e1hoz. A modellt a kollekci\u00f3nkb\u00f3l sz\u00e1rmaz\u00f3, azonos mint\u00e1j\u00fa melltart\u00f3val p\u00e1ros\u00edthatod.     <\/p>\n<ul>\n<li>Magas\u00edtott der\u00e9k<\/li>\n<li>M\u00e9ly slicc<\/li>\n<li>Bels\u0151 r\u00f6vid leggings oldalzsebekkel<\/li>\n<li>Diszkr\u00e9t Peach Pump felirat a der\u00e9kgum\u00edroz\u00e1s h\u00e1ts\u00f3 r\u00e9sz\u00e9n<\/li>\n<li>A szoknya elej\u00e9n h\u0151pr\u00e9selt Peach Pump log\u00f3 tal\u00e1lhat\u00f3<\/li>\n<li>Nedvess\u00e9gelvezet\u0151 anyag<\/li>\n<\/ul>\n<p>Anyag\u00f6sszet\u00e9tel: 70% poli\u00e9szter, 30% elaszt\u00e1n<\/p>\n<p>A sportszoknya k\u00edm\u00e9l\u0151 mos\u00e1ssal, legfeljebb 30 fokon moshat\u00f3. K\u00e9rj\u00fck, a tiszt\u00edt\u00e1s sor\u00e1n ne haszn\u00e1ljon feh\u00e9r\u00edt\u0151t vagy vegyi tiszt\u00edt\u00f3szereket.<\/p>\n<p>A k\u00e9pen l\u00e1that\u00f3 modell 179 m magas, 58 kg s\u00faly\u00fa, \u00e9s M-es m\u00e9retet visel.<\/p>\n","protected":false},"excerpt":{"rendered":"<p>Feh\u00e9r sportos szoknya has\u00edt\u00e9kkal \u00e9s als\u00f3 leggings oldals\u00f3 zsebekkel. A szoknya vil\u00e1gossz\u00fcrke cs\u00edkoz\u00e1ssal \u00e9s sz\u00fcrke elasztikus der\u00e9ksz\u00edjjal, h\u00e1tul diszkr\u00e9t &#8220;Peach Pump&#8221; felirattal, valamint el\u00f6l bal oldalon h\u0151re ragasztott log\u00f3val rendelkezik. A modell der\u00e9kp\u00e1ntja a k\u00f6ld\u00f6k felett \u00e9s a l\u00e1bakat meghosszabb\u00edt\u00f3 has\u00edt\u00e9kkal rendelkezik , m\u00edg a szoknya alatt l\u00e9v\u0151 f\u0171z\u0151 teljes mozg\u00e1sszabads\u00e1got biztos\u00edt, mik\u00f6zben kedvenc sportj\u00e1t [&hellip;]<\/p>\n","protected":false},"featured_media":122549,"comment_status":"open","ping_status":"closed","template":"","meta":[],"product_brand":[],"product_cat":[191,200,1178],"product_tag":[],"class_list":{"0":"post-124075","1":"product","2":"type-product","3":"status-publish","4":"has-post-thumbnail","6":"product_cat-leggings-zsebekkel","7":"product_cat-rovid-noi-leggings","8":"product_cat-sport-ruhak-es-szoknyak","9":"pa_cviat-feher-hu","10":"pa_razmer-l-hu-2","11":"pa_razmer-m-hu","12":"pa_razmer-s-hu-2","13":"inventories-world","15":"first","16":"instock","17":"taxable","18":"shipping-taxable","19":"purchasable","20":"product-type-variable"},"_links":{"self":[{"href":"https:\/\/staging6.peach-pump.com\/hu\/wp-json\/wp\/v2\/product\/124075","targetHints":{"allow":["GET"]}}],"collection":[{"href":"https:\/\/staging6.peach-pump.com\/hu\/wp-json\/wp\/v2\/product"}],"about":[{"href":"https:\/\/staging6.peach-pump.com\/hu\/wp-json\/wp\/v2\/types\/product"}],"replies":[{"embeddable":true,"href":"https:\/\/staging6.peach-pump.com\/hu\/wp-json\/wp\/v2\/comments?post=124075"}],"version-history":[{"count":0,"href":"https:\/\/staging6.peach-pump.com\/hu\/wp-json\/wp\/v2\/product\/124075\/revisions"}],"wp:featuredmedia":[{"embeddable":true,"href":"https:\/\/staging6.peach-pump.com\/hu\/wp-json\/wp\/v2\/media\/122549"}],"wp:attachment":[{"href":"https:\/\/staging6.peach-pump.com\/hu\/wp-json\/wp\/v2\/media?parent=124075"}],"wp:term":[{"taxonomy":"product_brand","embeddable":true,"href":"https:\/\/staging6.peach-pump.com\/hu\/wp-json\/wp\/v2\/product_brand?post=124075"},{"taxonomy":"product_cat","embeddable":true,"href":"https:\/\/staging6.peach-pump.com\/hu\/wp-json\/wp\/v2\/product_cat?post=124075"},{"taxonomy":"product_tag","embeddable":true,"href":"https:\/\/staging6.peach-pump.com\/hu\/wp-json\/wp\/v2\/product_tag?post=124075"}],"curies":[{"name":"wp","href":"https:\/\/api.w.org\/{rel}","templated":true}]}}