{"id":124083,"date":"2025-07-04T12:49:37","date_gmt":"2025-07-04T10:49:37","guid":{"rendered":"https:\/\/staging6.peach-pump.com\/products\/feher-sportmelltarto-v-nyakkivagassal-es-szurke-szegellyel\/"},"modified":"2025-11-07T16:36:58","modified_gmt":"2025-11-07T14:36:58","slug":"feher-sportmelltarto-v-nyakkivagassal-es-szurke-szegellyel","status":"publish","type":"product","link":"https:\/\/staging6.peach-pump.com\/hu\/products\/feher-sportmelltarto-v-nyakkivagassal-es-szurke-szegellyel\/","title":{"rendered":"Feh\u00e9r sportmelltart\u00f3 V-alak\u00fa kiv\u00e1g\u00e1ssal \u00e9s sz\u00fcrke szeg\u00e9llyel"},"content":{"rendered":"<p>Feh\u00e9r sportmelltart\u00f3 V-alak\u00fa kiv\u00e1g\u00e1ssal \u00e9s visszahajthat\u00f3, sz\u00fcrke szeg\u00e9llyel. A modell kivehet\u0151 super push-up szivacsbet\u00e9tekkel rendelkezik. Gyorsan sz\u00e1rad\u00f3, nedvess\u00e9gelvezet\u0151 anyagb\u00f3l k\u00e9sz\u00fclt, amely t\u00f6k\u00e9letes v\u00e1laszt\u00e1s fut\u00e1shoz, fitneszhez, j\u00f3g\u00e1hoz, teniszhez vagy b\u00e1rmely m\u00e1s sporttev\u00e9kenys\u00e9ghez. A mell alatt sz\u00e9les gum\u00edroz\u00e1s biztos\u00edtja a k\u00e9nyelmet \u00e9s a szabad mozg\u00e1st. A diz\u00e1jn rendk\u00edv\u00fcl modern, t\u00f6bb sz\u00ednben el\u00e9rhet\u0151, \u00e9s kiv\u00e1l\u00f3an kombin\u00e1lhat\u00f3 r\u00f6vid szokny\u00e1val vagy leggingsszel. Az elej\u00e9n \u00e9s h\u00e1tulj\u00e1n h\u0151pr\u00e9selt feh\u00e9r log\u00f3 tal\u00e1lhat\u00f3.     <\/p>\n<ul>\n<li>K\u00fcl\u00f6nleges diz\u00e1jn<\/li>\n<li>M\u00e9ly V-nyakkiv\u00e1g\u00e1s<\/li>\n<li>Kivehet\u0151, szuper push-up bet\u00e9tek<\/li>\n<li>Sz\u00e9les gumip\u00e1nt a mellr\u00e9sz alatt<\/li>\n<li>H\u0151pr\u00e9selt Peach Pump log\u00f3 a sportmelltart\u00f3 elej\u00e9n \u00e9s h\u00e1tulj\u00e1n<\/li>\n<li>Nedvess\u00e9gelvezet\u0151 anyag<\/li>\n<\/ul>\n<p>Anyag\u00f6sszet\u00e9tel: 80% poli\u00e9szter, 20% elaszt\u00e1n<\/p>\n<p>A sportmellt\u00e1rt\u00f3 k\u00edm\u00e9l\u0151 mos\u00e1ssal, legfeljebb 30 fokon moshat\u00f3. K\u00e9rj\u00fck, a tiszt\u00edt\u00e1s sor\u00e1n ne haszn\u00e1ljon feh\u00e9r\u00edt\u0151t vagy vegyi tiszt\u00edt\u00f3szereket.<\/p>\n<p>A k\u00e9pen l\u00e1that\u00f3 modell 179 m magas, 58 kg s\u00faly\u00fa, \u00e9s M-es m\u00e9retet visel.<\/p>\n<p>A megfelel\u0151 m\u00e9ret pontos kiv\u00e1laszt\u00e1s\u00e1hoz, k\u00e9rj\u00fck tekintse meg a m\u00e9rett\u00e1bl\u00e1zatunkat.<\/p>\n<p>&nbsp;<\/p>\n","protected":false},"excerpt":{"rendered":"<p>Feh\u00e9r sportmelltart\u00f3 V-alak\u00fa kiv\u00e1g\u00e1ssal \u00e9s visszahajthat\u00f3, sz\u00fcrke szeg\u00e9llyel. A modell kivehet\u0151 super push-up szivacsbet\u00e9tekkel rendelkezik. Gyorsan sz\u00e1rad\u00f3, nedvess\u00e9gelvezet\u0151 anyagb\u00f3l k\u00e9sz\u00fclt, amely t\u00f6k\u00e9letes v\u00e1laszt\u00e1s fut\u00e1shoz, fitneszhez, j\u00f3g\u00e1hoz, teniszhez vagy b\u00e1rmely m\u00e1s sporttev\u00e9kenys\u00e9ghez. A mell alatt sz\u00e9les gum\u00edroz\u00e1s biztos\u00edtja a k\u00e9nyelmet \u00e9s a szabad mozg\u00e1st. A diz\u00e1jn rendk\u00edv\u00fcl modern, t\u00f6bb sz\u00ednben el\u00e9rhet\u0151, \u00e9s kiv\u00e1l\u00f3an kombin\u00e1lhat\u00f3 r\u00f6vid szokny\u00e1val [&hellip;]<\/p>\n","protected":false},"featured_media":123064,"comment_status":"open","ping_status":"closed","template":"","meta":[],"product_brand":[],"product_cat":[356],"product_tag":[],"class_list":{"0":"post-124083","1":"product","2":"type-product","3":"status-publish","4":"has-post-thumbnail","6":"product_cat-sportmelltartok-fitneszhez","7":"pa_cviat-feher-hu","8":"pa_razmer-l-hu-2","9":"pa_razmer-m-hu","10":"pa_razmer-s-hu-2","11":"inventories-world","13":"first","14":"instock","15":"taxable","16":"shipping-taxable","17":"purchasable","18":"product-type-variable"},"_links":{"self":[{"href":"https:\/\/staging6.peach-pump.com\/hu\/wp-json\/wp\/v2\/product\/124083","targetHints":{"allow":["GET"]}}],"collection":[{"href":"https:\/\/staging6.peach-pump.com\/hu\/wp-json\/wp\/v2\/product"}],"about":[{"href":"https:\/\/staging6.peach-pump.com\/hu\/wp-json\/wp\/v2\/types\/product"}],"replies":[{"embeddable":true,"href":"https:\/\/staging6.peach-pump.com\/hu\/wp-json\/wp\/v2\/comments?post=124083"}],"version-history":[{"count":0,"href":"https:\/\/staging6.peach-pump.com\/hu\/wp-json\/wp\/v2\/product\/124083\/revisions"}],"wp:featuredmedia":[{"embeddable":true,"href":"https:\/\/staging6.peach-pump.com\/hu\/wp-json\/wp\/v2\/media\/123064"}],"wp:attachment":[{"href":"https:\/\/staging6.peach-pump.com\/hu\/wp-json\/wp\/v2\/media?parent=124083"}],"wp:term":[{"taxonomy":"product_brand","embeddable":true,"href":"https:\/\/staging6.peach-pump.com\/hu\/wp-json\/wp\/v2\/product_brand?post=124083"},{"taxonomy":"product_cat","embeddable":true,"href":"https:\/\/staging6.peach-pump.com\/hu\/wp-json\/wp\/v2\/product_cat?post=124083"},{"taxonomy":"product_tag","embeddable":true,"href":"https:\/\/staging6.peach-pump.com\/hu\/wp-json\/wp\/v2\/product_tag?post=124083"}],"curies":[{"name":"wp","href":"https:\/\/api.w.org\/{rel}","templated":true}]}}