{"id":124095,"date":"2025-07-04T12:14:27","date_gmt":"2025-07-04T10:14:27","guid":{"rendered":"https:\/\/staging6.peach-pump.com\/?post_type=product&#038;p=124095"},"modified":"2025-11-05T06:59:16","modified_gmt":"2025-11-05T04:59:16","slug":"fekete-sportszoknya-kis-sliccel-es-feher-szegellyel","status":"publish","type":"product","link":"https:\/\/staging6.peach-pump.com\/hu\/products\/fekete-sportszoknya-kis-sliccel-es-feher-szegellyel\/","title":{"rendered":"Fekete sportszoknya kis sliccel \u00e9s feh\u00e9r szeg\u00e9llyel"},"content":{"rendered":"<p>Fekete sportszoknya kis sliccel, feh\u00e9r szeg\u00e9llyel \u00e9s bels\u0151 r\u00f6vid leggings oldalzsebekkel.. A szoknya finom, k\u00e9k kont\u00farszeg\u00e9llyel van d\u00edsz\u00edtve a sz\u00e9l\u00e9n, \u00e9s gum\u00edrozott der\u00e9kr\u00e9sszel rendelkezik, amely kiemeli a derekat. A h\u00e1ts\u00f3 r\u00e9szen Peach Pump felirat tal\u00e1lhat\u00f3, m\u00edg az elej\u00e9n, bal oldalon, h\u0151pr\u00e9selt log\u00f3 d\u00edsz\u00edti. A magas\u00edtott der\u00e9kr\u00e9sz a k\u00f6ld\u00f6k f\u00f6l\u00e9 \u00e9r, form\u00e1lja az alakot, m\u00edg az alatta l\u00e9v\u0151 short teljes mozg\u00e1sszabads\u00e1got biztos\u00edt kedvenc sportod gyakorl\u00e1sa k\u00f6zben. A bels\u0151 r\u00f6vid leggings zsebei m\u00e9lyek, \u00edgy a telefonodat is k\u00f6nnyed\u00e9n elteheted benn\u00fck. A szoknya ide\u00e1lis v\u00e1laszt\u00e1s parkban val\u00f3 s\u00e9t\u00e1hoz, fitneszhez, teniszhez vagy r\u00f6plabd\u00e1hoz. T\u00f6k\u00e9letesen kombin\u00e1lhat\u00f3 kollekci\u00f3nk azonos mint\u00e1zat\u00fa sportmelltart\u00f3ival is.     <\/p>\n<ul>\n<li>Magas\u00edtott der\u00e9k<\/li>\n<li>Diszkr\u00e9t slicc<\/li>\n<li>Bels\u0151 r\u00f6vid leggings oldalzsebekkel<\/li>\n<li>Peach Pump felirat a der\u00e9kgum\u00edroz\u00e1s h\u00e1ts\u00f3 r\u00e9sz\u00e9n<\/li>\n<li>A szoknya elej\u00e9n h\u0151pr\u00e9selt Peach Pump log\u00f3 tal\u00e1lhat\u00f3<\/li>\n<li>Nedvess\u00e9gelvezet\u0151 anyag<\/li>\n<\/ul>\n<p>Anyag\u00f6sszet\u00e9tel: 70% poli\u00e9szter, 30% elaszt\u00e1n<\/p>\n<p>A sportszoknya k\u00edm\u00e9l\u0151 mos\u00e1ssal, legfeljebb 30 fokon moshat\u00f3. K\u00e9rj\u00fck, a tiszt\u00edt\u00e1s sor\u00e1n ne haszn\u00e1ljon feh\u00e9r\u00edt\u0151t vagy vegyi tiszt\u00edt\u00f3szereket.<\/p>\n<p>A k\u00e9pen l\u00e1that\u00f3 modell 179 m magas, 58 kg s\u00faly\u00fa, \u00e9s M-es m\u00e9retet visel.<\/p>\n","protected":false},"excerpt":{"rendered":"<p>Fekete sportszoknya kis sliccel, feh\u00e9r szeg\u00e9llyel \u00e9s bels\u0151 r\u00f6vid leggings oldalzsebekkel.. A szoknya finom, k\u00e9k kont\u00farszeg\u00e9llyel van d\u00edsz\u00edtve a sz\u00e9l\u00e9n, \u00e9s gum\u00edrozott der\u00e9kr\u00e9sszel rendelkezik, amely kiemeli a derekat. A h\u00e1ts\u00f3 r\u00e9szen Peach Pump felirat tal\u00e1lhat\u00f3, m\u00edg az elej\u00e9n, bal oldalon, h\u0151pr\u00e9selt log\u00f3 d\u00edsz\u00edti. A magas\u00edtott der\u00e9kr\u00e9sz a k\u00f6ld\u00f6k f\u00f6l\u00e9 \u00e9r, form\u00e1lja az alakot, m\u00edg az [&hellip;]<\/p>\n","protected":false},"featured_media":122945,"comment_status":"open","ping_status":"closed","template":"","meta":[],"product_brand":[],"product_cat":[191,200,1178],"product_tag":[],"class_list":{"0":"post-124095","1":"product","2":"type-product","3":"status-publish","4":"has-post-thumbnail","6":"product_cat-leggings-zsebekkel","7":"product_cat-rovid-noi-leggings","8":"product_cat-sport-ruhak-es-szoknyak","9":"pa_cviat-fekete","10":"pa_razmer-l-hu-2","11":"pa_razmer-m-hu","12":"pa_razmer-s-hu-2","13":"inventories-world","15":"first","16":"instock","17":"taxable","18":"shipping-taxable","19":"purchasable","20":"product-type-variable"},"_links":{"self":[{"href":"https:\/\/staging6.peach-pump.com\/en\/wp-json\/wp\/v2\/product\/124095","targetHints":{"allow":["GET"]}}],"collection":[{"href":"https:\/\/staging6.peach-pump.com\/en\/wp-json\/wp\/v2\/product"}],"about":[{"href":"https:\/\/staging6.peach-pump.com\/en\/wp-json\/wp\/v2\/types\/product"}],"replies":[{"embeddable":true,"href":"https:\/\/staging6.peach-pump.com\/en\/wp-json\/wp\/v2\/comments?post=124095"}],"version-history":[{"count":0,"href":"https:\/\/staging6.peach-pump.com\/en\/wp-json\/wp\/v2\/product\/124095\/revisions"}],"wp:featuredmedia":[{"embeddable":true,"href":"https:\/\/staging6.peach-pump.com\/en\/wp-json\/wp\/v2\/media\/122945"}],"wp:attachment":[{"href":"https:\/\/staging6.peach-pump.com\/en\/wp-json\/wp\/v2\/media?parent=124095"}],"wp:term":[{"taxonomy":"product_brand","embeddable":true,"href":"https:\/\/staging6.peach-pump.com\/en\/wp-json\/wp\/v2\/product_brand?post=124095"},{"taxonomy":"product_cat","embeddable":true,"href":"https:\/\/staging6.peach-pump.com\/en\/wp-json\/wp\/v2\/product_cat?post=124095"},{"taxonomy":"product_tag","embeddable":true,"href":"https:\/\/staging6.peach-pump.com\/en\/wp-json\/wp\/v2\/product_tag?post=124095"}],"curies":[{"name":"wp","href":"https:\/\/api.w.org\/{rel}","templated":true}]}}