{"id":124138,"date":"2025-07-04T14:21:36","date_gmt":"2025-07-04T12:21:36","guid":{"rendered":"https:\/\/staging6.peach-pump.com\/?post_type=product&#038;p=124138"},"modified":"2025-11-06T11:25:06","modified_gmt":"2025-11-06T09:25:06","slug":"feher-sportmelltarto-keresztpantos-hatkialakitassal","status":"publish","type":"product","link":"https:\/\/staging6.peach-pump.com\/hu\/products\/feher-sportmelltarto-keresztpantos-hatkialakitassal\/","title":{"rendered":"Feh\u00e9r sportmelltart\u00f3 keresztp\u00e1ntos h\u00e1tkialak\u00edt\u00e1ssal"},"content":{"rendered":"<p>Feh\u00e9r sportmelltart\u00f3 keresztp\u00e1ntos h\u00e1tkialak\u00edt\u00e1ssal feh\u00e9r \u00e9s sz\u00fcrke sz\u00ednben. A melltart\u00f3 fazonja enyh\u00e9n kiv\u00e1gott, \u00e9s kivehet\u0151 super push-up bet\u00e9tekkel rendelkezik. Az anyaga rendk\u00edv\u00fcl puha \u00e9s rugalmas, nem tartja vissza a test nedvess\u00e9g\u00e9t, \u00edgy t\u00f6k\u00e9letes v\u00e1laszt\u00e1s fut\u00e1shoz, fitneszhez, j\u00f3g\u00e1hoz, teniszhez vagy b\u00e1rmilyen m\u00e1s sporttev\u00e9kenys\u00e9ghez. A modell diz\u00e1jnja nagyon divatos a ny\u00e1ri id\u0151szakban, t\u00f6bbf\u00e9le sz\u00ednv\u00e1ltozatban is el\u00e9rhet\u0151, \u00e9s r\u00f6vid szokny\u00e1val vagy legginsszel szettk\u00e9nt is j\u00f3l kombin\u00e1lhat\u00f3. A melltart\u00f3 elej\u00e9n h\u0151nyom\u00e1ssal k\u00e9sz\u00fclt sz\u00fcrke log\u00f3 tal\u00e1lhat\u00f3.    <\/p>\n<ul>\n<li>K\u00fcl\u00f6nleges diz\u00e1jn<\/li>\n<li>Keresztp\u00e1ntos h\u00e1tkialak\u00edt\u00e1s<\/li>\n<li>Kivehet\u0151, Super Push-Up modell\u0171 bet\u00e9tek<\/li>\n<li>H\u0151pr\u00e9selt Peach Pump log\u00f3 a sportmelltart\u00f3 elej\u00e9n<\/li>\n<li>Nedvess\u00e9gelvezet\u0151 anyag<\/li>\n<\/ul>\n<p>Anyag\u00f6sszet\u00e9tel: 80% poli\u00e9szter, 20% elaszt\u00e1n<\/p>\n<p>A sportmellt\u00e1rt\u00f3 k\u00edm\u00e9l\u0151 mos\u00e1ssal, legfeljebb 30 fokon moshat\u00f3. K\u00e9rj\u00fck, a tiszt\u00edt\u00e1s sor\u00e1n ne haszn\u00e1ljon feh\u00e9r\u00edt\u0151t vagy vegyi tiszt\u00edt\u00f3szereket.<\/p>\n<p>A k\u00e9pen l\u00e1that\u00f3 modell 179 m magas, 58 kg s\u00faly\u00fa, \u00e9s M-es m\u00e9retet visel.<\/p>\n<p>A megfelel\u0151 m\u00e9ret pontos kiv\u00e1laszt\u00e1s\u00e1hoz, k\u00e9rj\u00fck tekintse meg a m\u00e9rett\u00e1bl\u00e1zatunkat.<\/p>\n","protected":false},"excerpt":{"rendered":"<p>Feh\u00e9r sportmelltart\u00f3 keresztp\u00e1ntos h\u00e1tkialak\u00edt\u00e1ssal feh\u00e9r \u00e9s sz\u00fcrke sz\u00ednben. A melltart\u00f3 fazonja enyh\u00e9n kiv\u00e1gott, \u00e9s kivehet\u0151 super push-up bet\u00e9tekkel rendelkezik. Az anyaga rendk\u00edv\u00fcl puha \u00e9s rugalmas, nem tartja vissza a test nedvess\u00e9g\u00e9t, \u00edgy t\u00f6k\u00e9letes v\u00e1laszt\u00e1s fut\u00e1shoz, fitneszhez, j\u00f3g\u00e1hoz, teniszhez vagy b\u00e1rmilyen m\u00e1s sporttev\u00e9kenys\u00e9ghez. A modell diz\u00e1jnja nagyon divatos a ny\u00e1ri id\u0151szakban, t\u00f6bbf\u00e9le sz\u00ednv\u00e1ltozatban is el\u00e9rhet\u0151, \u00e9s [&hellip;]<\/p>\n","protected":false},"featured_media":128085,"comment_status":"open","ping_status":"closed","template":"","meta":[],"product_brand":[],"product_cat":[356],"product_tag":[],"class_list":{"0":"post-124138","1":"product","2":"type-product","3":"status-publish","4":"has-post-thumbnail","6":"product_cat-sportmelltartok-fitneszhez","7":"pa_cviat-feher-hu","8":"pa_razmer-l-hu-2","9":"pa_razmer-m-hu","10":"pa_razmer-s-hu-2","11":"inventories-world","13":"first","14":"instock","15":"taxable","16":"shipping-taxable","17":"purchasable","18":"product-type-variable"},"_links":{"self":[{"href":"https:\/\/staging6.peach-pump.com\/hu\/wp-json\/wp\/v2\/product\/124138","targetHints":{"allow":["GET"]}}],"collection":[{"href":"https:\/\/staging6.peach-pump.com\/hu\/wp-json\/wp\/v2\/product"}],"about":[{"href":"https:\/\/staging6.peach-pump.com\/hu\/wp-json\/wp\/v2\/types\/product"}],"replies":[{"embeddable":true,"href":"https:\/\/staging6.peach-pump.com\/hu\/wp-json\/wp\/v2\/comments?post=124138"}],"version-history":[{"count":0,"href":"https:\/\/staging6.peach-pump.com\/hu\/wp-json\/wp\/v2\/product\/124138\/revisions"}],"wp:featuredmedia":[{"embeddable":true,"href":"https:\/\/staging6.peach-pump.com\/hu\/wp-json\/wp\/v2\/media\/128085"}],"wp:attachment":[{"href":"https:\/\/staging6.peach-pump.com\/hu\/wp-json\/wp\/v2\/media?parent=124138"}],"wp:term":[{"taxonomy":"product_brand","embeddable":true,"href":"https:\/\/staging6.peach-pump.com\/hu\/wp-json\/wp\/v2\/product_brand?post=124138"},{"taxonomy":"product_cat","embeddable":true,"href":"https:\/\/staging6.peach-pump.com\/hu\/wp-json\/wp\/v2\/product_cat?post=124138"},{"taxonomy":"product_tag","embeddable":true,"href":"https:\/\/staging6.peach-pump.com\/hu\/wp-json\/wp\/v2\/product_tag?post=124138"}],"curies":[{"name":"wp","href":"https:\/\/api.w.org\/{rel}","templated":true}]}}