{"id":126402,"date":"2025-08-02T14:35:31","date_gmt":"2025-08-02T12:35:31","guid":{"rendered":"https:\/\/staging6.peach-pump.com\/products\/fekete-rovid-sport-ruha-also-rovid-leggingsszel-es-feher-szegellyel\/"},"modified":"2025-11-10T17:02:31","modified_gmt":"2025-11-10T15:02:31","slug":"fekete-rovid-sport-ruha-also-rovid-leggingsszel-es-feher-szegellyel","status":"publish","type":"product","link":"https:\/\/staging6.peach-pump.com\/hu\/products\/fekete-rovid-sport-ruha-also-rovid-leggingsszel-es-feher-szegellyel\/","title":{"rendered":"Fekete, r\u00f6vid sport ruha als\u00f3 r\u00f6vid legginsszel \u00e9s feh\u00e9r szeg\u00e9llyel"},"content":{"rendered":"<p>Fekete, r\u00f6vid sport ruha als\u00f3 r\u00f6vid legginsszel \u00e9s feh\u00e9r szeg\u00e9llyel a sz\u00e9leken. A modell kivehet\u0151, emel\u0151 hat\u00e1s\u00fa bet\u00e9tekkel rendelkezik. A ruha der\u00e9kr\u00e9szn\u00e9l kiv\u00e1gott r\u00e9szletekkel k\u00e9sz\u00fclt, amelyek optikailag karcs\u00fas\u00edtj\u00e1k a derekat, \u00e9s homok\u00f3ra alak\u00fa sziluettet eredm\u00e9nyeznek. A fazon r\u00f6videbb kialak\u00edt\u00e1s\u00fa, azonban az als\u00f3 r\u00e9szben tal\u00e1lhat\u00f3 r\u00f6vid leggings teljes mozg\u00e1sszabads\u00e1got biztos\u00edt. A modell t\u00f6k\u00e9letes v\u00e1laszt\u00e1s teniszhez, fitneszhez vagy egy kellemes s\u00e9t\u00e1hoz a parkban \u2013 ebben a ruh\u00e1ban garant\u00e1ltan nem maradsz \u00e9szrev\u00e9tlen.    <\/p>\n<ul>\n<li>R\u00f6vid modell<\/li>\n<li>Als\u00f3 r\u00f6vid leggings<\/li>\n<li>Push-up hat\u00e1s\u00fa szivacsbet\u00e9tek<\/li>\n<li>Feh\u00e9r szeg\u00e9ly<\/li>\n<li>Rugalmas anyag<\/li>\n<li>H\u0151pr\u00e9ssel r\u00f6gz\u00edtett Peach Pump log\u00f3 a h\u00e1toldalon<\/li>\n<li>H\u0151pr\u00e9ssel r\u00f6gz\u00edtett Peach Pump log\u00f3 a ruha elej\u00e9n, a mellr\u00e9sz alatt.<\/li>\n<li>Der\u00e9kr\u00e9szi kiv\u00e1g\u00e1sok<\/li>\n<li>Nedvess\u00e9gelvezet\u0151 anyag<\/li>\n<\/ul>\n<p>Anyag\u00f6sszet\u00e9tel: 80% poli\u00e9szter, 20% elaszt\u00e1n<\/p>\n<p>A ruha k\u00edm\u00e9l\u0151 mos\u00e1ssal, legfeljebb 30 fokon moshat\u00f3. K\u00e9rj\u00fck, a tiszt\u00edt\u00e1s sor\u00e1n ne haszn\u00e1ljon feh\u00e9r\u00edt\u0151t vagy vegyi tiszt\u00edt\u00f3szereket.<\/p>\n<p>A k\u00e9pen l\u00e1that\u00f3 modell 179 cm magas, 60 kg s\u00faly\u00fa \u00e9s M-es m\u00e9retet visel.<\/p>\n<p>A megfelel\u0151 m\u00e9ret pontos kiv\u00e1laszt\u00e1s\u00e1hoz, k\u00e9rj\u00fck, tekintse meg a m\u00e9rett\u00e1bl\u00e1zatunkat.<\/p>\n","protected":false},"excerpt":{"rendered":"<p>Fekete, r\u00f6vid sport ruha als\u00f3 r\u00f6vid legginsszel \u00e9s feh\u00e9r szeg\u00e9llyel a sz\u00e9leken. A modell kivehet\u0151, emel\u0151 hat\u00e1s\u00fa bet\u00e9tekkel rendelkezik. A ruha der\u00e9kr\u00e9szn\u00e9l kiv\u00e1gott r\u00e9szletekkel k\u00e9sz\u00fclt, amelyek optikailag karcs\u00fas\u00edtj\u00e1k a derekat, \u00e9s homok\u00f3ra alak\u00fa sziluettet eredm\u00e9nyeznek. A fazon r\u00f6videbb kialak\u00edt\u00e1s\u00fa, azonban az als\u00f3 r\u00e9szben tal\u00e1lhat\u00f3 r\u00f6vid leggings teljes mozg\u00e1sszabads\u00e1got biztos\u00edt. A modell t\u00f6k\u00e9letes v\u00e1laszt\u00e1s teniszhez, fitneszhez [&hellip;]<\/p>\n","protected":false},"featured_media":125944,"comment_status":"open","ping_status":"closed","template":"","meta":[],"product_brand":[],"product_cat":[357,1178],"product_tag":[],"class_list":{"0":"post-126402","1":"product","2":"type-product","3":"status-publish","4":"has-post-thumbnail","6":"product_cat-noi-sportruhazat","7":"product_cat-sport-ruhak-es-szoknyak","8":"pa_cviat-fekete","9":"pa_razmer-m-hu","10":"pa_razmer-s-hu-2","11":"inventories-world","13":"first","14":"instock","15":"taxable","16":"shipping-taxable","17":"purchasable","18":"product-type-variable"},"_links":{"self":[{"href":"https:\/\/staging6.peach-pump.com\/hu\/wp-json\/wp\/v2\/product\/126402","targetHints":{"allow":["GET"]}}],"collection":[{"href":"https:\/\/staging6.peach-pump.com\/hu\/wp-json\/wp\/v2\/product"}],"about":[{"href":"https:\/\/staging6.peach-pump.com\/hu\/wp-json\/wp\/v2\/types\/product"}],"replies":[{"embeddable":true,"href":"https:\/\/staging6.peach-pump.com\/hu\/wp-json\/wp\/v2\/comments?post=126402"}],"version-history":[{"count":0,"href":"https:\/\/staging6.peach-pump.com\/hu\/wp-json\/wp\/v2\/product\/126402\/revisions"}],"wp:featuredmedia":[{"embeddable":true,"href":"https:\/\/staging6.peach-pump.com\/hu\/wp-json\/wp\/v2\/media\/125944"}],"wp:attachment":[{"href":"https:\/\/staging6.peach-pump.com\/hu\/wp-json\/wp\/v2\/media?parent=126402"}],"wp:term":[{"taxonomy":"product_brand","embeddable":true,"href":"https:\/\/staging6.peach-pump.com\/hu\/wp-json\/wp\/v2\/product_brand?post=126402"},{"taxonomy":"product_cat","embeddable":true,"href":"https:\/\/staging6.peach-pump.com\/hu\/wp-json\/wp\/v2\/product_cat?post=126402"},{"taxonomy":"product_tag","embeddable":true,"href":"https:\/\/staging6.peach-pump.com\/hu\/wp-json\/wp\/v2\/product_tag?post=126402"}],"curies":[{"name":"wp","href":"https:\/\/api.w.org\/{rel}","templated":true}]}}