{"id":127381,"date":"2025-07-29T12:36:56","date_gmt":"2025-07-29T10:36:56","guid":{"rendered":"https:\/\/staging6.peach-pump.com\/products\/rozsaszin-sport-szett-kis-slicces-sportszoknyaval-es-sportmelltartoval\/"},"modified":"2025-11-01T15:21:20","modified_gmt":"2025-11-01T13:21:20","slug":"rozsaszin-sport-szett-kis-slicces-sportszoknyaval-es-sportmelltartoval","status":"publish","type":"product","link":"https:\/\/staging6.peach-pump.com\/hu\/products\/rozsaszin-sport-szett-kis-slicces-sportszoknyaval-es-sportmelltartoval\/","title":{"rendered":"R\u00f3zsasz\u00edn sport szett kis slicces sportszokny\u00e1val \u00e9s sportmelltart\u00f3val"},"content":{"rendered":"<p>R\u00f3zsasz\u00edn sport szett slicces sportszokny\u00e1val \u00e9s oldalzsebes als\u00f3 r\u00f6vid leggingssel. A szoknya sz\u00e9l\u00e9n diszkr\u00e9t r\u00f3zsasz\u00edn szeg\u00e9ly fut v\u00e9gig, a der\u00e9kr\u00e9szt rugalmas gum\u00edroz\u00e1s h\u00fazza \u00f6ssze. H\u00e1tul Peach Pump felirat, el\u00f6l bal oldalon h\u0151pr\u00e9selt log\u00f3 tal\u00e1lhat\u00f3. A modell magas derek\u00fa, kiemeli a sziluettet, m\u00edg a szoknya alatti als\u00f3 r\u00f6vid leggings teljes mozg\u00e1sszabads\u00e1got biztos\u00edt, mik\u00f6zben kedvenc sportj\u00e1t \u0171zi. A leggings m\u00e9ly zsebeiben k\u00e9nyelmesen elf\u00e9r a telefon is.<br \/>A sportmelltart\u00f3 V-kiv\u00e1g\u00e1s\u00fa, feh\u00e9r szeg\u00e9llyel, amely behajthat\u00f3 a provokat\u00edvabb megjelen\u00e9s\u00e9rt. A modell kivehet\u0151 super push-up bet\u00e9tekkel rendelkezik. Az anyag rendk\u00edv\u00fcl puha \u00e9s rugalmas, nem tartja meg a nedvess\u00e9get, ez\u00e9rt ide\u00e1lis fut\u00e1shoz, fitneszhez, j\u00f3g\u00e1hoz, teniszhez vagy m\u00e1s sporttev\u00e9kenys\u00e9ghez. A mellr\u00e9sz alatt sz\u00e9les gum\u00edroz\u00e1s biztos\u00edt k\u00e9nyelmet \u00e9s szabad mozg\u00e1st. El\u00f6l \u00e9s h\u00e1tul sz\u00fcrke h\u0151pr\u00e9selt log\u00f3 d\u00edsz\u00edti. A szett t\u00f6k\u00e9letes v\u00e1laszt\u00e1s parki s\u00e9t\u00e1hoz, fitneszhez, teniszhez vagy r\u00f6plabd\u00e1hoz.         <\/p>\n<p>A sportmellt\u00e1rt\u00f3r\u00f3l:<\/p>\n<ul>\n<li>K\u00fcl\u00f6nleges diz\u00e1jn<\/li>\n<li>M\u00e9ly V-nyakkiv\u00e1g\u00e1s<\/li>\n<li>Kivehet\u0151, szuper push-up bet\u00e9tek<\/li>\n<li>Sz\u00e9les gumip\u00e1nt a mellr\u00e9sz alatt<\/li>\n<li>H\u0151pr\u00e9selt Peach Pump log\u00f3 a sportmelltart\u00f3 elej\u00e9n \u00e9s h\u00e1tulj\u00e1n<\/li>\n<li>Nedvess\u00e9gelvezet\u0151 anyag<\/li>\n<\/ul>\n<p>A sportszokny\u00e1r\u00f3l:<\/p>\n<ul>\n<li>Magas\u00edtott der\u00e9k<\/li>\n<li>Diszkr\u00e9t slicc<\/li>\n<li>Als\u00f3 r\u00f6vid leggings oldalzsebekkel<\/li>\n<li>Peach Pump felirat a der\u00e9kgumi h\u00e1ts\u00f3 r\u00e9sz\u00e9n<\/li>\n<li>H\u0151pr\u00e9selt Peach Pump log\u00f3 a sportszoknya elej\u00e9n<\/li>\n<li>Nedvess\u00e9gelvezet\u0151 anyag<\/li>\n<\/ul>\n<p>Anyag\u00f6sszet\u00e9tel: 70% poli\u00e9szter, 30% elaszt\u00e1n<\/p>\n<p>A sportszoknya \u00e9s a sportmelltart\u00f3 30 fokig moshat\u00f3, k\u00e9rj\u00fck, ne haszn\u00e1ljon feh\u00e9r\u00edt\u0151t vagy vegytiszt\u00edt\u00e1st.<\/p>\n<p>A k\u00e9pen l\u00e1that\u00f3 modell 168 cm magas, 54 kg s\u00faly\u00fa, \u00e9s S-es m\u00e9ret\u0171 szokny\u00e1t S-es m\u00e9ret\u0171 sportmelltart\u00f3t visel.<\/p>\n","protected":false},"excerpt":{"rendered":"<p>R\u00f3zsasz\u00edn sport szett slicces sportszokny\u00e1val \u00e9s oldalzsebes als\u00f3 r\u00f6vid leggingssel. A szoknya sz\u00e9l\u00e9n diszkr\u00e9t r\u00f3zsasz\u00edn szeg\u00e9ly fut v\u00e9gig, a der\u00e9kr\u00e9szt rugalmas gum\u00edroz\u00e1s h\u00fazza \u00f6ssze. H\u00e1tul Peach Pump felirat, el\u00f6l bal oldalon h\u0151pr\u00e9selt log\u00f3 tal\u00e1lhat\u00f3. A modell magas derek\u00fa, kiemeli a sziluettet, m\u00edg a szoknya alatti als\u00f3 r\u00f6vid leggings teljes mozg\u00e1sszabads\u00e1got biztos\u00edt, mik\u00f6zben kedvenc sportj\u00e1t \u0171zi. [&hellip;]<\/p>\n","protected":false},"featured_media":126669,"comment_status":"open","ping_status":"closed","template":"","meta":[],"product_brand":[],"product_cat":[357,358],"product_tag":[],"class_list":{"0":"post-127381","1":"product","2":"type-product","3":"status-publish","4":"has-post-thumbnail","6":"product_cat-noi-sportruhazat","7":"product_cat-rovid-sportruhak-leggings-sportmelltarto","8":"pa_cviat-rozsaszin","9":"inventories-world","11":"first","12":"instock","13":"taxable","14":"shipping-taxable","15":"purchasable","16":"product-type-yith_bundle"},"_links":{"self":[{"href":"https:\/\/staging6.peach-pump.com\/hu\/wp-json\/wp\/v2\/product\/127381","targetHints":{"allow":["GET"]}}],"collection":[{"href":"https:\/\/staging6.peach-pump.com\/hu\/wp-json\/wp\/v2\/product"}],"about":[{"href":"https:\/\/staging6.peach-pump.com\/hu\/wp-json\/wp\/v2\/types\/product"}],"replies":[{"embeddable":true,"href":"https:\/\/staging6.peach-pump.com\/hu\/wp-json\/wp\/v2\/comments?post=127381"}],"version-history":[{"count":0,"href":"https:\/\/staging6.peach-pump.com\/hu\/wp-json\/wp\/v2\/product\/127381\/revisions"}],"wp:featuredmedia":[{"embeddable":true,"href":"https:\/\/staging6.peach-pump.com\/hu\/wp-json\/wp\/v2\/media\/126669"}],"wp:attachment":[{"href":"https:\/\/staging6.peach-pump.com\/hu\/wp-json\/wp\/v2\/media?parent=127381"}],"wp:term":[{"taxonomy":"product_brand","embeddable":true,"href":"https:\/\/staging6.peach-pump.com\/hu\/wp-json\/wp\/v2\/product_brand?post=127381"},{"taxonomy":"product_cat","embeddable":true,"href":"https:\/\/staging6.peach-pump.com\/hu\/wp-json\/wp\/v2\/product_cat?post=127381"},{"taxonomy":"product_tag","embeddable":true,"href":"https:\/\/staging6.peach-pump.com\/hu\/wp-json\/wp\/v2\/product_tag?post=127381"}],"curies":[{"name":"wp","href":"https:\/\/api.w.org\/{rel}","templated":true}]}}