{"id":129518,"date":"2025-09-09T21:41:41","date_gmt":"2025-09-09T19:41:41","guid":{"rendered":"https:\/\/staging6.peach-pump.com\/products\/fekete-sportmelltarto-peach-pump-feliratokkal\/"},"modified":"2025-11-10T16:08:30","modified_gmt":"2025-11-10T14:08:30","slug":"fekete-sportmelltarto-peach-pump-feliratokkal","status":"publish","type":"product","link":"https:\/\/staging6.peach-pump.com\/hu\/products\/fekete-sportmelltarto-peach-pump-feliratokkal\/","title":{"rendered":"Fekete sportmelltart\u00f3 Peach Pump feliratokkal"},"content":{"rendered":"<p>Fekete sportmelltart\u00f3 el\u00f6l feh\u00e9r p\u00e1ntokkal \u00e9s fekete Peach Pump feliratokkal. A modell kivehet\u0151 super push-up bet\u00e9tekkel rendelkezik, a j\u00f3l ismert hat\u00e1ssal, amelyet azoknak a n\u0151knek terveztek, akik magabiztosnak, szexinek \u00e9s st\u00edlusosnak szeretn\u00e9k \u00e9rezni magukat az edz\u0151teremben vagy azon k\u00edv\u00fcl. A rugalmas \u00e9s l\u00e9g\u00e1tereszt\u0151 anyag k\u00e9nyelmet biztos\u00edt, gyorsan elvezeti a nedvess\u00e9get a testt\u0151l, \u00e9s frissen tartja \u00d6nt. A melltart\u00f3 \u00e9rdekes, rugalmas h\u00e1tr\u00e9sszel rendelkezik, t\u00f6bbfokozat\u00fa kapoccsal, a jobb tart\u00e1s \u00e9rdek\u00e9ben edz\u00e9s k\u00f6zben. Alkalmas fitneszhez, j\u00f3g\u00e1hoz, kardi\u00f3hoz, aerob edz\u00e9sekhez vagy mindennapi visel\u00e9shez. T\u00f6bb divatos \u00e9s k\u00f6nnyen kombin\u00e1lhat\u00f3 sz\u00ednben kaphat\u00f3. Ez a Peach Pump sportmelltart\u00f3 modell az \u00faj must-have darab, amelyet hozz\u00e1 kell adnia a ruhat\u00e1r\u00e1hoz.      <\/p>\n<ul>\n<li>Divatos kialak\u00edt\u00e1s<\/li>\n<li>Kivehet\u0151 super push-up bet\u00e9tek<\/li>\n<li>El\u00fcls\u0151 p\u00e1ntok Peach Pump feliratokkal<\/li>\n<li>Peach Pump ny\u00e1ri log\u00f3 a sportmelltart\u00f3 el\u00fcls\u0151 r\u00e9sz\u00e9n<\/li>\n<li>Rugalmas keresztezett h\u00e1tr\u00e9sz<\/li>\n<li>T\u00f6bbfokozat\u00fa, \u00e1ll\u00edthat\u00f3 z\u00e1r\u00f3d\u00e1s<\/li>\n<\/ul>\n<p>Anyag\u00f6sszet\u00e9tel: 80% poli\u00e9szter, 20% elaszt\u00e1n<\/p>\n<p>A sportmellt\u00e1rt\u00f3 k\u00edm\u00e9l\u0151 mos\u00e1ssal, legfeljebb 30 fokon moshat\u00f3. K\u00e9rj\u00fck, a tiszt\u00edt\u00e1s sor\u00e1n ne haszn\u00e1ljon feh\u00e9r\u00edt\u0151t vagy vegyi tiszt\u00edt\u00f3szereket.<\/p>\n<p>A k\u00e9pen l\u00e1that\u00f3 modell 170 cm magas, s\u00falya 50 kg \u00e9s S-es m\u00e9retet visel.<\/p>\n<p>A megfelel\u0151 m\u00e9ret pontos kiv\u00e1laszt\u00e1s\u00e1hoz, k\u00e9rj\u00fck, tekintse meg a m\u00e9rett\u00e1bl\u00e1zatunkat.<\/p>\n","protected":false},"excerpt":{"rendered":"<p>Fekete sportmelltart\u00f3 el\u00f6l feh\u00e9r p\u00e1ntokkal \u00e9s fekete Peach Pump feliratokkal. A modell kivehet\u0151 super push-up bet\u00e9tekkel rendelkezik, a j\u00f3l ismert hat\u00e1ssal, amelyet azoknak a n\u0151knek terveztek, akik magabiztosnak, szexinek \u00e9s st\u00edlusosnak szeretn\u00e9k \u00e9rezni magukat az edz\u0151teremben vagy azon k\u00edv\u00fcl. A rugalmas \u00e9s l\u00e9g\u00e1tereszt\u0151 anyag k\u00e9nyelmet biztos\u00edt, gyorsan elvezeti a nedvess\u00e9get a testt\u0151l, \u00e9s frissen tartja [&hellip;]<\/p>\n","protected":false},"featured_media":128789,"comment_status":"open","ping_status":"closed","template":"","meta":[],"product_brand":[],"product_cat":[356],"product_tag":[],"class_list":{"0":"post-129518","1":"product","2":"type-product","3":"status-publish","4":"has-post-thumbnail","6":"product_cat-sportmelltartok-fitneszhez","7":"pa_cviat-fekete","8":"pa_razmer-l-hu-2","9":"pa_razmer-m-hu","10":"pa_razmer-s-hu-2","11":"inventories-world","13":"first","14":"instock","15":"taxable","16":"shipping-taxable","17":"purchasable","18":"product-type-variable"},"_links":{"self":[{"href":"https:\/\/staging6.peach-pump.com\/en\/wp-json\/wp\/v2\/product\/129518","targetHints":{"allow":["GET"]}}],"collection":[{"href":"https:\/\/staging6.peach-pump.com\/en\/wp-json\/wp\/v2\/product"}],"about":[{"href":"https:\/\/staging6.peach-pump.com\/en\/wp-json\/wp\/v2\/types\/product"}],"replies":[{"embeddable":true,"href":"https:\/\/staging6.peach-pump.com\/en\/wp-json\/wp\/v2\/comments?post=129518"}],"version-history":[{"count":0,"href":"https:\/\/staging6.peach-pump.com\/en\/wp-json\/wp\/v2\/product\/129518\/revisions"}],"wp:featuredmedia":[{"embeddable":true,"href":"https:\/\/staging6.peach-pump.com\/en\/wp-json\/wp\/v2\/media\/128789"}],"wp:attachment":[{"href":"https:\/\/staging6.peach-pump.com\/en\/wp-json\/wp\/v2\/media?parent=129518"}],"wp:term":[{"taxonomy":"product_brand","embeddable":true,"href":"https:\/\/staging6.peach-pump.com\/en\/wp-json\/wp\/v2\/product_brand?post=129518"},{"taxonomy":"product_cat","embeddable":true,"href":"https:\/\/staging6.peach-pump.com\/en\/wp-json\/wp\/v2\/product_cat?post=129518"},{"taxonomy":"product_tag","embeddable":true,"href":"https:\/\/staging6.peach-pump.com\/en\/wp-json\/wp\/v2\/product_tag?post=129518"}],"curies":[{"name":"wp","href":"https:\/\/api.w.org\/{rel}","templated":true}]}}