{"id":131941,"date":"2025-10-04T20:42:09","date_gmt":"2025-10-04T18:42:09","guid":{"rendered":"https:\/\/staging6.peach-pump.com\/products\/zold-vastag-teli-peach-pump-dzseki-kapucnival\/"},"modified":"2025-11-09T16:21:12","modified_gmt":"2025-11-09T14:21:12","slug":"zold-vastag-teli-peach-pump-dzseki-kapucnival","status":"publish","type":"product","link":"https:\/\/staging6.peach-pump.com\/hu\/products\/zold-vastag-teli-peach-pump-dzseki-kapucnival\/","title":{"rendered":"Z\u00f6ld, vastag t\u00e9li Peach Pump dzseki kapucnival"},"content":{"rendered":"<p>Z\u00f6ld, vastag t\u00e9li kapucnis dzseki, el\u00f6l Peach Pump h\u00edmz\u00e9ssel. A modell s\u0171r\u0171 pamutt\u00f6ltettel k\u00e9sz\u00fclt, der\u00e9k alatti szab\u00e1ssal, \u00e1ll\u00edthat\u00f3 als\u00f3 szeg\u00e9llyel \u00e9s rugalmas h\u00faz\u00f3zsin\u00f3rokkal. A mandzsett\u00e1s ujjakon h\u00fcvelykujjny\u00edl\u00e1sok tal\u00e1lhat\u00f3k. K\u00e9t oldals\u00f3, ferde cipz\u00e1ras zseb biztos\u00edtja a praktikus t\u00e1rol\u00e1st. Az el\u00fcls\u0151 cipz\u00e1r rejtett, m\u00e1gneses fed\u00e9llel z\u00e1r\u00f3dik. A kab\u00e1t elej\u00e9n \u00e9s a v\u00e1ll\u00e1n Peach Pump h\u00edmzett log\u00f3 tal\u00e1lhat\u00f3.  <\/p>\n<p>A kab\u00e1t magas gall\u00e9rral \u00e9s \u00e1ll\u00edthat\u00f3 kapucnival rendelkezik a maxim\u00e1lis sz\u00e9lv\u00e9delem \u00e9rdek\u00e9ben , puha z\u00f6ld b\u00e9l\u00e9ssel rendelkezik. Ebben a modellben melegen fogja mag\u00e1t \u00e9rezni, mik\u00f6zben sz\u00e9pnek, magabiztosnak \u00e9s szexinek is fogja \u00e9rezni mag\u00e1t. A dzseki mindennapi viselethez \u00e9s sportos megjelen\u00e9shez egyar\u00e1nt ide\u00e1lis, k\u00f6nnyen kombin\u00e1lhat\u00f3.<\/p>\n<p>St\u00edlus \u00e9s melegs\u00e9g egyben, szeretettel \u00d6nnek tervezve!<\/p>\n<ul>\n<li>Z\u00f6ld, meleg t\u00e9li dzseki 100% pamut t\u00f6ltettel<\/li>\n<li>Kiv\u00e1l\u00f3 min\u0151s\u00e9g<\/li>\n<li>Sz\u00e9l elleni \u00f6sszeh\u00fazhat\u00f3 kapucni<\/li>\n<li>Magas gall\u00e9r<\/li>\n<li>El\u00fcls\u0151 cipz\u00e1r takar\u00f3lappal, amely m\u00e1gnesekkel z\u00e1r\u00f3dik<\/li>\n<li>Oldals\u00f3 cipz\u00e1ras zsebek<\/li>\n<li>H\u00edmzett Peach Pump 3D log\u00f3 az elej\u00e9n \u00e9s a v\u00e1llr\u00e9szen<\/li>\n<li>Maka b\u00e9l\u00e9s<\/li>\n<li>Rugalmas ujjmandzsett\u00e1k h\u00fcvelykujjny\u00edl\u00e1ssal<\/li>\n<li>\u00c1ll\u00edthat\u00f3 als\u00f3 szeg\u00e9ly rugalmas h\u00faz\u00f3zsin\u00f3rokkal, amelyek a der\u00e9kr\u00e9szn\u00e9l \u00f6sszeh\u00fazhat\u00f3k<\/li>\n<\/ul>\n<p>K\u00fcls\u0151 r\u00e9sz \u00f6sszet\u00e9tele: 100% poli\u00e9szter B\u00e9l\u00e9s \u00f6sszet\u00e9tele: 100% pamut<\/p>\n<p>A k\u00e9pen l\u00e1that\u00f3 modell 180 cm magas \u00e9s 58 kg s\u00faly\u00fa \u00e9s S-es m\u00e9retet visel.<\/p>\n<p>K\u00e9rj\u00fck, a term\u00e9k megfelel\u0151 kezel\u00e9se \u00e9rdek\u00e9ben tartsa be a c\u00edmk\u00e9n tal\u00e1lhat\u00f3 utas\u00edt\u00e1sokat.<\/p>\n","protected":false},"excerpt":{"rendered":"<p>Z\u00f6ld, vastag t\u00e9li kapucnis dzseki, el\u00f6l Peach Pump h\u00edmz\u00e9ssel. A modell s\u0171r\u0171 pamutt\u00f6ltettel k\u00e9sz\u00fclt, der\u00e9k alatti szab\u00e1ssal, \u00e1ll\u00edthat\u00f3 als\u00f3 szeg\u00e9llyel \u00e9s rugalmas h\u00faz\u00f3zsin\u00f3rokkal. A mandzsett\u00e1s ujjakon h\u00fcvelykujjny\u00edl\u00e1sok tal\u00e1lhat\u00f3k. K\u00e9t oldals\u00f3, ferde cipz\u00e1ras zseb biztos\u00edtja a praktikus t\u00e1rol\u00e1st. Az el\u00fcls\u0151 cipz\u00e1r rejtett, m\u00e1gneses fed\u00e9llel z\u00e1r\u00f3dik. A kab\u00e1t elej\u00e9n \u00e9s a v\u00e1ll\u00e1n Peach Pump h\u00edmzett log\u00f3 tal\u00e1lhat\u00f3. [&hellip;]<\/p>\n","protected":false},"featured_media":130981,"comment_status":"open","ping_status":"closed","template":"","meta":[],"product_brand":[],"product_cat":[922],"product_tag":[],"class_list":{"0":"post-131941","1":"product","2":"type-product","3":"status-publish","4":"has-post-thumbnail","6":"product_cat-dzsekik","7":"pa_cviat-zold","8":"pa_razmer-m-hu","9":"pa_razmer-s-hu-2","10":"inventories-world","12":"first","13":"instock","14":"taxable","15":"shipping-taxable","16":"purchasable","17":"product-type-variable"},"_links":{"self":[{"href":"https:\/\/staging6.peach-pump.com\/en\/wp-json\/wp\/v2\/product\/131941","targetHints":{"allow":["GET"]}}],"collection":[{"href":"https:\/\/staging6.peach-pump.com\/en\/wp-json\/wp\/v2\/product"}],"about":[{"href":"https:\/\/staging6.peach-pump.com\/en\/wp-json\/wp\/v2\/types\/product"}],"replies":[{"embeddable":true,"href":"https:\/\/staging6.peach-pump.com\/en\/wp-json\/wp\/v2\/comments?post=131941"}],"version-history":[{"count":0,"href":"https:\/\/staging6.peach-pump.com\/en\/wp-json\/wp\/v2\/product\/131941\/revisions"}],"wp:featuredmedia":[{"embeddable":true,"href":"https:\/\/staging6.peach-pump.com\/en\/wp-json\/wp\/v2\/media\/130981"}],"wp:attachment":[{"href":"https:\/\/staging6.peach-pump.com\/en\/wp-json\/wp\/v2\/media?parent=131941"}],"wp:term":[{"taxonomy":"product_brand","embeddable":true,"href":"https:\/\/staging6.peach-pump.com\/en\/wp-json\/wp\/v2\/product_brand?post=131941"},{"taxonomy":"product_cat","embeddable":true,"href":"https:\/\/staging6.peach-pump.com\/en\/wp-json\/wp\/v2\/product_cat?post=131941"},{"taxonomy":"product_tag","embeddable":true,"href":"https:\/\/staging6.peach-pump.com\/en\/wp-json\/wp\/v2\/product_tag?post=131941"}],"curies":[{"name":"wp","href":"https:\/\/api.w.org\/{rel}","templated":true}]}}