{"id":131950,"date":"2025-09-27T12:13:11","date_gmt":"2025-09-27T10:13:11","guid":{"rendered":"https:\/\/staging6.peach-pump.com\/products\/rozsaszin-cipzaras-felso-peach-pump-felirattal\/"},"modified":"2025-11-10T12:06:24","modified_gmt":"2025-11-10T10:06:24","slug":"rozsaszin-cipzaras-felso-peach-pump-felirattal","status":"publish","type":"product","link":"https:\/\/staging6.peach-pump.com\/hu\/products\/rozsaszin-cipzaras-felso-peach-pump-felirattal\/","title":{"rendered":"R\u00f3zsasz\u00edn cipz\u00e1ras fels\u0151 Peach Pump felirattal"},"content":{"rendered":"<p>R\u00f3zsasz\u00edn cipz\u00e1ras fels\u0151 Peach Pump felirattal a teljes hossz\u00e1ban. A modell magas gall\u00e9rral, ujjr\u00e9szen tal\u00e1lhat\u00f3 h\u00fcvelykujjny\u00edl\u00e1sokkal, el\u00fcls\u0151 kenguruzsebbel \u00e9s 3D h\u00edmzett Peach Pump log\u00f3val a v\u00e1llr\u00e9szen rendelkezik. Szab\u00e1sa laza, der\u00e9kr\u00e9szn\u00e9l h\u00faz\u00f3zsin\u00f3rral \u00e1ll\u00edthat\u00f3.<br \/>A fels\u0151 l\u00e9g\u00e1tereszt\u0151 anyagb\u00f3l k\u00e9sz\u00fclt, amely nem tartja vissza a nedvess\u00e9get, \u00edgy ide\u00e1lis fut\u00e1shoz, er\u0151s\u00edt\u0151 vagy anaerob edz\u00e9shez, illetve s\u00e9t\u00e1hoz vagy parkban val\u00f3 visel\u00e9shez. T\u00f6k\u00e9letesen kombin\u00e1lhat\u00f3 egy leggingsszel \u00e9s napellenz\u0151s sapk\u00e1val, hogy teljes legyen a Peach Pump megjelen\u00e9sed.    <\/p>\n<ul>\n<li>Magas cipz\u00e1ras gall\u00e9r Peach Pump felirattal a teljes hossz\u00e1ban<\/li>\n<li>Laza szab\u00e1s<\/li>\n<li>\u00c1ll\u00edthat\u00f3, h\u00faz\u00f3zsin\u00f3ros der\u00e9kr\u00e9sz<\/li>\n<li>El\u00fcls\u0151 zseb<\/li>\n<li>Ujjr\u00e9szen tal\u00e1lhat\u00f3 h\u00fcvelykujjny\u00edl\u00e1sok<\/li>\n<li>3D h\u00edmzett Peach Pump log\u00f3 a v\u00e1llr\u00e9szen<\/li>\n<li>Nedvess\u00e9gelvezet\u0151 anyag<\/li>\n<\/ul>\n<p>Anyag\u00f6sszet\u00e9tel: 74% pamut \/ 20% poli\u00e9szter \/ 6% elaszt\u00e1n<\/p>\n<p>A fels\u0151 legfeljebb 30 \u00b0C-on moshat\u00f3, k\u00e9rj\u00fck ne haszn\u00e1ljon feh\u00e9r\u00edt\u0151t vagy vegytiszt\u00edt\u00e1st.<\/p>\n<p>A k\u00e9pen l\u00e1that\u00f3 modell 170 cm magas, 49 kg s\u00faly\u00fa \u00e9s S-es m\u00e9retet visel.<\/p>\n","protected":false},"excerpt":{"rendered":"<p>R\u00f3zsasz\u00edn cipz\u00e1ras fels\u0151 Peach Pump felirattal a teljes hossz\u00e1ban. A modell magas gall\u00e9rral, ujjr\u00e9szen tal\u00e1lhat\u00f3 h\u00fcvelykujjny\u00edl\u00e1sokkal, el\u00fcls\u0151 kenguruzsebbel \u00e9s 3D h\u00edmzett Peach Pump log\u00f3val a v\u00e1llr\u00e9szen rendelkezik. Szab\u00e1sa laza, der\u00e9kr\u00e9szn\u00e9l h\u00faz\u00f3zsin\u00f3rral \u00e1ll\u00edthat\u00f3.A fels\u0151 l\u00e9g\u00e1tereszt\u0151 anyagb\u00f3l k\u00e9sz\u00fclt, amely nem tartja vissza a nedvess\u00e9get, \u00edgy ide\u00e1lis fut\u00e1shoz, er\u0151s\u00edt\u0151 vagy anaerob edz\u00e9shez, illetve s\u00e9t\u00e1hoz vagy parkban val\u00f3 visel\u00e9shez. [&hellip;]<\/p>\n","protected":false},"featured_media":130157,"comment_status":"open","ping_status":"closed","template":"","meta":[],"product_brand":[],"product_cat":[355,1122],"product_tag":[],"class_list":{"0":"post-131950","1":"product","2":"type-product","3":"status-publish","4":"has-post-thumbnail","6":"product_cat-noi-polo-fitneszhez","7":"product_cat-noi-kapucnis-puloverek-cipzaras","8":"pa_cviat-rozsaszin","9":"pa_razmer-m-hu","10":"pa_razmer-s-hu-2","11":"inventories-world","13":"first","14":"instock","15":"taxable","16":"shipping-taxable","17":"purchasable","18":"product-type-variable"},"_links":{"self":[{"href":"https:\/\/staging6.peach-pump.com\/hu\/wp-json\/wp\/v2\/product\/131950","targetHints":{"allow":["GET"]}}],"collection":[{"href":"https:\/\/staging6.peach-pump.com\/hu\/wp-json\/wp\/v2\/product"}],"about":[{"href":"https:\/\/staging6.peach-pump.com\/hu\/wp-json\/wp\/v2\/types\/product"}],"replies":[{"embeddable":true,"href":"https:\/\/staging6.peach-pump.com\/hu\/wp-json\/wp\/v2\/comments?post=131950"}],"version-history":[{"count":0,"href":"https:\/\/staging6.peach-pump.com\/hu\/wp-json\/wp\/v2\/product\/131950\/revisions"}],"wp:featuredmedia":[{"embeddable":true,"href":"https:\/\/staging6.peach-pump.com\/hu\/wp-json\/wp\/v2\/media\/130157"}],"wp:attachment":[{"href":"https:\/\/staging6.peach-pump.com\/hu\/wp-json\/wp\/v2\/media?parent=131950"}],"wp:term":[{"taxonomy":"product_brand","embeddable":true,"href":"https:\/\/staging6.peach-pump.com\/hu\/wp-json\/wp\/v2\/product_brand?post=131950"},{"taxonomy":"product_cat","embeddable":true,"href":"https:\/\/staging6.peach-pump.com\/hu\/wp-json\/wp\/v2\/product_cat?post=131950"},{"taxonomy":"product_tag","embeddable":true,"href":"https:\/\/staging6.peach-pump.com\/hu\/wp-json\/wp\/v2\/product_tag?post=131950"}],"curies":[{"name":"wp","href":"https:\/\/api.w.org\/{rel}","templated":true}]}}