{"id":134556,"date":"2025-11-05T14:47:03","date_gmt":"2025-11-05T12:47:03","guid":{"rendered":"https:\/\/staging6.peach-pump.com\/products\/fekete-bo-szaru-sportleggings\/"},"modified":"2025-11-10T16:13:06","modified_gmt":"2025-11-10T14:13:06","slug":"fekete-bo-szaru-sportleggings","status":"publish","type":"product","link":"https:\/\/staging6.peach-pump.com\/hu\/products\/fekete-bo-szaru-sportleggings\/","title":{"rendered":"Fekete, b\u0151 sz\u00e1r\u00fa sportleggings"},"content":{"rendered":"<p>Ez a fekete, b\u0151 sz\u00e1r\u00fa, egyenes szab\u00e1s\u00fa sportleggings t\u00f6k\u00e9letes v\u00e1laszt\u00e1s edz\u00e9shez \u00e9s a mindennapokra is. Puha, rugalmas \u00e9s l\u00e9g\u00e1tereszt\u0151 anyagb\u00f3l k\u00e9sz\u00fclt, amely szabad mozg\u00e1st \u00e9s t\u00f6k\u00e9letes illeszked\u00e9st biztos\u00edt, mik\u00f6zben optikailag ny\u00fajtja az alakot. Az anyag gyeng\u00e9d a b\u0151rh\u00f6z, \u00e9s nem \u00e1tl\u00e1tsz\u00f3 m\u00e9g intenz\u00edvebb mozg\u00e1s k\u00f6zben sem. Ide\u00e1lis j\u00f3ga-, pilates-, fitneszedz\u00e9shez vagy s\u00e9t\u00e1hoz \u2013 ez a leggings lesz az \u00faj kedvenc darabod, amely k\u00e9nyelmet \u00e9s magabiztoss\u00e1got ny\u00fajt minden nap.   <\/p>\n<ul>\n<li>Egyenes szab\u00e1s, amely ny\u00fajtja az alakot<\/li>\n<li>Puha, rugalmas \u00e9s l\u00e9g\u00e1tereszt\u0151 anyag<\/li>\n<li>Lapos varr\u00e1sok<\/li>\n<li>El\u00fcls\u0151 varr\u00e1s n\u00e9lk\u00fcli kialak\u00edt\u00e1s<\/li>\n<li>H\u0151pr\u00e9selt, 3D Peach Pump log\u00f3 a der\u00e9kr\u00e9szen \u00e9s a leggings bal el\u00fcls\u0151 oldal\u00e1n<\/li>\n<li>Nedvess\u00e9gelvezet\u0151 anyag<\/li>\n<\/ul>\n<p>Anyag\u00f6sszet\u00e9tel: elaszt\u00e1n \u00e9s poli\u00e9szter<\/p>\n<p>A leggings k\u00edm\u00e9l\u0151 mos\u00e1ssal, legfeljebb 30 fokon moshat\u00f3. K\u00e9rj\u00fck, a tiszt\u00edt\u00e1s sor\u00e1n ne haszn\u00e1ljon feh\u00e9r\u00edt\u0151t vagy vegyi tiszt\u00edt\u00f3szereket.<\/p>\n<p>A k\u00e9pen l\u00e1that\u00f3 modell 165 cm magas, 54 kg, \u00e9s S-es m\u00e9retet visel<\/p>\n<p>A megfelel\u0151 m\u00e9ret pontos kiv\u00e1laszt\u00e1s\u00e1hoz, k\u00e9rj\u00fck, tekintse meg a m\u00e9rett\u00e1bl\u00e1zatunkat.<\/p>\n","protected":false},"excerpt":{"rendered":"<p>Ez a fekete, b\u0151 sz\u00e1r\u00fa, egyenes szab\u00e1s\u00fa sportleggings t\u00f6k\u00e9letes v\u00e1laszt\u00e1s edz\u00e9shez \u00e9s a mindennapokra is. Puha, rugalmas \u00e9s l\u00e9g\u00e1tereszt\u0151 anyagb\u00f3l k\u00e9sz\u00fclt, amely szabad mozg\u00e1st \u00e9s t\u00f6k\u00e9letes illeszked\u00e9st biztos\u00edt, mik\u00f6zben optikailag ny\u00fajtja az alakot. Az anyag gyeng\u00e9d a b\u0151rh\u00f6z, \u00e9s nem \u00e1tl\u00e1tsz\u00f3 m\u00e9g intenz\u00edvebb mozg\u00e1s k\u00f6zben sem. Ide\u00e1lis j\u00f3ga-, pilates-, fitneszedz\u00e9shez vagy s\u00e9t\u00e1hoz \u2013 ez a [&hellip;]<\/p>\n","protected":false},"featured_media":134413,"comment_status":"open","ping_status":"closed","template":"","meta":[],"product_brand":[],"product_cat":[304,142],"product_tag":[],"class_list":{"0":"post-134556","1":"product","2":"type-product","3":"status-publish","4":"has-post-thumbnail","6":"product_cat-noi-leggings-hosszu","7":"product_cat-noi-sport-leggings-fitnesz","8":"pa_cviat-fekete","9":"pa_razmer-l-hu-2","10":"pa_razmer-m-hu","11":"pa_razmer-s-hu-2","12":"inventories-world","14":"first","15":"instock","16":"taxable","17":"shipping-taxable","18":"purchasable","19":"product-type-variable"},"_links":{"self":[{"href":"https:\/\/staging6.peach-pump.com\/hu\/wp-json\/wp\/v2\/product\/134556","targetHints":{"allow":["GET"]}}],"collection":[{"href":"https:\/\/staging6.peach-pump.com\/hu\/wp-json\/wp\/v2\/product"}],"about":[{"href":"https:\/\/staging6.peach-pump.com\/hu\/wp-json\/wp\/v2\/types\/product"}],"replies":[{"embeddable":true,"href":"https:\/\/staging6.peach-pump.com\/hu\/wp-json\/wp\/v2\/comments?post=134556"}],"version-history":[{"count":0,"href":"https:\/\/staging6.peach-pump.com\/hu\/wp-json\/wp\/v2\/product\/134556\/revisions"}],"wp:featuredmedia":[{"embeddable":true,"href":"https:\/\/staging6.peach-pump.com\/hu\/wp-json\/wp\/v2\/media\/134413"}],"wp:attachment":[{"href":"https:\/\/staging6.peach-pump.com\/hu\/wp-json\/wp\/v2\/media?parent=134556"}],"wp:term":[{"taxonomy":"product_brand","embeddable":true,"href":"https:\/\/staging6.peach-pump.com\/hu\/wp-json\/wp\/v2\/product_brand?post=134556"},{"taxonomy":"product_cat","embeddable":true,"href":"https:\/\/staging6.peach-pump.com\/hu\/wp-json\/wp\/v2\/product_cat?post=134556"},{"taxonomy":"product_tag","embeddable":true,"href":"https:\/\/staging6.peach-pump.com\/hu\/wp-json\/wp\/v2\/product_tag?post=134556"}],"curies":[{"name":"wp","href":"https:\/\/api.w.org\/{rel}","templated":true}]}}