{"id":60863,"date":"2023-11-21T13:01:42","date_gmt":"2023-11-21T11:01:42","guid":{"rendered":"https:\/\/staging6.peach-pump.com\/products\/fekete-varrasmentes-leggings-alakformalo-hatassal\/"},"modified":"2025-11-19T19:33:42","modified_gmt":"2025-11-19T17:33:42","slug":"fekete-varrasmentes-leggings-alakformalo-hatassal-2-2","status":"publish","type":"product","link":"https:\/\/staging6.peach-pump.com\/hu\/products\/fekete-varrasmentes-leggings-alakformalo-hatassal-2-2\/","title":{"rendered":"Fekete varr\u00e1smentes leggings alakform\u00e1l\u00f3 hat\u00e1ssal"},"content":{"rendered":"<p>Fekete alakform\u00e1l\u00f3 varr\u00e1smentes leggings, ig\u00e9nyes kidolgoz\u00e1s \u00e9s kiv\u00e1l\u00f3 min\u0151s\u00e9g. A leggings modell innovat\u00edv, varr\u00e1smentes anyagb\u00f3l k\u00e9sz\u00fclt, sz\u00e9les \u00e9s rugalmas der\u00e9kr\u00e9szszel, amely sima \u00e9s stabil illeszked\u00e9st biztos\u00edt edz\u00e9s k\u00f6zben. Kiv\u00e1l\u00f3an alkalmas fitneszhez, fut\u00e1shoz, j\u00f3g\u00e1hoz stb. Ha olyan alakform\u00e1l\u00f3 leggingsszet keres, amelyben k\u00e9nyelmesen \u00e9rezheti mag\u00e1t, akkor ez a modell t\u00f6k\u00e9letes \u00d6n sz\u00e1m\u00e1ra. A kedvenc Peach effektussal rendelkezik, besz\u0151tt Peach Pump felirattal, l\u00e9legz\u0151 anyaggal \u00e9s t\u00f6k\u00e9letesen form\u00e1lja az alakot. Sportmelltart\u00f3val vagy bl\u00fazzal p\u00e1ros\u00edthat\u00f3, a mint\u00e1k megtekinthet\u0151ek az oldalunkon.<\/p>\n<ul>\n<li>Magas\u00edtott der\u00e9k<\/li>\n<li>Varr\u00e1smentes anyag<\/li>\n<li>Kiemeli, form\u00e1lja, elrejti a probl\u00e9m\u00e1s r\u00e9szeket<\/li>\n<li>Der\u00e9kra simul\u00f3 bord\u00e1s k\u00f6t\u00e9s\u0171 der\u00e9ksz\u00edj<\/li>\n<li>Peachy hat\u00e1s<\/li>\n<li>El\u00fcls\u0151 varr\u00e1s n\u00e9lk\u00fcl<\/li>\n<li>H\u0151pr\u00e9ssel r\u00f6gz\u00edtett Peach Pump log\u00f3 a leggings h\u00e1toldal\u00e1n<\/li>\n<li>Besz\u0151tt &#8220;Peach Pump&#8221; felirat a der\u00e9kr\u00e9szen<\/li>\n<li>Kiemelked\u0151 izzads\u00e1gelvezet\u0151 tulajdons\u00e1gokkal rendelkez\u0151 anyag<\/li>\n<\/ul>\n<p>Anyag\u00f6sszet\u00e9tel: 80% poli\u00e9szter, 20% elaszt\u00e1n<\/p>\n<p>A leggings k\u00edm\u00e9l\u0151 mos\u00e1ssal, legfeljebb 30 fokon moshat\u00f3. K\u00e9rj\u00fck, a tiszt\u00edt\u00e1s sor\u00e1n ne haszn\u00e1ljon feh\u00e9r\u00edt\u0151t vagy vegyi tiszt\u00edt\u00f3szereket.<\/p>\n<p>A k\u00e9pen l\u00e1that\u00f3 modell 178 cm magas, 54 kg s\u00faly\u00fa, \u00e9s M-es m\u00e9retet visel.<\/p>\n<p>A pontos m\u00e9ret kiv\u00e1laszt\u00e1s\u00e1hoz, k\u00e9rj\u00fck haszn\u00e1lja a m\u00e9rett\u00e1bl\u00e1zatokat.<\/p>\n","protected":false},"excerpt":{"rendered":"<p>Fekete alakform\u00e1l\u00f3 varr\u00e1smentes leggings, ig\u00e9nyes kidolgoz\u00e1s \u00e9s kiv\u00e1l\u00f3 min\u0151s\u00e9g. A leggings modell innovat\u00edv, varr\u00e1smentes anyagb\u00f3l k\u00e9sz\u00fclt, sz\u00e9les \u00e9s rugalmas der\u00e9kr\u00e9szszel, amely sima \u00e9s stabil illeszked\u00e9st biztos\u00edt edz\u00e9s k\u00f6zben. Kiv\u00e1l\u00f3an alkalmas fitneszhez, fut\u00e1shoz, j\u00f3g\u00e1hoz stb. Ha olyan alakform\u00e1l\u00f3 leggingsszet keres, amelyben k\u00e9nyelmesen \u00e9rezheti mag\u00e1t, akkor ez a modell t\u00f6k\u00e9letes \u00d6n sz\u00e1m\u00e1ra. A kedvenc Peach effektussal rendelkezik, [&hellip;]<\/p>\n","protected":false},"featured_media":59215,"comment_status":"open","ping_status":"closed","template":"","meta":[],"product_brand":[],"product_cat":[304,142],"product_tag":[],"class_list":{"0":"post-60863","1":"product","2":"type-product","3":"status-publish","4":"has-post-thumbnail","6":"product_cat-noi-leggings-hosszu","7":"product_cat-noi-sport-leggings-fitnesz","8":"pa_cviat-fekete","9":"pa_razmer-l-hu-2","10":"pa_razmer-m-hu","11":"pa_razmer-s-hu-2","12":"pa_razmer-xl-hu","13":"inventories-world","14":"inventories-uk","16":"first","17":"instock","18":"taxable","19":"shipping-taxable","20":"purchasable","21":"product-type-variable"},"_links":{"self":[{"href":"https:\/\/staging6.peach-pump.com\/hu\/wp-json\/wp\/v2\/product\/60863","targetHints":{"allow":["GET"]}}],"collection":[{"href":"https:\/\/staging6.peach-pump.com\/hu\/wp-json\/wp\/v2\/product"}],"about":[{"href":"https:\/\/staging6.peach-pump.com\/hu\/wp-json\/wp\/v2\/types\/product"}],"replies":[{"embeddable":true,"href":"https:\/\/staging6.peach-pump.com\/hu\/wp-json\/wp\/v2\/comments?post=60863"}],"version-history":[{"count":0,"href":"https:\/\/staging6.peach-pump.com\/hu\/wp-json\/wp\/v2\/product\/60863\/revisions"}],"wp:featuredmedia":[{"embeddable":true,"href":"https:\/\/staging6.peach-pump.com\/hu\/wp-json\/wp\/v2\/media\/59215"}],"wp:attachment":[{"href":"https:\/\/staging6.peach-pump.com\/hu\/wp-json\/wp\/v2\/media?parent=60863"}],"wp:term":[{"taxonomy":"product_brand","embeddable":true,"href":"https:\/\/staging6.peach-pump.com\/hu\/wp-json\/wp\/v2\/product_brand?post=60863"},{"taxonomy":"product_cat","embeddable":true,"href":"https:\/\/staging6.peach-pump.com\/hu\/wp-json\/wp\/v2\/product_cat?post=60863"},{"taxonomy":"product_tag","embeddable":true,"href":"https:\/\/staging6.peach-pump.com\/hu\/wp-json\/wp\/v2\/product_tag?post=60863"}],"curies":[{"name":"wp","href":"https:\/\/api.w.org\/{rel}","templated":true}]}}