{"id":62148,"date":"2022-09-24T15:52:25","date_gmt":"2022-09-24T13:52:25","guid":{"rendered":"https:\/\/staging6.peach-pump.com\/products\/fekete-varrasmentes-leggings-alakformalo-hatassal\/"},"modified":"2025-11-09T19:52:34","modified_gmt":"2025-11-09T17:52:34","slug":"fekete-varrasmentes-leggings-alakformalo-hatassal-2","status":"publish","type":"product","link":"https:\/\/staging6.peach-pump.com\/hu\/products\/fekete-varrasmentes-leggings-alakformalo-hatassal-2\/","title":{"rendered":"Fekete varr\u00e1smentes leggings alakform\u00e1l\u00f3 hat\u00e1ssal"},"content":{"rendered":"<p>Fekete, varr\u00e1smentes, form\u00e1l\u00f3 leggings, az \u00e1ltalunk nagyon kedvelt Peach Pump hat\u00e1ssal, t\u00f6k\u00e9letesen form\u00e1ja az alakot, k\u00f6nnyeds\u00e9g \u00e9s a k\u00e9nyelem \u00e9rzet\u00e9t kelt\u0151. Varr\u00e1s n\u00e9lk\u00fcli leggings, magas\u00edtott der\u00e9kkal \u00e9s sz\u00e9les der\u00e9ksz\u00edjajal, amellyel t\u00f6k\u00e9letesen k\u00f6rbe\u00f6leli a derek\u00e1t \u00e9s form\u00e1lja a cs\u00edp\u0151t. Ez a modell ide\u00e1lis kardi\u00f3 vagy fitnesz edz\u00e9shez egyar\u00e1nt, ezzel kit\u0171nik a t\u00f6megb\u0151l \u00e9s mindenkit leny\u0171g\u00f6zni fog, a modell p\u00e1ros\u00edthat\u00f3 ugyanilyen mint\u00e1j\u00fa sportmelltart\u00f3val, vagy megn\u00e9zheti a t\u00f6bbi sz\u00ednjavaslatainkat a &#8220;Sport szettek&#8221; oldalon. Az \u00e1gy\u00e9kr\u00e9sz sz\u0171kebb anyagb\u00f3l k\u00e9sz\u00fclt, modell\u00fcnk M-es m\u00e9retet visel.  <\/p>\n<ul>\n<li>Magas\u00edtott der\u00e9kr\u00e9sz<\/li>\n<li>Varr\u00e1smentes anyag<\/li>\n<li>Kiemeli, form\u00e1lja, elrejti a probl\u00e9m\u00e1s r\u00e9szeket<\/li>\n<li>Der\u00e9kra simul\u00f3 bord\u00e1s k\u00f6t\u00e9s\u0171 der\u00e9ksz\u00edj<\/li>\n<li>Peachy hat\u00e1s<\/li>\n<li>Varr\u00e1s n\u00e9lk\u00fcli el\u00fcls\u0151 r\u00e9sz<\/li>\n<li>H\u0151pr\u00e9ssel r\u00f6gz\u00edtett Peach Pump log\u00f3 a leggings h\u00e1toldal\u00e1n<\/li>\n<li>Izzadts\u00e1g elt\u00e1vol\u00edt\u00f3 technol\u00f3gia<\/li>\n<\/ul>\n<p> Anyag\u00f6sszet\u00e9tel: 80% poli\u00e9szter, 20% elaszt\u00e1n. A leggings k\u00edm\u00e9l\u0151 mos\u00e1ssal, legfeljebb 30 fokon moshat\u00f3. K\u00e9rj\u00fck, a tiszt\u00edt\u00e1s sor\u00e1n ne haszn\u00e1ljon feh\u00e9r\u00edt\u0151t vagy vegyi tiszt\u00edt\u00f3szereket. A k\u00e9pen l\u00e1that\u00f3 modell 178 cm magas, 54 kg s\u00faly\u00fa \u00e9s M-es m\u00e9retet visel. A leggings szoros anyagb\u00f3l k\u00e9sz\u00fclt. A pontos m\u00e9ret kiv\u00e1laszt\u00e1s\u00e1hoz, k\u00e9rj\u00fck haszn\u00e1lja a m\u00e9rett\u00e1bl\u00e1zatokat.<\/p>\n","protected":false},"excerpt":{"rendered":"<p>Fekete, varr\u00e1smentes, form\u00e1l\u00f3 leggings, az \u00e1ltalunk nagyon kedvelt Peach Pump hat\u00e1ssal, t\u00f6k\u00e9letesen form\u00e1ja az alakot, k\u00f6nnyeds\u00e9g \u00e9s a k\u00e9nyelem \u00e9rzet\u00e9t kelt\u0151. Varr\u00e1s n\u00e9lk\u00fcli leggings, magas\u00edtott der\u00e9kkal \u00e9s sz\u00e9les der\u00e9ksz\u00edjajal, amellyel t\u00f6k\u00e9letesen k\u00f6rbe\u00f6leli a derek\u00e1t \u00e9s form\u00e1lja a cs\u00edp\u0151t. Ez a modell ide\u00e1lis kardi\u00f3 vagy fitnesz edz\u00e9shez egyar\u00e1nt, ezzel kit\u0171nik a t\u00f6megb\u0151l \u00e9s mindenkit leny\u0171g\u00f6zni fog, [&hellip;]<\/p>\n","protected":false},"featured_media":20501,"comment_status":"open","ping_status":"closed","template":"","meta":[],"product_brand":[],"product_cat":[304,142],"product_tag":[],"class_list":{"0":"post-62148","1":"product","2":"type-product","3":"status-publish","4":"has-post-thumbnail","6":"product_cat-noi-leggings-hosszu","7":"product_cat-noi-sport-leggings-fitnesz","8":"pa_cviat-fekete","9":"pa_razmer-l-hu-2","10":"pa_razmer-m-hu","11":"pa_razmer-s-hu-2","12":"inventories-world","13":"inventories-uk","15":"first","16":"instock","17":"taxable","18":"shipping-taxable","19":"purchasable","20":"product-type-variable"},"_links":{"self":[{"href":"https:\/\/staging6.peach-pump.com\/en\/wp-json\/wp\/v2\/product\/62148","targetHints":{"allow":["GET"]}}],"collection":[{"href":"https:\/\/staging6.peach-pump.com\/en\/wp-json\/wp\/v2\/product"}],"about":[{"href":"https:\/\/staging6.peach-pump.com\/en\/wp-json\/wp\/v2\/types\/product"}],"replies":[{"embeddable":true,"href":"https:\/\/staging6.peach-pump.com\/en\/wp-json\/wp\/v2\/comments?post=62148"}],"version-history":[{"count":0,"href":"https:\/\/staging6.peach-pump.com\/en\/wp-json\/wp\/v2\/product\/62148\/revisions"}],"wp:featuredmedia":[{"embeddable":true,"href":"https:\/\/staging6.peach-pump.com\/en\/wp-json\/wp\/v2\/media\/20501"}],"wp:attachment":[{"href":"https:\/\/staging6.peach-pump.com\/en\/wp-json\/wp\/v2\/media?parent=62148"}],"wp:term":[{"taxonomy":"product_brand","embeddable":true,"href":"https:\/\/staging6.peach-pump.com\/en\/wp-json\/wp\/v2\/product_brand?post=62148"},{"taxonomy":"product_cat","embeddable":true,"href":"https:\/\/staging6.peach-pump.com\/en\/wp-json\/wp\/v2\/product_cat?post=62148"},{"taxonomy":"product_tag","embeddable":true,"href":"https:\/\/staging6.peach-pump.com\/en\/wp-json\/wp\/v2\/product_tag?post=62148"}],"curies":[{"name":"wp","href":"https:\/\/api.w.org\/{rel}","templated":true}]}}