{"id":63961,"date":"2022-09-25T10:55:00","date_gmt":"2022-09-25T08:55:00","guid":{"rendered":"https:\/\/staging6.peach-pump.com\/products\/varras-nelkuli-sportmelltarto-zoldmenta-szinben-beepitett-parnakkal\/"},"modified":"2025-10-13T20:39:03","modified_gmt":"2025-10-13T18:39:03","slug":"varras-nelkuli-sportmelltarto-zoldmenta-szinben-beepitett-parnakkal","status":"publish","type":"product","link":"https:\/\/staging6.peach-pump.com\/hu\/products\/varras-nelkuli-sportmelltarto-zoldmenta-szinben-beepitett-parnakkal\/","title":{"rendered":"Varr\u00e1s n\u00e9lk\u00fcli sportmelltart\u00f3 z\u00f6ldmenta sz\u00ednben, be\u00e9p\u00edtett p\u00e1rn\u00e1kkal"},"content":{"rendered":"<p>Varr\u00e1s n\u00e9lk\u00fcli sportmelltart\u00f3 \u00e1lland\u00f3 be\u00e9p\u00edtett p\u00e1rn\u00e1kkal A modell k\u00f6nny\u0171, nagyon rugalmas, l\u00e9g\u00e1tereszt\u0151 anyagb\u00f3l k\u00e9sz\u00fclt, amely nem okozhat izzad\u00e1st. Ez a sportmelltart\u00f3 ruh\u00e1k alatt is viselhet\u0151, diz\u00e1jnja \u00e9szrev\u00e9tlen, \u00e9s teljes k\u00e9nyelmet \u00e9s mozg\u00e1sszabads\u00e1got biztos\u00edt \u00d6n sz\u00e1m\u00e1ra. A m\u00e9ret univerz\u00e1lis, n\u00e9gy fokozatban \u00e1ll\u00edthat\u00f3 z\u00e1r\u00f3d\u00e1ssal \u00e9s sz\u00e9les gumir\u00e9sszel van ell\u00e1tva. A modell k\u00fcl\u00f6nb\u00f6z\u0151 sz\u00ednekben kaphat\u00f3, ugyanolyan sz\u00edn\u0171 leggingsszel p\u00e1ros\u00edthat\u00f3. N\u00e9zze meg a &#8220;Sportszettek&#8221; men\u00fcpont alatt. <\/p>\n<ul>\n<li> Be\u00e9p\u00edtett p\u00e1rn\u00e1k<\/li>\n<li> Push-Up hat\u00e1s<\/li>\n<li> M\u00e9lyen kiv\u00e1gott h\u00e1tr\u00e9sz<\/li>\n<li> Nagy rugalmass\u00e1g<\/li>\n<li> N\u00e9gy fokos kapcsos bekapcsol\u00e1s<\/li>\n<li> H\u0151pr\u00e9ssel r\u00f6gz\u00edtett Peach Pump log\u00f3 a sportmellt\u00e1rt\u00f3 oldals\u00f3 r\u00e9szen<\/li>\n<li> Izzadts\u00e1g elt\u00e1vol\u00edt\u00f3 technol\u00f3gia<\/li>\n<\/ul>\n<p> Anyag\u00f6sszet\u00e9tel: 80% poli\u00e9szter, 20% elaszt\u00e1n. A sportmellt\u00e1rt\u00f3 k\u00edm\u00e9l\u0151 mos\u00e1ssal, legfeljebb 30 fokon moshat\u00f3. K\u00e9rj\u00fck, a tiszt\u00edt\u00e1s sor\u00e1n ne haszn\u00e1ljon feh\u00e9r\u00edt\u0151t vagy vegyi tiszt\u00edt\u00f3szereket. A k\u00e9pen l\u00e1that\u00f3 modell 178 cm magas, 54 kg s\u00faly\u00fa, \u00e9s M-es m\u00e9retben p\u00f3zol. K\u00e9rj\u00fck, a pontos m\u00e9ret kiv\u00e1laszt\u00e1s\u00e1hoz haszn\u00e1lja a t\u00e1bl\u00e1zatokat.  &nbsp;<\/p>\n","protected":false},"excerpt":{"rendered":"<p>Varr\u00e1s n\u00e9lk\u00fcli sportmelltart\u00f3 \u00e1lland\u00f3 be\u00e9p\u00edtett p\u00e1rn\u00e1kkal A modell k\u00f6nny\u0171, nagyon rugalmas, l\u00e9g\u00e1tereszt\u0151 anyagb\u00f3l k\u00e9sz\u00fclt, amely nem okozhat izzad\u00e1st. Ez a sportmelltart\u00f3 ruh\u00e1k alatt is viselhet\u0151, diz\u00e1jnja \u00e9szrev\u00e9tlen, \u00e9s teljes k\u00e9nyelmet \u00e9s mozg\u00e1sszabads\u00e1got biztos\u00edt \u00d6n sz\u00e1m\u00e1ra. A m\u00e9ret univerz\u00e1lis, n\u00e9gy fokozatban \u00e1ll\u00edthat\u00f3 z\u00e1r\u00f3d\u00e1ssal \u00e9s sz\u00e9les gumir\u00e9sszel van ell\u00e1tva. A modell k\u00fcl\u00f6nb\u00f6z\u0151 sz\u00ednekben kaphat\u00f3, ugyanolyan sz\u00edn\u0171 leggingsszel [&hellip;]<\/p>\n","protected":false},"featured_media":20643,"comment_status":"open","ping_status":"closed","template":"","meta":[],"product_brand":[],"product_cat":[356],"product_tag":[],"class_list":{"0":"post-63961","1":"product","2":"type-product","3":"status-publish","4":"has-post-thumbnail","6":"product_cat-sportmelltartok-fitneszhez","7":"pa_cviat-zold","8":"pa_razmer-l-hu-2","9":"pa_razmer-m-hu","10":"pa_razmer-s-hu-2","11":"inventories-world","12":"inventories-uk","14":"first","15":"instock","16":"taxable","17":"shipping-taxable","18":"purchasable","19":"product-type-variable"},"_links":{"self":[{"href":"https:\/\/staging6.peach-pump.com\/hu\/wp-json\/wp\/v2\/product\/63961","targetHints":{"allow":["GET"]}}],"collection":[{"href":"https:\/\/staging6.peach-pump.com\/hu\/wp-json\/wp\/v2\/product"}],"about":[{"href":"https:\/\/staging6.peach-pump.com\/hu\/wp-json\/wp\/v2\/types\/product"}],"replies":[{"embeddable":true,"href":"https:\/\/staging6.peach-pump.com\/hu\/wp-json\/wp\/v2\/comments?post=63961"}],"version-history":[{"count":0,"href":"https:\/\/staging6.peach-pump.com\/hu\/wp-json\/wp\/v2\/product\/63961\/revisions"}],"wp:featuredmedia":[{"embeddable":true,"href":"https:\/\/staging6.peach-pump.com\/hu\/wp-json\/wp\/v2\/media\/20643"}],"wp:attachment":[{"href":"https:\/\/staging6.peach-pump.com\/hu\/wp-json\/wp\/v2\/media?parent=63961"}],"wp:term":[{"taxonomy":"product_brand","embeddable":true,"href":"https:\/\/staging6.peach-pump.com\/hu\/wp-json\/wp\/v2\/product_brand?post=63961"},{"taxonomy":"product_cat","embeddable":true,"href":"https:\/\/staging6.peach-pump.com\/hu\/wp-json\/wp\/v2\/product_cat?post=63961"},{"taxonomy":"product_tag","embeddable":true,"href":"https:\/\/staging6.peach-pump.com\/hu\/wp-json\/wp\/v2\/product_tag?post=63961"}],"curies":[{"name":"wp","href":"https:\/\/api.w.org\/{rel}","templated":true}]}}