{"id":64446,"date":"2023-03-01T20:40:52","date_gmt":"2023-03-01T18:40:52","guid":{"rendered":"https:\/\/staging6.peach-pump.com\/products\/varrasmentes-noi-leggings-sotet-rozsaszin-korall-szinben\/"},"modified":"2025-11-08T22:51:58","modified_gmt":"2025-11-08T20:51:58","slug":"varrasmentes-noi-leggings-sotet-rozsaszin-korall-szinben","status":"publish","type":"product","link":"https:\/\/staging6.peach-pump.com\/hu\/products\/varrasmentes-noi-leggings-sotet-rozsaszin-korall-szinben\/","title":{"rendered":"Varr\u00e1smentes n\u0151i leggings, s\u00f6t\u00e9t r\u00f3zsasz\u00edn \/korall\/ sz\u00ednben"},"content":{"rendered":"<p>Varr\u00e1smentes, magas derek\u00fa leggings, s\u00f6t\u00e9t r\u00f3zsasz\u00ednben (korall). A modell rugalmas \u00e9s l\u00e9g\u00e1terezt\u0151 anyagb\u00f3l k\u00e9sz\u00fclt, t\u00f6k\u00e9letes Peach Pump alakform\u00e1l\u00f3 hat\u00e1ssal rendelkezik. Alkalmas az aerob \u00e9s anaerob edz\u00e9sekre egyar\u00e1nt. A leggings sz\u00e9les der\u00e9ksz\u00edjjal rendelkezik, amely finoman k\u00f6rbe\u00f6leli a derek\u00e1t \u00e9s form\u00e1lja a cs\u00edp\u0151t, a modell t\u00f6bb gy\u00f6ny\u00f6r\u0171 sz\u00ednben kaphat\u00f3. <\/p>\n<ul>\n<li> Magas\u00edtott der\u00e9kr\u00e9sz<\/li>\n<li> Varr\u00e1smentes anyag<\/li>\n<li> Kiemeli, form\u00e1lja, elrejti a probl\u00e9m\u00e1s r\u00e9szeket<\/li>\n<li> Der\u00e9kra simul\u00f3 bord\u00e1s k\u00f6t\u00e9s\u0171 der\u00e9ksz\u00edj<\/li>\n<li> Peachy hat\u00e1s<\/li>\n<li> Varr\u00e1smentes el\u00fcls\u0151 r\u00e9sz<\/li>\n<li> H\u0151pr\u00e9ssel r\u00f6gz\u00edtett Peach Pump log\u00f3 a leggings h\u00e1toldal\u00e1n<\/li>\n<li> Izzadts\u00e1g elt\u00e1vol\u00edt\u00f3 technol\u00f3gia<\/li>\n<\/ul>\n<p>  \u00d6sszet\u00e9tel 80% poli\u00e9szter 20% spandex A leggings 30 fokig moshat\u00f3, k\u00e9rj\u00fck, ne feh\u00e9r\u00edtse vagy tiszt\u00edtsa sz\u00e1razra A k\u00e9pen l\u00e1that\u00f3 modell 178cm magas, 54kg s\u00faly\u00fa \u00e9s M-es m\u00e9retben p\u00f3zol (a legging sz\u0171kebb anyagb\u00f3l k\u00e9sz\u00fclt) K\u00e9rj\u00fck, a pontos m\u00e9ret kiv\u00e1laszt\u00e1s\u00e1hoz haszn\u00e1lja a t\u00e1bl\u00e1zatokat.  \t\t<div id=\"sbi_mod_error\" >\n\t\t\t<span>This error message is only visible to WordPress admins<\/span><br\/>\n\t\t\t<p><strong>Error: No connected account.<\/strong>\n\t\t\t<p>Please go to the Instagram Feed settings page to connect an account.<\/p>\n\t\t<\/div>\n\t\t<\/p>\n","protected":false},"excerpt":{"rendered":"<p>Varr\u00e1smentes, magas derek\u00fa leggings, s\u00f6t\u00e9t r\u00f3zsasz\u00ednben (korall). A modell rugalmas \u00e9s l\u00e9g\u00e1terezt\u0151 anyagb\u00f3l k\u00e9sz\u00fclt, t\u00f6k\u00e9letes Peach Pump alakform\u00e1l\u00f3 hat\u00e1ssal rendelkezik. Alkalmas az aerob \u00e9s anaerob edz\u00e9sekre egyar\u00e1nt. A leggings sz\u00e9les der\u00e9ksz\u00edjjal rendelkezik, amely finoman k\u00f6rbe\u00f6leli a derek\u00e1t \u00e9s form\u00e1lja a cs\u00edp\u0151t, a modell t\u00f6bb gy\u00f6ny\u00f6r\u0171 sz\u00ednben kaphat\u00f3. Magas\u00edtott der\u00e9kr\u00e9sz Varr\u00e1smentes anyag Kiemeli, form\u00e1lja, elrejti a [&hellip;]<\/p>\n","protected":false},"featured_media":30497,"comment_status":"open","ping_status":"closed","template":"","meta":[],"product_brand":[],"product_cat":[304,142],"product_tag":[],"class_list":{"0":"post-64446","1":"product","2":"type-product","3":"status-publish","4":"has-post-thumbnail","6":"product_cat-noi-leggings-hosszu","7":"product_cat-noi-sport-leggings-fitnesz","8":"pa_cviat-rozsaszin","9":"pa_razmer-l-hu-2","10":"pa_razmer-m-hu","11":"pa_razmer-s-hu-2","12":"inventories-world","13":"inventories-uk","15":"first","16":"instock","17":"taxable","18":"shipping-taxable","19":"purchasable","20":"product-type-variable"},"_links":{"self":[{"href":"https:\/\/staging6.peach-pump.com\/en\/wp-json\/wp\/v2\/product\/64446","targetHints":{"allow":["GET"]}}],"collection":[{"href":"https:\/\/staging6.peach-pump.com\/en\/wp-json\/wp\/v2\/product"}],"about":[{"href":"https:\/\/staging6.peach-pump.com\/en\/wp-json\/wp\/v2\/types\/product"}],"replies":[{"embeddable":true,"href":"https:\/\/staging6.peach-pump.com\/en\/wp-json\/wp\/v2\/comments?post=64446"}],"version-history":[{"count":0,"href":"https:\/\/staging6.peach-pump.com\/en\/wp-json\/wp\/v2\/product\/64446\/revisions"}],"wp:featuredmedia":[{"embeddable":true,"href":"https:\/\/staging6.peach-pump.com\/en\/wp-json\/wp\/v2\/media\/30497"}],"wp:attachment":[{"href":"https:\/\/staging6.peach-pump.com\/en\/wp-json\/wp\/v2\/media?parent=64446"}],"wp:term":[{"taxonomy":"product_brand","embeddable":true,"href":"https:\/\/staging6.peach-pump.com\/en\/wp-json\/wp\/v2\/product_brand?post=64446"},{"taxonomy":"product_cat","embeddable":true,"href":"https:\/\/staging6.peach-pump.com\/en\/wp-json\/wp\/v2\/product_cat?post=64446"},{"taxonomy":"product_tag","embeddable":true,"href":"https:\/\/staging6.peach-pump.com\/en\/wp-json\/wp\/v2\/product_tag?post=64446"}],"curies":[{"name":"wp","href":"https:\/\/api.w.org\/{rel}","templated":true}]}}