{"id":64582,"date":"2023-05-20T20:01:26","date_gmt":"2023-05-20T18:01:26","guid":{"rendered":"https:\/\/staging6.peach-pump.com\/products\/mutatos-trapez-szaru-fekete-leggings\/"},"modified":"2025-11-04T18:38:13","modified_gmt":"2025-11-04T16:38:13","slug":"mutatos-trapez-szaru-fekete-leggings","status":"publish","type":"product","link":"https:\/\/staging6.peach-pump.com\/hu\/products\/mutatos-trapez-szaru-fekete-leggings\/","title":{"rendered":"Mutat\u00f3s, trap\u00e9z sz\u00e1r\u00fa fekete leggings"},"content":{"rendered":"<p>A leg\u00fajabb sl\u00e1ger, fekete sz\u00edn\u0171, tarp\u00e9z sz\u00e1r\u00fa, varr\u00e1smentes legging, amely karcs\u00fav\u00e1 \u00e9s sz\u00e9pp\u00e9 teszi az alakot, m\u00edvel meghosszabb\u00edttja a l\u00e1bakat \u00e9s form\u00e1lja a cs\u00edp\u0151t. Nagyon divatos \u00e9s mutat\u00f3s ebben a szezonban. Kieg\u00e9sz\u00edthet\u0151 egy ugyanolyan sz\u00edn\u0171 sportmelltart\u00f3val. A sport leggings finom bord\u00e1s k\u00f6t\u00e9s\u0171 anyagb\u00f3l k\u00e9sz\u00fclt, nagyon rugalmas \u00e9s l\u00e9g\u00e1tereszt\u0151, nem engedi az izzad\u00e1st. Ezzel a modellel teljes mozg\u00e1sszabads\u00e1ggal rendelkezik.  <\/p>\n<ul>\n<li>Felsliccelt szeg\u00e9ly\u0171, trap\u00e9z sz\u00e1r<\/li>\n<li>Varr\u00e1s n\u00e9lk\u00fcli el\u00fcls\u0151 r\u00e9sz<\/li>\n<li>T\u00f6k\u00e9letesen form\u00e1lja az alakot, ezzel elrejti a probl\u00e9m\u00e1s r\u00e9szeket.<\/li>\n<li>Rugalmas anyag<\/li>\n<li>Peachy hat\u00e1s n\u00e9lk\u00fcl<\/li>\n<li>H\u0151pr\u00e9ssel r\u00f6gz\u00edtett Peach Pump log\u00f3 a leggings h\u00e1toldal\u00e1n<\/li>\n<li>Kiemelked\u0151 izzads\u00e1gelvezet\u0151 tulajdons\u00e1gokkal rendelkez\u0151 anyag<\/li>\n<li>K\u00fcl\u00f6nleges diz\u00e1jn<\/li>\n<li>Magas\u00edtott der\u00e9kr\u00e9sz<\/li>\n<\/ul>\n<p> Anyag\u00f6sszet\u00e9tel: 80% poli\u00e9szter, 20% elaszt\u00e1n. A k\u00e9pen l\u00e1that\u00f3 modell 178 cm magas, 54 kg s\u00faly\u00fa \u00e9s M-es m\u00e9retben p\u00f3zol. A leggings 30 fokig moshat\u00f3 , k\u00e9rj\u00fck ne haszn\u00e1ljon feh\u00e9r\u00edt\u0151t vagy vegytiszt\u00edt\u00e1st.<\/p>\n","protected":false},"excerpt":{"rendered":"<p>A leg\u00fajabb sl\u00e1ger, fekete sz\u00edn\u0171, tarp\u00e9z sz\u00e1r\u00fa, varr\u00e1smentes legging, amely karcs\u00fav\u00e1 \u00e9s sz\u00e9pp\u00e9 teszi az alakot, m\u00edvel meghosszabb\u00edttja a l\u00e1bakat \u00e9s form\u00e1lja a cs\u00edp\u0151t. Nagyon divatos \u00e9s mutat\u00f3s ebben a szezonban. Kieg\u00e9sz\u00edthet\u0151 egy ugyanolyan sz\u00edn\u0171 sportmelltart\u00f3val. A sport leggings finom bord\u00e1s k\u00f6t\u00e9s\u0171 anyagb\u00f3l k\u00e9sz\u00fclt, nagyon rugalmas \u00e9s l\u00e9g\u00e1tereszt\u0151, nem engedi az izzad\u00e1st. Ezzel a modellel [&hellip;]<\/p>\n","protected":false},"featured_media":39412,"comment_status":"open","ping_status":"closed","template":"","meta":[],"product_brand":[],"product_cat":[304,142],"product_tag":[],"class_list":{"0":"post-64582","1":"product","2":"type-product","3":"status-publish","4":"has-post-thumbnail","6":"product_cat-noi-leggings-hosszu","7":"product_cat-noi-sport-leggings-fitnesz","8":"pa_cviat-fekete","9":"pa_razmer-l-hu-2","10":"pa_razmer-m-hu","11":"pa_razmer-s-hu-2","12":"inventories-world","13":"inventories-uk","15":"first","16":"instock","17":"taxable","18":"shipping-taxable","19":"purchasable","20":"product-type-variable"},"_links":{"self":[{"href":"https:\/\/staging6.peach-pump.com\/hu\/wp-json\/wp\/v2\/product\/64582","targetHints":{"allow":["GET"]}}],"collection":[{"href":"https:\/\/staging6.peach-pump.com\/hu\/wp-json\/wp\/v2\/product"}],"about":[{"href":"https:\/\/staging6.peach-pump.com\/hu\/wp-json\/wp\/v2\/types\/product"}],"replies":[{"embeddable":true,"href":"https:\/\/staging6.peach-pump.com\/hu\/wp-json\/wp\/v2\/comments?post=64582"}],"version-history":[{"count":0,"href":"https:\/\/staging6.peach-pump.com\/hu\/wp-json\/wp\/v2\/product\/64582\/revisions"}],"wp:featuredmedia":[{"embeddable":true,"href":"https:\/\/staging6.peach-pump.com\/hu\/wp-json\/wp\/v2\/media\/39412"}],"wp:attachment":[{"href":"https:\/\/staging6.peach-pump.com\/hu\/wp-json\/wp\/v2\/media?parent=64582"}],"wp:term":[{"taxonomy":"product_brand","embeddable":true,"href":"https:\/\/staging6.peach-pump.com\/hu\/wp-json\/wp\/v2\/product_brand?post=64582"},{"taxonomy":"product_cat","embeddable":true,"href":"https:\/\/staging6.peach-pump.com\/hu\/wp-json\/wp\/v2\/product_cat?post=64582"},{"taxonomy":"product_tag","embeddable":true,"href":"https:\/\/staging6.peach-pump.com\/hu\/wp-json\/wp\/v2\/product_tag?post=64582"}],"curies":[{"name":"wp","href":"https:\/\/api.w.org\/{rel}","templated":true}]}}