{"id":65234,"date":"2022-09-19T16:34:44","date_gmt":"2022-09-19T14:34:44","guid":{"rendered":"https:\/\/staging6.peach-pump.com\/products\/varras-nelkuli-ketreszes-sport-szett-sotetkek-szinben\/"},"modified":"2024-12-09T10:05:43","modified_gmt":"2024-12-09T08:05:43","slug":"varras-nelkuli-ketreszes-sport-szett-sotetkek-szinben","status":"publish","type":"product","link":"https:\/\/staging6.peach-pump.com\/hu\/products\/varras-nelkuli-ketreszes-sport-szett-sotetkek-szinben\/","title":{"rendered":"Varr\u00e1s n\u00e9lk\u00fcli, k\u00e9tr\u00e9szes sport szett s\u00f6t\u00e9tk\u00e9k sz\u00ednben"},"content":{"rendered":"<p>N\u0151i, varr\u00e1s n\u00e9lk\u00fcli, k\u00e9tr\u00e9szes sport szett alakform\u00e1l\u00f3 \u00e9s kiemel\u0151 hat\u00e1ssal. A leggings varr\u00e1s n\u00e9lk\u00fcli anyagb\u00f3l k\u00e9sz\u00fclt, magas\u00edtott der\u00e9kkal \u00e9s sz\u00e9les bord\u00e1s k\u00f6t\u00e9s\u0171 der\u00e9ksz\u00edjjal, amely finoman \u00f6sszeh\u00fazza \u00e9s gy\u00f6ny\u00f6r\u0171en form\u00e1lja a cs\u00edp\u0151t. A sportmelltart\u00f3 p\u00e1rn\u00e1zott, m\u00e9lyen kiv\u00e1gott h\u00e1tr\u00e9sszel \u00e9s 4 fokozatban \u00e1ll\u00edthat\u00f3 z\u00e1r\u00f3d\u00e1ssal van ell\u00e1tva, ezzel be\u00e1ll\u00edthatja a mellb\u0151s\u00e9get. Ez a szett t\u00f6k\u00e9letesen illeszkedik a testhez \u00e9s form\u00e1lja az alakot, k\u00e9nyelmes az er\u0151- \u00e9s kardi\u00f3 edz\u00e9sekhez egyar\u00e1nt. A sportmellt\u00e1rt\u00f3r\u00f3l: <\/p>\n<ul>\n<li>Be\u00e9p\u00edtett p\u00e1rn\u00e1k<\/li>\n<li>Push-Up hat\u00e1s<\/li>\n<li>M\u00e9lyen kiv\u00e1gott h\u00e1tr\u00e9sz<\/li>\n<li>Nagy rugalmass\u00e1g<\/li>\n<li>N\u00e9gy fokozatban \u00e1ll\u00edthat\u00f3 z\u00e1r\u00f3d\u00e1s<\/li>\n<li>H\u0151pr\u00e9ssel r\u00f6gz\u00edtett Peach Pump log\u00f3 a sportmellt\u00e1rt\u00f3 oldal\u00e1n.<\/li>\n<li>Izzadts\u00e1g elt\u00e1vol\u00edt\u00f3 technol\u00f3gia<\/li>\n<\/ul>\n<p> A leggingsr\u0151l: <\/p>\n<ul>\n<li>Magas\u00edtott der\u00e9k<\/li>\n<li>Varr\u00e1smentes anyag<\/li>\n<li>Kiemeli, form\u00e1lja, elrejti a probl\u00e9m\u00e1s r\u00e9szeket<\/li>\n<li>Der\u00e9kra simul\u00f3 bord\u00e1s k\u00f6t\u00e9s\u0171 der\u00e9ksz\u00edj<\/li>\n<li>Peachy hat\u00e1s<\/li>\n<li>Varr\u00e1s n\u00e9lk\u00fcli el\u00fcls\u0151 r\u00e9sz<\/li>\n<li>H\u0151pr\u00e9ssel r\u00f6gz\u00edtett Peach Pump log\u00f3 a leggings h\u00e1toldal\u00e1n<\/li>\n<li>Izzadts\u00e1g elt\u00e1vol\u00edt\u00f3 technol\u00f3gia<\/li>\n<\/ul>\n<p> Anyag\u00f6sszet\u00e9tel: 80% poli\u00e9szter, 20% elaszt\u00e1n. A szett k\u00edm\u00e9l\u0151 mos\u00e1ssal, legfeljebb 30 fokon moshat\u00f3. K\u00e9rj\u00fck, a tiszt\u00edt\u00e1s sor\u00e1n ne haszn\u00e1ljon feh\u00e9r\u00edt\u0151t vagy vegyi tiszt\u00edt\u00f3szereket. A k\u00e9pen l\u00e1that\u00f3 modell 178 cm magas, 54 kg s\u00faly\u00fa, a melltart\u00f3 S\/M-es, a leggings M-es m\u00e9retet visel. A pontos m\u00e9ret kiv\u00e1laszt\u00e1s\u00e1hoz, k\u00e9rj\u00fck haszn\u00e1lja a m\u00e9rett\u00e1bl\u00e1zatokat.<\/p>\n","protected":false},"excerpt":{"rendered":"<p>N\u0151i, varr\u00e1s n\u00e9lk\u00fcli, k\u00e9tr\u00e9szes sport szett alakform\u00e1l\u00f3 \u00e9s kiemel\u0151 hat\u00e1ssal. A leggings varr\u00e1s n\u00e9lk\u00fcli anyagb\u00f3l k\u00e9sz\u00fclt, magas\u00edtott der\u00e9kkal \u00e9s sz\u00e9les bord\u00e1s k\u00f6t\u00e9s\u0171 der\u00e9ksz\u00edjjal, amely finoman \u00f6sszeh\u00fazza \u00e9s gy\u00f6ny\u00f6r\u0171en form\u00e1lja a cs\u00edp\u0151t. A sportmelltart\u00f3 p\u00e1rn\u00e1zott, m\u00e9lyen kiv\u00e1gott h\u00e1tr\u00e9sszel \u00e9s 4 fokozatban \u00e1ll\u00edthat\u00f3 z\u00e1r\u00f3d\u00e1ssal van ell\u00e1tva, ezzel be\u00e1ll\u00edthatja a mellb\u0151s\u00e9get. Ez a szett t\u00f6k\u00e9letesen illeszkedik a testhez [&hellip;]<\/p>\n","protected":false},"featured_media":20006,"comment_status":"open","ping_status":"closed","template":"","meta":[],"product_brand":[],"product_cat":[357,359],"product_tag":[],"class_list":{"0":"post-65234","1":"product","2":"type-product","3":"status-publish","4":"has-post-thumbnail","6":"product_cat-noi-sportruhazat","7":"product_cat-szett-leggings-s-portmelltart","8":"pa_cviat-kek","9":"pa_razmer-l-hu-2","10":"pa_razmer-m-hu","11":"pa_razmer-s-hu-2","12":"inventories-world","13":"inventories-uk","15":"first","16":"instock","17":"virtual","18":"taxable","19":"purchasable","20":"product-type-yith_bundle"},"_links":{"self":[{"href":"https:\/\/staging6.peach-pump.com\/hu\/wp-json\/wp\/v2\/product\/65234","targetHints":{"allow":["GET"]}}],"collection":[{"href":"https:\/\/staging6.peach-pump.com\/hu\/wp-json\/wp\/v2\/product"}],"about":[{"href":"https:\/\/staging6.peach-pump.com\/hu\/wp-json\/wp\/v2\/types\/product"}],"replies":[{"embeddable":true,"href":"https:\/\/staging6.peach-pump.com\/hu\/wp-json\/wp\/v2\/comments?post=65234"}],"version-history":[{"count":0,"href":"https:\/\/staging6.peach-pump.com\/hu\/wp-json\/wp\/v2\/product\/65234\/revisions"}],"wp:featuredmedia":[{"embeddable":true,"href":"https:\/\/staging6.peach-pump.com\/hu\/wp-json\/wp\/v2\/media\/20006"}],"wp:attachment":[{"href":"https:\/\/staging6.peach-pump.com\/hu\/wp-json\/wp\/v2\/media?parent=65234"}],"wp:term":[{"taxonomy":"product_brand","embeddable":true,"href":"https:\/\/staging6.peach-pump.com\/hu\/wp-json\/wp\/v2\/product_brand?post=65234"},{"taxonomy":"product_cat","embeddable":true,"href":"https:\/\/staging6.peach-pump.com\/hu\/wp-json\/wp\/v2\/product_cat?post=65234"},{"taxonomy":"product_tag","embeddable":true,"href":"https:\/\/staging6.peach-pump.com\/hu\/wp-json\/wp\/v2\/product_tag?post=65234"}],"curies":[{"name":"wp","href":"https:\/\/api.w.org\/{rel}","templated":true}]}}