{"id":65867,"date":"2022-09-27T10:40:30","date_gmt":"2022-09-27T08:40:30","guid":{"rendered":"https:\/\/staging6.peach-pump.com\/products\/%d0\/"},"modified":"2025-07-24T12:16:49","modified_gmt":"2025-07-24T10:16:49","slug":"bordas-leggings-formalo-kave","status":"publish","type":"product","link":"https:\/\/staging6.peach-pump.com\/hu\/products\/bordas-leggings-formalo-kave\/","title":{"rendered":"Form\u00e1l\u00f3, s\u0171r\u0171n sz\u0151tt bord\u00e1s leggings &#8220;K\u00e1v\u00e9&#8221; sz\u00ednben"},"content":{"rendered":"<p>Varr\u00e1smentes, s\u0171r\u0171n sz\u0151tt bord\u00e1s leggings barna &#8220;K\u00e1v\u00e9&#8221; sz\u00ednben, l\u00e9g\u00e1tereszt\u0151 anyagb\u00f3l Ez a modell bord\u00e1s anyagb\u00f3l k\u00e9sz\u00fclt, magas derek\u00fa, s\u0171r\u0171bb sz\u00f6v\u00e9s\u0171, ide\u00e1lis a hidegebb \u0151szi \u00e9s t\u00e9li napokra. A leggings sz\u00e9les der\u00e9ksz\u00edjal, form\u00e1l\u00f3 \u00e9s kiemel\u0151 hat\u00e1ssal rendelkezik, amelyet a m\u00e1rk\u00e1nk \u00e1ltal nagyon kedvelt. El fog \u00e1mulni ett\u0151l a leggingst\u0151l, a puhas\u00e1g\u00e1t\u00f3l, a melegs\u00e9g\u00e9t\u0151l \u00e9s att\u00f3l, ahogyan form\u00e1lja az alakj\u00e1t. A modell p\u00e1ros\u00edthat\u00f3 bl\u00fazzal vagy melltart\u00f3val, n\u00e9zze meg javaslatainkat.  <\/p>\n<ul>\n<li> Magas\u00edtott der\u00e9kr\u00e9sz<\/li>\n<li> Varr\u00e1s n\u00e9lk\u00fcli, bord\u00e1s k\u00f6t\u00e9s\u0171 anyag<\/li>\n<li> Kiemeli, form\u00e1lja, elrejti a probl\u00e9m\u00e1s r\u00e9szeket<\/li>\n<li> S\u0171r\u0171bb sz\u00f6v\u00e9s\u0171<\/li>\n<li> Der\u00e9kra simul\u00f3 bord\u00e1s k\u00f6t\u00e9s\u0171 der\u00e9ksz\u00edj<\/li>\n<li> Peachy hat\u00e1s<\/li>\n<li> Varr\u00e1smentes el\u00fcls\u0151 r\u00e9sz<\/li>\n<li> H\u0151pr\u00e9ssel r\u00f6gz\u00edtett Peach Pump log\u00f3 a leggings h\u00e1toldal\u00e1n<\/li>\n<li> Kiemelked\u0151 izzads\u00e1gelvezet\u0151 tulajdons\u00e1gokkal rendelkez\u0151 anyag<\/li>\n<\/ul>\n<p> Anyag\u00f6sszet\u00e9tel: 80% poli\u00e9szter, 20% elaszt\u00e1n. A leggings k\u00edm\u00e9l\u0151 mos\u00e1ssal, legfeljebb 30 fokon moshat\u00f3. K\u00e9rj\u00fck, a tiszt\u00edt\u00e1s sor\u00e1n ne haszn\u00e1ljon feh\u00e9r\u00edt\u0151t vagy vegyi tiszt\u00edt\u00f3szereket. A k\u00e9pen l\u00e1that\u00f3 modell 178 cm magas, 54 kg s\u00faly\u00fa \u00e9s M-es m\u00e9retben p\u00f3zol. K\u00e9rj\u00fck, a pontos m\u00e9ret kiv\u00e1laszt\u00e1s\u00e1hoz haszn\u00e1lja a t\u00e1bl\u00e1zatokat.<\/p>\n","protected":false},"excerpt":{"rendered":"<p>Varr\u00e1smentes, s\u0171r\u0171n sz\u0151tt bord\u00e1s leggings barna &#8220;K\u00e1v\u00e9&#8221; sz\u00ednben, l\u00e9g\u00e1tereszt\u0151 anyagb\u00f3l Ez a modell bord\u00e1s anyagb\u00f3l k\u00e9sz\u00fclt, magas derek\u00fa, s\u0171r\u0171bb sz\u00f6v\u00e9s\u0171, ide\u00e1lis a hidegebb \u0151szi \u00e9s t\u00e9li napokra. A leggings sz\u00e9les der\u00e9ksz\u00edjal, form\u00e1l\u00f3 \u00e9s kiemel\u0151 hat\u00e1ssal rendelkezik, amelyet a m\u00e1rk\u00e1nk \u00e1ltal nagyon kedvelt. El fog \u00e1mulni ett\u0151l a leggingst\u0151l, a puhas\u00e1g\u00e1t\u00f3l, a melegs\u00e9g\u00e9t\u0151l \u00e9s att\u00f3l, ahogyan [&hellip;]<\/p>\n","protected":false},"featured_media":20973,"comment_status":"open","ping_status":"closed","template":"","meta":[],"product_brand":[],"product_cat":[304,142],"product_tag":[],"class_list":{"0":"post-65867","1":"product","2":"type-product","3":"status-publish","4":"has-post-thumbnail","6":"product_cat-noi-leggings-hosszu","7":"product_cat-noi-sport-leggings-fitnesz","8":"pa_cviat-barna","9":"pa_razmer-l-hu-2","10":"pa_razmer-m-hu","11":"pa_razmer-s-hu-2","12":"inventories-world","13":"inventories-uk","15":"first","16":"instock","17":"taxable","18":"shipping-taxable","19":"purchasable","20":"product-type-variable"},"_links":{"self":[{"href":"https:\/\/staging6.peach-pump.com\/hu\/wp-json\/wp\/v2\/product\/65867","targetHints":{"allow":["GET"]}}],"collection":[{"href":"https:\/\/staging6.peach-pump.com\/hu\/wp-json\/wp\/v2\/product"}],"about":[{"href":"https:\/\/staging6.peach-pump.com\/hu\/wp-json\/wp\/v2\/types\/product"}],"replies":[{"embeddable":true,"href":"https:\/\/staging6.peach-pump.com\/hu\/wp-json\/wp\/v2\/comments?post=65867"}],"version-history":[{"count":0,"href":"https:\/\/staging6.peach-pump.com\/hu\/wp-json\/wp\/v2\/product\/65867\/revisions"}],"wp:featuredmedia":[{"embeddable":true,"href":"https:\/\/staging6.peach-pump.com\/hu\/wp-json\/wp\/v2\/media\/20973"}],"wp:attachment":[{"href":"https:\/\/staging6.peach-pump.com\/hu\/wp-json\/wp\/v2\/media?parent=65867"}],"wp:term":[{"taxonomy":"product_brand","embeddable":true,"href":"https:\/\/staging6.peach-pump.com\/hu\/wp-json\/wp\/v2\/product_brand?post=65867"},{"taxonomy":"product_cat","embeddable":true,"href":"https:\/\/staging6.peach-pump.com\/hu\/wp-json\/wp\/v2\/product_cat?post=65867"},{"taxonomy":"product_tag","embeddable":true,"href":"https:\/\/staging6.peach-pump.com\/hu\/wp-json\/wp\/v2\/product_tag?post=65867"}],"curies":[{"name":"wp","href":"https:\/\/api.w.org\/{rel}","templated":true}]}}