{"id":66040,"date":"2023-10-28T12:51:09","date_gmt":"2023-10-28T10:51:09","guid":{"rendered":"https:\/\/staging6.peach-pump.com\/products\/fekete-noi-leggings-zsebekkel-es-gyorskioldo-csattal\/"},"modified":"2025-11-09T22:47:10","modified_gmt":"2025-11-09T20:47:10","slug":"fekete-noi-leggings-zsebekkel-es-gyorskioldo-csattal","status":"publish","type":"product","link":"https:\/\/staging6.peach-pump.com\/hu\/products\/fekete-noi-leggings-zsebekkel-es-gyorskioldo-csattal\/","title":{"rendered":"Fekete n\u0151i leggings zsebekkel \u00e9s gyorskiold\u00f3 csattal"},"content":{"rendered":"<p>Fekete n\u0151i leggings zsebekkel \u00e9s gyorskiold\u00f3 csattal puha, rugalmas anyagb\u00f3l, amely t\u00f6k\u00e9letesen form\u00e1lja az alakot. Ez a leggings modell h\u00e1ts\u00f3 gombos zsebekkel \u00e9s oldals\u00f3 gombos zsebbel rendelkezik. Az oldals\u00f3 zseb mutat\u00f3s csatos z\u00e1rral rendelkezik, amely rendk\u00edv\u00fcl \u00e9rdekess\u00e9 teszi a modellt, \u00e9s alkalmas mind az edz\u0151teremben, mind a szabadid\u0151s s\u00e9t\u00e1khoz. Ez a leggings t\u00f6k\u00e9letesen p\u00e1ros\u00edthat\u00f3 a sz\u00e9les k\u00f6r\u0171 Peach Pump kollekci\u00f3j\u00e1b\u00f3l sz\u00e1rmaz\u00f3 sportmellt\u00e1rt\u00f3kkal, fels\u0151kkel \u00e9s kab\u00e1tokkal.<\/p>\n<ul>\n<li> Magas\u00edtott der\u00e9kr\u00e9sz<\/li>\n<li> Peachy hat\u00e1s<\/li>\n<li> H\u0151pr\u00e9ssel r\u00f6gz\u00edtett Peach Pump log\u00f3 a leggings h\u00e1toldal\u00e1n<\/li>\n<li> Technol\u00f3gia a nedvess\u00e9g elt\u00e1vol\u00edt\u00e1s\u00e1ra a testt\u0151l<\/li>\n<li>Zsebek a leggings h\u00e1ts\u00f3 r\u00e9sz\u00e9n<\/li>\n<li>Oldals\u00f3 zseb<\/li>\n<li>Oldals\u00f3 gyorskiold\u00f3 csat<\/li>\n<\/ul>\n<p>Anyag\u00f6sszet\u00e9tel: 80% poli\u00e9szter, 20% elaszt\u00e1n<\/p>\n<p>A leggings k\u00edm\u00e9l\u0151 mos\u00e1ssal, legfeljebb 30 fokon moshat\u00f3. K\u00e9rj\u00fck, a tiszt\u00edt\u00e1s sor\u00e1n ne haszn\u00e1ljon feh\u00e9r\u00edt\u0151t vagy vegyi tiszt\u00edt\u00f3szereket.<\/p>\n<p>A k\u00e9pen l\u00e1that\u00f3 modell 178 cm magas, 54 kg s\u00faly\u00fa, \u00e9s M-es m\u00e9retet visel.<\/p>\n<p>A pontos m\u00e9ret kiv\u00e1laszt\u00e1s\u00e1hoz, k\u00e9rj\u00fck haszn\u00e1lja a m\u00e9rett\u00e1bl\u00e1zatokat.<\/p>\n","protected":false},"excerpt":{"rendered":"<p>Fekete n\u0151i leggings zsebekkel \u00e9s gyorskiold\u00f3 csattal puha, rugalmas anyagb\u00f3l, amely t\u00f6k\u00e9letesen form\u00e1lja az alakot. Ez a leggings modell h\u00e1ts\u00f3 gombos zsebekkel \u00e9s oldals\u00f3 gombos zsebbel rendelkezik. Az oldals\u00f3 zseb mutat\u00f3s csatos z\u00e1rral rendelkezik, amely rendk\u00edv\u00fcl \u00e9rdekess\u00e9 teszi a modellt, \u00e9s alkalmas mind az edz\u0151teremben, mind a szabadid\u0151s s\u00e9t\u00e1khoz. Ez a leggings t\u00f6k\u00e9letesen p\u00e1ros\u00edthat\u00f3 a [&hellip;]<\/p>\n","protected":false},"featured_media":106488,"comment_status":"open","ping_status":"closed","template":"","meta":[],"product_brand":[],"product_cat":[142,304,191],"product_tag":[],"class_list":{"0":"post-66040","1":"product","2":"type-product","3":"status-publish","4":"has-post-thumbnail","6":"product_cat-noi-sport-leggings-fitnesz","7":"product_cat-noi-leggings-hosszu","8":"product_cat-leggings-zsebekkel","9":"pa_cviat-fekete","10":"pa_razmer-l-hu-2","11":"pa_razmer-m-hu","12":"pa_razmer-s-hu-2","13":"inventories-world","14":"inventories-uk","16":"first","17":"instock","18":"taxable","19":"shipping-taxable","20":"purchasable","21":"product-type-variable"},"_links":{"self":[{"href":"https:\/\/staging6.peach-pump.com\/en\/wp-json\/wp\/v2\/product\/66040","targetHints":{"allow":["GET"]}}],"collection":[{"href":"https:\/\/staging6.peach-pump.com\/en\/wp-json\/wp\/v2\/product"}],"about":[{"href":"https:\/\/staging6.peach-pump.com\/en\/wp-json\/wp\/v2\/types\/product"}],"replies":[{"embeddable":true,"href":"https:\/\/staging6.peach-pump.com\/en\/wp-json\/wp\/v2\/comments?post=66040"}],"version-history":[{"count":0,"href":"https:\/\/staging6.peach-pump.com\/en\/wp-json\/wp\/v2\/product\/66040\/revisions"}],"wp:featuredmedia":[{"embeddable":true,"href":"https:\/\/staging6.peach-pump.com\/en\/wp-json\/wp\/v2\/media\/106488"}],"wp:attachment":[{"href":"https:\/\/staging6.peach-pump.com\/en\/wp-json\/wp\/v2\/media?parent=66040"}],"wp:term":[{"taxonomy":"product_brand","embeddable":true,"href":"https:\/\/staging6.peach-pump.com\/en\/wp-json\/wp\/v2\/product_brand?post=66040"},{"taxonomy":"product_cat","embeddable":true,"href":"https:\/\/staging6.peach-pump.com\/en\/wp-json\/wp\/v2\/product_cat?post=66040"},{"taxonomy":"product_tag","embeddable":true,"href":"https:\/\/staging6.peach-pump.com\/en\/wp-json\/wp\/v2\/product_tag?post=66040"}],"curies":[{"name":"wp","href":"https:\/\/api.w.org\/{rel}","templated":true}]}}