{"id":67076,"date":"2023-05-14T12:41:54","date_gmt":"2023-05-14T10:41:54","guid":{"rendered":"https:\/\/staging6.peach-pump.com\/products\/fekete-cipzaras-sport-felso\/"},"modified":"2025-11-09T21:27:34","modified_gmt":"2025-11-09T19:27:34","slug":"fekete-cipzaras-sport-felso","status":"publish","type":"product","link":"https:\/\/staging6.peach-pump.com\/hu\/products\/fekete-cipzaras-sport-felso\/","title":{"rendered":"Fekete cipz\u00e1ras sport fels\u0151"},"content":{"rendered":"<p>Fekete cipz\u00e1ras sport fels\u0151 puha bord\u00e1s anyagb\u00f3l h\u00fcvelykujj-b\u00fajtat\u00f3val A fels\u0151 dupla cipz\u00e1rral rendelkezik, fels\u0151ruhak\u00e9nt is haszn\u00e1lhat\u00f3. A fels\u0151 alkalmas fitnesz edz\u00e9shez, j\u00f3g\u00e1hoz, teniszhez \u00e9s gyalogl\u00e1shoz. A fleece, amelyb\u0151l k\u00e9sz\u00fclt, l\u00e9legz\u0151 \u00e9s nem hagy izzads\u00e1gnyomokat, ezzel a modellel k\u00e9nyelmesen \u00e9s magabiztosan fogja \u00e9rezni mag\u00e1t.  <\/p>\n<ul>\n<li>Bord\u00e1s k\u00f6t\u00e9s\u0171 anyag<\/li>\n<li>Dupla cipz\u00e1r<\/li>\n<li>Nagy rugalmass\u00e1g<\/li>\n<li>H\u0151pr\u00e9ssel r\u00f6gz\u00edtett Peach Pump log\u00f3 a fels\u0151 el\u00fcls\u0151 r\u00e9szen<\/li>\n<li>Izzadts\u00e1g elt\u00e1vol\u00edt\u00f3 technol\u00f3gia<\/li>\n<\/ul>\n<p>  \u00d6sszet\u00e9tel: 80% poli\u00e9szter 20% spandex A bl\u00faz legfeljebb 30 fokon moshat\u00f3, k\u00e9rj\u00fck, ne feh\u00e9r\u00edtse vagy tiszt\u00edtsa sz\u00e1raz tiszt\u00edt\u00e1ssal. A k\u00e9pen l\u00e1that\u00f3 modell 178 cm magas, 54 kg s\u00faly\u00fa \u00e9s S m\u00e9retben p\u00f3zol. K\u00e9rj\u00fck, a pontos m\u00e9ret kiv\u00e1laszt\u00e1s\u00e1hoz haszn\u00e1lja a m\u00e9rett\u00e1bl\u00e1zatot. S mellb\u0151s\u00e9g 80-90cm M mellb\u0151s\u00e9g 90-100cm L mellb\u0151s\u00e9g 100-110cm<\/p>\n","protected":false},"excerpt":{"rendered":"<p>Fekete cipz\u00e1ras sport fels\u0151 puha bord\u00e1s anyagb\u00f3l h\u00fcvelykujj-b\u00fajtat\u00f3val A fels\u0151 dupla cipz\u00e1rral rendelkezik, fels\u0151ruhak\u00e9nt is haszn\u00e1lhat\u00f3. A fels\u0151 alkalmas fitnesz edz\u00e9shez, j\u00f3g\u00e1hoz, teniszhez \u00e9s gyalogl\u00e1shoz. A fleece, amelyb\u0151l k\u00e9sz\u00fclt, l\u00e9legz\u0151 \u00e9s nem hagy izzads\u00e1gnyomokat, ezzel a modellel k\u00e9nyelmesen \u00e9s magabiztosan fogja \u00e9rezni mag\u00e1t. Bord\u00e1s k\u00f6t\u00e9s\u0171 anyag Dupla cipz\u00e1r Nagy rugalmass\u00e1g H\u0151pr\u00e9ssel r\u00f6gz\u00edtett Peach Pump log\u00f3 [&hellip;]<\/p>\n","protected":false},"featured_media":111200,"comment_status":"open","ping_status":"closed","template":"","meta":[],"product_brand":[],"product_cat":[355],"product_tag":[],"class_list":{"0":"post-67076","1":"product","2":"type-product","3":"status-publish","4":"has-post-thumbnail","6":"product_cat-noi-polo-fitneszhez","7":"pa_cviat-fekete","8":"pa_razmer-l-hu-2","9":"pa_razmer-m-hu","10":"pa_razmer-s-hu-2","11":"inventories-world","12":"inventories-uk","14":"first","15":"instock","16":"taxable","17":"shipping-taxable","18":"purchasable","19":"product-type-variable"},"_links":{"self":[{"href":"https:\/\/staging6.peach-pump.com\/en\/wp-json\/wp\/v2\/product\/67076","targetHints":{"allow":["GET"]}}],"collection":[{"href":"https:\/\/staging6.peach-pump.com\/en\/wp-json\/wp\/v2\/product"}],"about":[{"href":"https:\/\/staging6.peach-pump.com\/en\/wp-json\/wp\/v2\/types\/product"}],"replies":[{"embeddable":true,"href":"https:\/\/staging6.peach-pump.com\/en\/wp-json\/wp\/v2\/comments?post=67076"}],"version-history":[{"count":0,"href":"https:\/\/staging6.peach-pump.com\/en\/wp-json\/wp\/v2\/product\/67076\/revisions"}],"wp:featuredmedia":[{"embeddable":true,"href":"https:\/\/staging6.peach-pump.com\/en\/wp-json\/wp\/v2\/media\/111200"}],"wp:attachment":[{"href":"https:\/\/staging6.peach-pump.com\/en\/wp-json\/wp\/v2\/media?parent=67076"}],"wp:term":[{"taxonomy":"product_brand","embeddable":true,"href":"https:\/\/staging6.peach-pump.com\/en\/wp-json\/wp\/v2\/product_brand?post=67076"},{"taxonomy":"product_cat","embeddable":true,"href":"https:\/\/staging6.peach-pump.com\/en\/wp-json\/wp\/v2\/product_cat?post=67076"},{"taxonomy":"product_tag","embeddable":true,"href":"https:\/\/staging6.peach-pump.com\/en\/wp-json\/wp\/v2\/product_tag?post=67076"}],"curies":[{"name":"wp","href":"https:\/\/api.w.org\/{rel}","templated":true}]}}