{"id":67366,"date":"2023-12-13T18:09:39","date_gmt":"2023-12-13T16:09:39","guid":{"rendered":"https:\/\/staging6.peach-pump.com\/products\/%d0\/"},"modified":"2025-06-21T16:09:30","modified_gmt":"2025-06-21T14:09:30","slug":"rozsaszin-teli-sapka","status":"publish","type":"product","link":"https:\/\/staging6.peach-pump.com\/hu\/products\/rozsaszin-teli-sapka\/","title":{"rendered":"R\u00f3zsasz\u00edn beanie t\u00e9li sapka"},"content":{"rendered":"<p>R\u00f3zsasz\u00edn t\u00e9li sapka a Peach Pump kollekci\u00f3b\u00f3l, visszahajtott sz\u00e9llel a nagyobb hideg elleni szigetel\u00e9s \u00e9rdek\u00e9ben \u00e9s felvarrt log\u00f3val ell\u00e1tott b\u0151r c\u00edmke az els\u0151 oldal\u00e1n. Rugalmas kialak\u00edt\u00e1s\u00fa, nagyon puha \u00e9s kellemes tapint\u00e1s\u00fa anyag. A sapka k\u00fcl\u00f6nb\u00f6z\u0151 sz\u00ednekben kaphat\u00f3. Ez a modell t\u00f6k\u00e9letes befejez\u00e9se lesz az \u00f6lt\u00f6z\u00e9k\u00e9nek a hideg napokban.<\/p>\n<p>&nbsp;<\/p>\n","protected":false},"excerpt":{"rendered":"<p>R\u00f3zsasz\u00edn t\u00e9li sapka a Peach Pump kollekci\u00f3b\u00f3l, visszahajtott sz\u00e9llel a nagyobb hideg elleni szigetel\u00e9s \u00e9rdek\u00e9ben \u00e9s felvarrt log\u00f3val ell\u00e1tott b\u0151r c\u00edmke az els\u0151 oldal\u00e1n. Rugalmas kialak\u00edt\u00e1s\u00fa, nagyon puha \u00e9s kellemes tapint\u00e1s\u00fa anyag. A sapka k\u00fcl\u00f6nb\u00f6z\u0151 sz\u00ednekben kaphat\u00f3. Ez a modell t\u00f6k\u00e9letes befejez\u00e9se lesz az \u00f6lt\u00f6z\u00e9k\u00e9nek a hideg napokban. &nbsp;<\/p>\n","protected":false},"featured_media":62609,"comment_status":"open","ping_status":"closed","template":"","meta":[],"product_brand":[],"product_cat":[926],"product_tag":[],"class_list":{"0":"post-67366","1":"product","2":"type-product","3":"status-publish","4":"has-post-thumbnail","6":"product_cat-noi-sport-kiegeszitok","7":"pa_cviat-rozsaszin","8":"pa_razmer-one-size-hu","9":"inventories-world","10":"inventories-uk","12":"first","13":"instock","14":"taxable","15":"shipping-taxable","16":"purchasable","17":"product-type-variable"},"_links":{"self":[{"href":"https:\/\/staging6.peach-pump.com\/hu\/wp-json\/wp\/v2\/product\/67366","targetHints":{"allow":["GET"]}}],"collection":[{"href":"https:\/\/staging6.peach-pump.com\/hu\/wp-json\/wp\/v2\/product"}],"about":[{"href":"https:\/\/staging6.peach-pump.com\/hu\/wp-json\/wp\/v2\/types\/product"}],"replies":[{"embeddable":true,"href":"https:\/\/staging6.peach-pump.com\/hu\/wp-json\/wp\/v2\/comments?post=67366"}],"version-history":[{"count":0,"href":"https:\/\/staging6.peach-pump.com\/hu\/wp-json\/wp\/v2\/product\/67366\/revisions"}],"wp:featuredmedia":[{"embeddable":true,"href":"https:\/\/staging6.peach-pump.com\/hu\/wp-json\/wp\/v2\/media\/62609"}],"wp:attachment":[{"href":"https:\/\/staging6.peach-pump.com\/hu\/wp-json\/wp\/v2\/media?parent=67366"}],"wp:term":[{"taxonomy":"product_brand","embeddable":true,"href":"https:\/\/staging6.peach-pump.com\/hu\/wp-json\/wp\/v2\/product_brand?post=67366"},{"taxonomy":"product_cat","embeddable":true,"href":"https:\/\/staging6.peach-pump.com\/hu\/wp-json\/wp\/v2\/product_cat?post=67366"},{"taxonomy":"product_tag","embeddable":true,"href":"https:\/\/staging6.peach-pump.com\/hu\/wp-json\/wp\/v2\/product_tag?post=67366"}],"curies":[{"name":"wp","href":"https:\/\/api.w.org\/{rel}","templated":true}]}}