{"id":67591,"date":"2023-08-04T10:14:59","date_gmt":"2023-08-04T08:14:59","guid":{"rendered":"https:\/\/staging6.peach-pump.com\/products\/peach-pump-egszinkek-sapka-napellenzovel\/"},"modified":"2025-07-20T13:32:07","modified_gmt":"2025-07-20T11:32:07","slug":"peach-pump-egszinkek-sapka-napellenzovel","status":"publish","type":"product","link":"https:\/\/staging6.peach-pump.com\/hu\/products\/peach-pump-egszinkek-sapka-napellenzovel\/","title":{"rendered":"Peach Pump \u00e9gsz\u00ednk\u00e9k sapka napellenz\u0151vel"},"content":{"rendered":"<p>P\u00e1ros\u00edtsa kedvenc leggings\u00e9t \u00e9s sportmelltart\u00f3j\u00e1t a Peach Pump sz\u00fcrke baseball sapk\u00e1val. A forr\u00f3 ny\u00e1ri h\u00f3napokban t\u00f6k\u00e9letes kieg\u00e9sz\u00edt\u0151je lesz megjelen\u00e9s\u00e9nek, ugyanakkor megv\u00e9di arc\u00e1t a t\u0171z\u0151 napt\u00f3l. A sapka felt\u0171n\u0151, h\u00e1romdimenzi\u00f3s h\u00edmzett mint\u00e1val rendelkezik, feh\u00e9r log\u00f3val, k\u00e9k szeg\u00e9llyel \u00e9s egy motiv\u00e1ci\u00f3s szlogennel: &#8220;Addicted to the PUMP&#8221; . A baseball sapka h\u00e1tul f\u00e9mb\u0151l k\u00e9sz\u00fclt r\u00f6gz\u00edt\u0151vel \u00e1ll\u00edthat\u00f3, a napellenz\u0151 pedig st\u00edlusosan \u00edvelt. Legyen st\u00edlusos \u00e9s k\u00fcl\u00f6nleges ezzel a t\u00f6k\u00e9letes befejez\u0151 elemmel a sportruh\u00e1zat\u00e1hoz.<\/p>\n","protected":false},"excerpt":{"rendered":"<p>P\u00e1ros\u00edtsa kedvenc leggings\u00e9t \u00e9s sportmelltart\u00f3j\u00e1t a Peach Pump sz\u00fcrke baseball sapk\u00e1val. A forr\u00f3 ny\u00e1ri h\u00f3napokban t\u00f6k\u00e9letes kieg\u00e9sz\u00edt\u0151je lesz megjelen\u00e9s\u00e9nek, ugyanakkor megv\u00e9di arc\u00e1t a t\u0171z\u0151 napt\u00f3l. A sapka felt\u0171n\u0151, h\u00e1romdimenzi\u00f3s h\u00edmzett mint\u00e1val rendelkezik, feh\u00e9r log\u00f3val, k\u00e9k szeg\u00e9llyel \u00e9s egy motiv\u00e1ci\u00f3s szlogennel: &#8220;Addicted to the PUMP&#8221; . A baseball sapka h\u00e1tul f\u00e9mb\u0151l k\u00e9sz\u00fclt r\u00f6gz\u00edt\u0151vel \u00e1ll\u00edthat\u00f3, a napellenz\u0151 [&hellip;]<\/p>\n","protected":false},"featured_media":47724,"comment_status":"open","ping_status":"closed","template":"","meta":[],"product_brand":[],"product_cat":[926],"product_tag":[],"class_list":{"0":"post-67591","1":"product","2":"type-product","3":"status-publish","4":"has-post-thumbnail","6":"product_cat-noi-sport-kiegeszitok","7":"pa_cviat-vilagoskek","8":"pa_razmer-one-size-hu","9":"inventories-world","10":"inventories-uk","12":"first","13":"instock","14":"taxable","15":"shipping-taxable","16":"purchasable","17":"product-type-variable"},"_links":{"self":[{"href":"https:\/\/staging6.peach-pump.com\/en\/wp-json\/wp\/v2\/product\/67591","targetHints":{"allow":["GET"]}}],"collection":[{"href":"https:\/\/staging6.peach-pump.com\/en\/wp-json\/wp\/v2\/product"}],"about":[{"href":"https:\/\/staging6.peach-pump.com\/en\/wp-json\/wp\/v2\/types\/product"}],"replies":[{"embeddable":true,"href":"https:\/\/staging6.peach-pump.com\/en\/wp-json\/wp\/v2\/comments?post=67591"}],"version-history":[{"count":0,"href":"https:\/\/staging6.peach-pump.com\/en\/wp-json\/wp\/v2\/product\/67591\/revisions"}],"wp:featuredmedia":[{"embeddable":true,"href":"https:\/\/staging6.peach-pump.com\/en\/wp-json\/wp\/v2\/media\/47724"}],"wp:attachment":[{"href":"https:\/\/staging6.peach-pump.com\/en\/wp-json\/wp\/v2\/media?parent=67591"}],"wp:term":[{"taxonomy":"product_brand","embeddable":true,"href":"https:\/\/staging6.peach-pump.com\/en\/wp-json\/wp\/v2\/product_brand?post=67591"},{"taxonomy":"product_cat","embeddable":true,"href":"https:\/\/staging6.peach-pump.com\/en\/wp-json\/wp\/v2\/product_cat?post=67591"},{"taxonomy":"product_tag","embeddable":true,"href":"https:\/\/staging6.peach-pump.com\/en\/wp-json\/wp\/v2\/product_tag?post=67591"}],"curies":[{"name":"wp","href":"https:\/\/api.w.org\/{rel}","templated":true}]}}