{"id":67594,"date":"2023-06-03T19:37:45","date_gmt":"2023-06-03T17:37:45","guid":{"rendered":"https:\/\/staging6.peach-pump.com\/products\/peach-pump-babarozsaszinu-baseball-sapka\/"},"modified":"2025-08-25T11:12:24","modified_gmt":"2025-08-25T09:12:24","slug":"peach-pump-babarozsaszinu-baseball-sapka","status":"publish","type":"product","link":"https:\/\/staging6.peach-pump.com\/hu\/products\/peach-pump-babarozsaszinu-baseball-sapka\/","title":{"rendered":"Peach Pump babar\u00f3zsasz\u00edn\u0171 baseball sapka"},"content":{"rendered":"<p>P\u00e1ros\u00edtsa kedvenc leggings\u00e9t \u00e9s sportmelltart\u00f3j\u00e1t a Peach Pump babar\u00f3zsasz\u00edn\u0171 baseball sapk\u00e1val. A forr\u00f3 ny\u00e1ri h\u00f3napokban t\u00f6k\u00e9letes kieg\u00e9sz\u00edt\u0151je lesz megjelen\u00e9s\u00e9nek, ugyanakkor megv\u00e9di arc\u00e1t a t\u0171z\u0151 napt\u00f3l. A sapka felt\u0171n\u0151, h\u00e1romdimenzi\u00f3s h\u00edmzett mint\u00e1val rendelkezik, feh\u00e9r log\u00f3val, r\u00f3zsasz\u00edn szeg\u00e9llyel \u00e9s egy motiv\u00e1ci\u00f3s szlogennel: &#8220;I am doing this for me&#8221;. A baseball sapka h\u00e1tul f\u00e9mb\u0151l k\u00e9sz\u00fclt r\u00f6gz\u00edt\u0151vel \u00e1ll\u00edthat\u00f3, a napellenz\u0151 pedig st\u00edlusosan \u00edvelt. Legyen st\u00edlusos \u00e9s k\u00fcl\u00f6nleges ezzel a t\u00f6k\u00e9letes befejez\u0151 elemmel a sportruh\u00e1zat\u00e1hoz.<\/p>\n","protected":false},"excerpt":{"rendered":"<p>P\u00e1ros\u00edtsa kedvenc leggings\u00e9t \u00e9s sportmelltart\u00f3j\u00e1t a Peach Pump babar\u00f3zsasz\u00edn\u0171 baseball sapk\u00e1val. A forr\u00f3 ny\u00e1ri h\u00f3napokban t\u00f6k\u00e9letes kieg\u00e9sz\u00edt\u0151je lesz megjelen\u00e9s\u00e9nek, ugyanakkor megv\u00e9di arc\u00e1t a t\u0171z\u0151 napt\u00f3l. A sapka felt\u0171n\u0151, h\u00e1romdimenzi\u00f3s h\u00edmzett mint\u00e1val rendelkezik, feh\u00e9r log\u00f3val, r\u00f3zsasz\u00edn szeg\u00e9llyel \u00e9s egy motiv\u00e1ci\u00f3s szlogennel: &#8220;I am doing this for me&#8221;. A baseball sapka h\u00e1tul f\u00e9mb\u0151l k\u00e9sz\u00fclt r\u00f6gz\u00edt\u0151vel \u00e1ll\u00edthat\u00f3, a [&hellip;]<\/p>\n","protected":false},"featured_media":41116,"comment_status":"open","ping_status":"closed","template":"","meta":[],"product_brand":[],"product_cat":[926],"product_tag":[],"class_list":{"0":"post-67594","1":"product","2":"type-product","3":"status-publish","4":"has-post-thumbnail","6":"product_cat-noi-sport-kiegeszitok","7":"pa_cviat-vilagos-rozsaszin","8":"pa_razmer-one-size-hu","9":"inventories-world","10":"inventories-uk","12":"first","13":"instock","14":"taxable","15":"shipping-taxable","16":"purchasable","17":"product-type-variable","18":"has-default-attributes"},"_links":{"self":[{"href":"https:\/\/staging6.peach-pump.com\/hu\/wp-json\/wp\/v2\/product\/67594","targetHints":{"allow":["GET"]}}],"collection":[{"href":"https:\/\/staging6.peach-pump.com\/hu\/wp-json\/wp\/v2\/product"}],"about":[{"href":"https:\/\/staging6.peach-pump.com\/hu\/wp-json\/wp\/v2\/types\/product"}],"replies":[{"embeddable":true,"href":"https:\/\/staging6.peach-pump.com\/hu\/wp-json\/wp\/v2\/comments?post=67594"}],"version-history":[{"count":0,"href":"https:\/\/staging6.peach-pump.com\/hu\/wp-json\/wp\/v2\/product\/67594\/revisions"}],"wp:featuredmedia":[{"embeddable":true,"href":"https:\/\/staging6.peach-pump.com\/hu\/wp-json\/wp\/v2\/media\/41116"}],"wp:attachment":[{"href":"https:\/\/staging6.peach-pump.com\/hu\/wp-json\/wp\/v2\/media?parent=67594"}],"wp:term":[{"taxonomy":"product_brand","embeddable":true,"href":"https:\/\/staging6.peach-pump.com\/hu\/wp-json\/wp\/v2\/product_brand?post=67594"},{"taxonomy":"product_cat","embeddable":true,"href":"https:\/\/staging6.peach-pump.com\/hu\/wp-json\/wp\/v2\/product_cat?post=67594"},{"taxonomy":"product_tag","embeddable":true,"href":"https:\/\/staging6.peach-pump.com\/hu\/wp-json\/wp\/v2\/product_tag?post=67594"}],"curies":[{"name":"wp","href":"https:\/\/api.w.org\/{rel}","templated":true}]}}