{"id":67895,"date":"2022-06-19T11:04:18","date_gmt":"2022-06-19T09:04:18","guid":{"rendered":"https:\/\/staging6.peach-pump.com\/products\/szexi-kialakitasu-parnazott-feher-sportmelltarto-legatereszto-haloval\/"},"modified":"2025-10-17T19:53:53","modified_gmt":"2025-10-17T17:53:53","slug":"szexi-kialakitasu-parnazott-feher-sportmelltarto-legatereszto-haloval","status":"publish","type":"product","link":"https:\/\/staging6.peach-pump.com\/hu\/products\/szexi-kialakitasu-parnazott-feher-sportmelltarto-legatereszto-haloval\/","title":{"rendered":"Szexi kialak\u00edt\u00e1s\u00fa p\u00e1rn\u00e1zott feh\u00e9r sportmelltart\u00f3 l\u00e9g\u00e1tereszt\u0151 h\u00e1l\u00f3val"},"content":{"rendered":"<p>Sportos st\u00edlus\u00fa h\u00e1l\u00f3s feh\u00e9r sportmelltart\u00f3 p\u00e1rn\u00e1kkal \u00e9s k\u00fcl\u00f6nleges diz\u00e1jnnal. A modell V-alak\u00fa nyakkiv\u00e1g\u00e1ssal \u00e9s finom h\u00e1l\u00f3val rendelkezik, amely stabilan tartja a mellet \u00e9s nagyon sz\u00e9p, szexi sziluettet form\u00e1l. A sportmelltart\u00f3 k\u00fcl\u00f6nleges h\u00e1tr\u00e9sszel \u00e9s sz\u00e9les gumir\u00e9sszel rendelkezik a k\u00e9nyelem \u00e9s a teljes mozg\u00e1sszabads\u00e1g \u00e9rdek\u00e9ben. Fekete sz\u00ednben is kaphat\u00f3.<\/p>\n<ul>\n<li>Be\u00e9p\u00edtett p\u00e1rn\u00e1k<\/li>\n<li>V-alak\u00fa nyakkiv\u00e1g\u00e1s h\u00e1l\u00f3val<\/li>\n<li>Keresztp\u00e1ntos h\u00e1tr\u00e9sz<\/li>\n<li>Nagy rugalmass\u00e1g<\/li>\n<li>H\u0151pr\u00e9ssel r\u00f6gz\u00edtett Peach Pump log\u00f3 a sportmellt\u00e1rt\u00f3 el\u00fcls\u0151 r\u00e9szen<\/li>\n<li>Izzadts\u00e1g elt\u00e1vol\u00edt\u00f3 technol\u00f3gia<\/li>\n<li>Szexi diz\u00e1jn<\/li>\n<\/ul>\n<p>Anyag\u00f6sszet\u00e9tel: 80% poli\u00e9szter, 20% elaszt\u00e1n<\/p>\n<p>A sportmellt\u00e1rt\u00f3 k\u00edm\u00e9l\u0151 mos\u00e1ssal, legfeljebb 30 fokon moshat\u00f3. K\u00e9rj\u00fck, a tiszt\u00edt\u00e1s sor\u00e1n ne haszn\u00e1ljon feh\u00e9r\u00edt\u0151t vagy vegyi tiszt\u00edt\u00f3szereket.<\/p>\n<p>A k\u00e9pen l\u00e1that\u00f3 modell 178 cm magas, 54 kg s\u00faly\u00fa, \u00e9s M-es m\u00e9retet visel.<\/p>\n<p>A megfelel\u0151 m\u00e9ret pontos kiv\u00e1laszt\u00e1s\u00e1hoz k\u00e9rj\u00fck tekintse meg a m\u00e9rett\u00e1bl\u00e1zatunkat.<\/p>\n","protected":false},"excerpt":{"rendered":"<p>Sportos st\u00edlus\u00fa h\u00e1l\u00f3s feh\u00e9r sportmelltart\u00f3 p\u00e1rn\u00e1kkal \u00e9s k\u00fcl\u00f6nleges diz\u00e1jnnal. A modell V-alak\u00fa nyakkiv\u00e1g\u00e1ssal \u00e9s finom h\u00e1l\u00f3val rendelkezik, amely stabilan tartja a mellet \u00e9s nagyon sz\u00e9p, szexi sziluettet form\u00e1l. A sportmelltart\u00f3 k\u00fcl\u00f6nleges h\u00e1tr\u00e9sszel \u00e9s sz\u00e9les gumir\u00e9sszel rendelkezik a k\u00e9nyelem \u00e9s a teljes mozg\u00e1sszabads\u00e1g \u00e9rdek\u00e9ben. Fekete sz\u00ednben is kaphat\u00f3. Be\u00e9p\u00edtett p\u00e1rn\u00e1k V-alak\u00fa nyakkiv\u00e1g\u00e1s h\u00e1l\u00f3val Keresztp\u00e1ntos h\u00e1tr\u00e9sz Nagy [&hellip;]<\/p>\n","protected":false},"featured_media":17738,"comment_status":"open","ping_status":"closed","template":"","meta":[],"product_brand":[],"product_cat":[356],"product_tag":[],"class_list":{"0":"post-67895","1":"product","2":"type-product","3":"status-publish","4":"has-post-thumbnail","6":"product_cat-sportmelltartok-fitneszhez","7":"pa_cviat-feher-hu","8":"pa_razmer-l-hu-2","9":"pa_razmer-m-hu","10":"pa_razmer-s-hu-2","11":"inventories-world","12":"inventories-uk","14":"first","15":"instock","16":"sale","17":"taxable","18":"shipping-taxable","19":"purchasable","20":"product-type-variable"},"_links":{"self":[{"href":"https:\/\/staging6.peach-pump.com\/en\/wp-json\/wp\/v2\/product\/67895","targetHints":{"allow":["GET"]}}],"collection":[{"href":"https:\/\/staging6.peach-pump.com\/en\/wp-json\/wp\/v2\/product"}],"about":[{"href":"https:\/\/staging6.peach-pump.com\/en\/wp-json\/wp\/v2\/types\/product"}],"replies":[{"embeddable":true,"href":"https:\/\/staging6.peach-pump.com\/en\/wp-json\/wp\/v2\/comments?post=67895"}],"version-history":[{"count":0,"href":"https:\/\/staging6.peach-pump.com\/en\/wp-json\/wp\/v2\/product\/67895\/revisions"}],"wp:featuredmedia":[{"embeddable":true,"href":"https:\/\/staging6.peach-pump.com\/en\/wp-json\/wp\/v2\/media\/17738"}],"wp:attachment":[{"href":"https:\/\/staging6.peach-pump.com\/en\/wp-json\/wp\/v2\/media?parent=67895"}],"wp:term":[{"taxonomy":"product_brand","embeddable":true,"href":"https:\/\/staging6.peach-pump.com\/en\/wp-json\/wp\/v2\/product_brand?post=67895"},{"taxonomy":"product_cat","embeddable":true,"href":"https:\/\/staging6.peach-pump.com\/en\/wp-json\/wp\/v2\/product_cat?post=67895"},{"taxonomy":"product_tag","embeddable":true,"href":"https:\/\/staging6.peach-pump.com\/en\/wp-json\/wp\/v2\/product_tag?post=67895"}],"curies":[{"name":"wp","href":"https:\/\/api.w.org\/{rel}","templated":true}]}}