{"id":67987,"date":"2024-01-12T18:35:56","date_gmt":"2024-01-12T16:35:56","guid":{"rendered":"https:\/\/staging6.peach-pump.com\/products\/%d1\/"},"modified":"2025-10-31T16:13:30","modified_gmt":"2025-10-31T14:13:30","slug":"szurke-telikabat","status":"publish","type":"product","link":"https:\/\/staging6.peach-pump.com\/hu\/products\/szurke-telikabat\/","title":{"rendered":"Sz\u00fcrke Peach Pump t\u00e9likab\u00e1t"},"content":{"rendered":"<p class=\"p1\"><span class=\"s1\">Meleg sz\u00fcrke t\u00e9likab\u00e1t 100% pamut t\u00f6ltettel, elef\u00e1ntcsont sz\u00ednben. A modell r\u00f6videbb, modern szab\u00e1s\u00fa, rugalmas megk\u00f6t\u0151vel ell\u00e1tott, \u00e1ll\u00edthat\u00f3 szeg\u00e9llyel \u00e9s k\u00e9t old\u00e1ls\u00f3 cipz\u00e1ras ferde zsebbel rendelkezik. L\u00e1tv\u00e1nyos 3D h\u00edmzett Peach Pump log\u00f3 el\u00f6l \u00e9s a v\u00e1llr\u00e9szen. A t\u00e9likab\u00e1t magas gall\u00e9rral, puha r\u00f3zsasz\u00edn b\u00e9l\u00e9ssel \u00e9s rugalmas mandzsett\u00e1val ell\u00e1tott ujjakkal rendelkezik. Ezzel a modellel meleg lesz, \u00e9s ugyanakkor gy\u00f6ny\u00f6r\u0171nek, magabiztosnak \u00e9s szexinek fogja \u00e9rezni mag\u00e1t. A szezon divatos sz\u00edneinek sokas\u00e1ga, az \u00d6n sz\u00e1m\u00e1ra szeretettel k\u00e9sz\u00edtett modell. <\/span><\/p>\n<ul class=\"ul1\">\n<li><span class=\"s1\">Sz\u00fcrke t\u00e9likab\u00e1t<\/span><\/li>\n<li class=\"li1\"><span class=\"s1\">Magas gall\u00e9r<\/span><\/li>\n<li class=\"li1\"><span class=\"s1\">Cipz\u00e1ras oldals\u00f3 zsebek<\/span><\/li>\n<li class=\"li1\"><span class=\"s1\">3D h\u00edmzett Peach Pump log\u00f3 el\u00f6l \u00e9s a v\u00e1llr\u00e9szen<\/span><\/li>\n<li class=\"li1\"><span class=\"s1\">Maka b\u00e9l\u00e9s<\/span><\/li>\n<li class=\"li1\"><span class=\"s1\">Feliratos kialak\u00edt\u00e1s<\/span><\/li>\n<li>Rugalmas mandzsetta az ujjakon<\/li>\n<li class=\"li1\"><span class=\"s1\">\u00c1ll\u00edthat\u00f3 szeg\u00e9ly rugalmas megk\u00f6t\u0151vel<\/span><\/li>\n<li>A kab\u00e1t 100% pamut t\u00f6ltettel rendelkezik<\/li>\n<\/ul>\n<p class=\"p1\"><span class=\"s1\">Anyag\u00f6sszet\u00e9tel k\u00fcls\u0151 r\u00e9sz: 100% poli\u00e9szter, T\u00f6ltet 100% pamut<\/span><\/p>\n<p class=\"p1\"><span class=\"s1\">A k\u00e9pen l\u00e1that\u00f3 modell 180 magas, s\u00falya 58 kg. \u00e9s M-es m\u00e9retet visel. <\/span><\/p>\n<p>K\u00e9rj\u00fck, k\u00f6vesse a c\u00edmke utas\u00edt\u00e1sait a term\u00e9k megfelel\u0151 karbantart\u00e1sa \u00e9rdek\u00e9ben.<\/p>\n","protected":false},"excerpt":{"rendered":"<p>Meleg sz\u00fcrke t\u00e9likab\u00e1t 100% pamut t\u00f6ltettel, elef\u00e1ntcsont sz\u00ednben. A modell r\u00f6videbb, modern szab\u00e1s\u00fa, rugalmas megk\u00f6t\u0151vel ell\u00e1tott, \u00e1ll\u00edthat\u00f3 szeg\u00e9llyel \u00e9s k\u00e9t old\u00e1ls\u00f3 cipz\u00e1ras ferde zsebbel rendelkezik. L\u00e1tv\u00e1nyos 3D h\u00edmzett Peach Pump log\u00f3 el\u00f6l \u00e9s a v\u00e1llr\u00e9szen. A t\u00e9likab\u00e1t magas gall\u00e9rral, puha r\u00f3zsasz\u00edn b\u00e9l\u00e9ssel \u00e9s rugalmas mandzsett\u00e1val ell\u00e1tott ujjakkal rendelkezik. Ezzel a modellel meleg lesz, \u00e9s ugyanakkor [&hellip;]<\/p>\n","protected":false},"featured_media":65416,"comment_status":"open","ping_status":"closed","template":"","meta":[],"product_brand":[],"product_cat":[922],"product_tag":[],"class_list":{"0":"post-67987","1":"product","2":"type-product","3":"status-publish","4":"has-post-thumbnail","6":"product_cat-dzsekik","7":"pa_cviat-szurke","8":"pa_razmer-l-hu-2","9":"pa_razmer-m-hu","10":"pa_razmer-s-hu-2","11":"inventories-world","12":"inventories-uk","14":"first","15":"instock","16":"taxable","17":"shipping-taxable","18":"purchasable","19":"product-type-variable"},"_links":{"self":[{"href":"https:\/\/staging6.peach-pump.com\/en\/wp-json\/wp\/v2\/product\/67987","targetHints":{"allow":["GET"]}}],"collection":[{"href":"https:\/\/staging6.peach-pump.com\/en\/wp-json\/wp\/v2\/product"}],"about":[{"href":"https:\/\/staging6.peach-pump.com\/en\/wp-json\/wp\/v2\/types\/product"}],"replies":[{"embeddable":true,"href":"https:\/\/staging6.peach-pump.com\/en\/wp-json\/wp\/v2\/comments?post=67987"}],"version-history":[{"count":0,"href":"https:\/\/staging6.peach-pump.com\/en\/wp-json\/wp\/v2\/product\/67987\/revisions"}],"wp:featuredmedia":[{"embeddable":true,"href":"https:\/\/staging6.peach-pump.com\/en\/wp-json\/wp\/v2\/media\/65416"}],"wp:attachment":[{"href":"https:\/\/staging6.peach-pump.com\/en\/wp-json\/wp\/v2\/media?parent=67987"}],"wp:term":[{"taxonomy":"product_brand","embeddable":true,"href":"https:\/\/staging6.peach-pump.com\/en\/wp-json\/wp\/v2\/product_brand?post=67987"},{"taxonomy":"product_cat","embeddable":true,"href":"https:\/\/staging6.peach-pump.com\/en\/wp-json\/wp\/v2\/product_cat?post=67987"},{"taxonomy":"product_tag","embeddable":true,"href":"https:\/\/staging6.peach-pump.com\/en\/wp-json\/wp\/v2\/product_tag?post=67987"}],"curies":[{"name":"wp","href":"https:\/\/api.w.org\/{rel}","templated":true}]}}