{"id":68124,"date":"2022-07-04T17:55:01","date_gmt":"2022-07-04T15:55:01","guid":{"rendered":"https:\/\/staging6.peach-pump.com\/products\/fekete-noi-leggings-beepitett-kapcsos-magasitott-derekresszel\/"},"modified":"2025-11-10T18:31:59","modified_gmt":"2025-11-10T16:31:59","slug":"fekete-noi-leggings-beepitett-kapcsos-magasitott-derekresszel","status":"publish","type":"product","link":"https:\/\/staging6.peach-pump.com\/hu\/products\/fekete-noi-leggings-beepitett-kapcsos-magasitott-derekresszel\/","title":{"rendered":"Fekete n\u0151i leggings be\u00e9p\u00edtett kapcsos magas\u00edtott der\u00e9kr\u00e9sszel"},"content":{"rendered":"<p>N\u0151i fekete leggings be\u00e9p\u00edtett kapcsos magas\u00edtott der\u00e9kr\u00e9sz h\u00e1roml\u00e9pcs\u0151s r\u00f6gz\u00edt\u00e9ssel. A leggings \u00fagy lett kialak\u00edtva, hogy cs\u00f6kkentse a cs\u00edp\u0151b\u0151s\u00e9get szoros szauna hat\u00e1s\u00fa, ide\u00e1lis a sz\u00fcl\u00e9s ut\u00e1ni n\u0151k sz\u00e1m\u00e1ra, akik gyorsan vissza akarnak t\u00e9rni a t\u00f6k\u00e9letes form\u00e1ba. Ide\u00e1lis er\u0151gyakorlatokhoz \u00e9s krossfit egyar\u00e1nt, vagy aerob edz\u00e9sekhez mint fut\u00e1s vagy joga. A magas\u00edtott kapcsos der\u00e9kr\u00e9sszel merev, rugalmas, a leggings k\u00f6nny\u0171, gyorsan sz\u00e1rad\u00f3 anyagb\u00f3l k\u00e9sz\u00fclt.<\/p>\n<ul>\n<li>Magas\u00edtott der\u00e9k<\/li>\n<li>Der\u00e9kra simul\u00f3 kapcsos magas\u00edtott der\u00e9kr\u00e9sz<\/li>\n<li>\u00c1ll\u00edthat\u00f3 r\u00f6gz\u00edt\u00e9s a der\u00e9kr\u00e9szen<\/li>\n<li>Gyorsan sz\u00e1rad\u00f3 anyag<\/li>\n<li>H\u0151pr\u00e9ssel r\u00f6gz\u00edtett Peach Pump log\u00f3 a leggings el\u00fcls\u0151 oldal\u00e1n<\/li>\n<\/ul>\n<p>Anyag\u00f6sszet\u00e9tel: 80% poli\u00e9szter, 20% elaszt\u00e1n<\/p>\n<p>A leggings k\u00edm\u00e9l\u0151 mos\u00e1ssal, legfeljebb 30 fokon moshat\u00f3. K\u00e9rj\u00fck, a tiszt\u00edt\u00e1s sor\u00e1n ne haszn\u00e1ljon feh\u00e9r\u00edt\u0151t vagy vegyi tiszt\u00edt\u00f3szereket.<\/p>\n<p>A k\u00e9pen l\u00e1that\u00f3 modell 178 cm magas, 54 kg s\u00faly\u00fa \u00e9s M-es m\u00e9retet visel.<\/p>\n<p>A pontos m\u00e9ret kiv\u00e1laszt\u00e1s\u00e1hoz, k\u00e9rj\u00fck haszn\u00e1lja a m\u00e9rett\u00e1bl\u00e1zatokat.<\/p>\n","protected":false},"excerpt":{"rendered":"<p>N\u0151i fekete leggings be\u00e9p\u00edtett kapcsos magas\u00edtott der\u00e9kr\u00e9sz h\u00e1roml\u00e9pcs\u0151s r\u00f6gz\u00edt\u00e9ssel. A leggings \u00fagy lett kialak\u00edtva, hogy cs\u00f6kkentse a cs\u00edp\u0151b\u0151s\u00e9get szoros szauna hat\u00e1s\u00fa, ide\u00e1lis a sz\u00fcl\u00e9s ut\u00e1ni n\u0151k sz\u00e1m\u00e1ra, akik gyorsan vissza akarnak t\u00e9rni a t\u00f6k\u00e9letes form\u00e1ba. Ide\u00e1lis er\u0151gyakorlatokhoz \u00e9s krossfit egyar\u00e1nt, vagy aerob edz\u00e9sekhez mint fut\u00e1s vagy joga. A magas\u00edtott kapcsos der\u00e9kr\u00e9sszel merev, rugalmas, a leggings [&hellip;]<\/p>\n","protected":false},"featured_media":15410,"comment_status":"open","ping_status":"closed","template":"","meta":[],"product_brand":[],"product_cat":[142,304],"product_tag":[],"class_list":{"0":"post-68124","1":"product","2":"type-product","3":"status-publish","4":"has-post-thumbnail","6":"product_cat-noi-sport-leggings-fitnesz","7":"product_cat-noi-leggings-hosszu","8":"pa_cviat-fekete","9":"pa_razmer-l-hu-2","10":"pa_razmer-m-hu","11":"pa_razmer-s-hu-2","12":"inventories-world","13":"inventories-uk","15":"first","16":"instock","17":"taxable","18":"shipping-taxable","19":"purchasable","20":"product-type-variable"},"_links":{"self":[{"href":"https:\/\/staging6.peach-pump.com\/hu\/wp-json\/wp\/v2\/product\/68124","targetHints":{"allow":["GET"]}}],"collection":[{"href":"https:\/\/staging6.peach-pump.com\/hu\/wp-json\/wp\/v2\/product"}],"about":[{"href":"https:\/\/staging6.peach-pump.com\/hu\/wp-json\/wp\/v2\/types\/product"}],"replies":[{"embeddable":true,"href":"https:\/\/staging6.peach-pump.com\/hu\/wp-json\/wp\/v2\/comments?post=68124"}],"version-history":[{"count":0,"href":"https:\/\/staging6.peach-pump.com\/hu\/wp-json\/wp\/v2\/product\/68124\/revisions"}],"wp:featuredmedia":[{"embeddable":true,"href":"https:\/\/staging6.peach-pump.com\/hu\/wp-json\/wp\/v2\/media\/15410"}],"wp:attachment":[{"href":"https:\/\/staging6.peach-pump.com\/hu\/wp-json\/wp\/v2\/media?parent=68124"}],"wp:term":[{"taxonomy":"product_brand","embeddable":true,"href":"https:\/\/staging6.peach-pump.com\/hu\/wp-json\/wp\/v2\/product_brand?post=68124"},{"taxonomy":"product_cat","embeddable":true,"href":"https:\/\/staging6.peach-pump.com\/hu\/wp-json\/wp\/v2\/product_cat?post=68124"},{"taxonomy":"product_tag","embeddable":true,"href":"https:\/\/staging6.peach-pump.com\/hu\/wp-json\/wp\/v2\/product_tag?post=68124"}],"curies":[{"name":"wp","href":"https:\/\/api.w.org\/{rel}","templated":true}]}}