{"id":69169,"date":"2024-01-19T18:58:19","date_gmt":"2024-01-19T16:58:19","guid":{"rendered":"https:\/\/staging6.peach-pump.com\/products\/%d0\/"},"modified":"2025-11-09T16:41:49","modified_gmt":"2025-11-09T14:41:49","slug":"sotetkek-overal-testhezallo","status":"publish","type":"product","link":"https:\/\/staging6.peach-pump.com\/hu\/products\/sotetkek-overal-testhezallo\/","title":{"rendered":"Testhez simul\u00f3 s\u00f6t\u00e9tk\u00e9k steppelt Catsuits over\u00e1l"},"content":{"rendered":"<p>Testhez\u00e1ll\u00f3 s\u00f6t\u00e9tk\u00e9k over\u00e1l puha steppelt b\u00e9l\u00e9ssel, l\u00e9g\u00e1tereszt\u0151 anyaggal, ide\u00e1lis edz\u00e9shez vagy s\u00e9t\u00e1hoz hidegebb id\u0151ben. A modell el\u00f6l cipz\u00e1rral, bels\u0151 Peach Pump felirattal \u00e9s gum\u00edrozott Peach Pump log\u00f3val rendelkezik a v\u00e1llr\u00e9szen. Az over\u00e1l t\u00f6k\u00e9letesen illeszkedik a testhez \u00e9s elrejti a t\u00f6k\u00e9letlens\u00e9geit az\u00e1ltal, hogy homok\u00f3ra alak\u00fav\u00e1 form\u00e1lja azt. A modell el\u00fcls\u0151 r\u00e9sze varr\u00e1smentes kialak\u00edt\u00e1s\u00fa. Magasabb h\u00f6lgyek sz\u00e1m\u00e1ra is alkalmas.<\/p>\n<p>Egy trendi \u00fajdons\u00e1g, amely a ruhat\u00e1r\u00e1nak \u00faj kedvenc darabja lesz. Legyen csinos, n\u0151ies \u00e9s eml\u00e9kezetes a Peach Pump seg\u00edts\u00e9g\u00e9vel.<\/p>\n<ul>\n<li>Steppelt puha b\u00e9l\u00e9s<\/li>\n<li>L\u00e9g\u00e1tereszt\u0151 anyag<\/li>\n<li>Rejtett Peach Pump felirat<\/li>\n<li>Peach Pump log\u00f3 a v\u00e1llr\u00e9szen<\/li>\n<li>Over\u00e1l modell, amely fantasztikusan form\u00e1lja a testet<\/li>\n<li>T\u00f6k\u00e9letesen illeszked\u0151 rugalmas anyag<\/li>\n<li>El\u00fcls\u0151 varr\u00e1s n\u00e9lk\u00fcl<\/li>\n<li>Magasabb h\u00f6lgyek sz\u00e1m\u00e1ra is alkalmas<\/li>\n<\/ul>\n<p>Anyag\u00f6sszet\u00e9tel: 80% poli\u00e9szter, 20% elaszt\u00e1n<\/p>\n<p>Az over\u00e1l k\u00edm\u00e9l\u0151 mos\u00e1ssal, legfeljebb 30 fokon moshat\u00f3. K\u00e9rj\u00fck, a tiszt\u00edt\u00e1s sor\u00e1n ne haszn\u00e1ljon feh\u00e9r\u00edt\u0151t vagy vegyi tiszt\u00edt\u00f3szereket.<\/p>\n<p>A k\u00e9peken l\u00e1that\u00f3 modell 167 cm magas, 50 kg s\u00faly\u00fa \u00e9s S-es m\u00e9retet visel.<\/p>\n<p>&nbsp;<\/p>\n","protected":false},"excerpt":{"rendered":"<p>Testhez\u00e1ll\u00f3 s\u00f6t\u00e9tk\u00e9k over\u00e1l puha steppelt b\u00e9l\u00e9ssel, l\u00e9g\u00e1tereszt\u0151 anyaggal, ide\u00e1lis edz\u00e9shez vagy s\u00e9t\u00e1hoz hidegebb id\u0151ben. A modell el\u00f6l cipz\u00e1rral, bels\u0151 Peach Pump felirattal \u00e9s gum\u00edrozott Peach Pump log\u00f3val rendelkezik a v\u00e1llr\u00e9szen. Az over\u00e1l t\u00f6k\u00e9letesen illeszkedik a testhez \u00e9s elrejti a t\u00f6k\u00e9letlens\u00e9geit az\u00e1ltal, hogy homok\u00f3ra alak\u00fav\u00e1 form\u00e1lja azt. A modell el\u00fcls\u0151 r\u00e9sze varr\u00e1smentes kialak\u00edt\u00e1s\u00fa. Magasabb h\u00f6lgyek sz\u00e1m\u00e1ra [&hellip;]<\/p>\n","protected":false},"featured_media":66331,"comment_status":"open","ping_status":"closed","template":"","meta":[],"product_brand":[],"product_cat":[1130,359],"product_tag":[],"class_list":{"0":"post-69169","1":"product","2":"type-product","3":"status-publish","4":"has-post-thumbnail","6":"product_cat-noi-sportos-overalok","7":"product_cat-szett-leggings-s-portmelltart","8":"pa_cviat-kek","9":"pa_razmer-l-hu-2","10":"pa_razmer-m-hu","11":"pa_razmer-s-hu-2","12":"inventories-world","13":"inventories-uk","15":"first","16":"instock","17":"taxable","18":"shipping-taxable","19":"purchasable","20":"product-type-variable"},"_links":{"self":[{"href":"https:\/\/staging6.peach-pump.com\/hu\/wp-json\/wp\/v2\/product\/69169","targetHints":{"allow":["GET"]}}],"collection":[{"href":"https:\/\/staging6.peach-pump.com\/hu\/wp-json\/wp\/v2\/product"}],"about":[{"href":"https:\/\/staging6.peach-pump.com\/hu\/wp-json\/wp\/v2\/types\/product"}],"replies":[{"embeddable":true,"href":"https:\/\/staging6.peach-pump.com\/hu\/wp-json\/wp\/v2\/comments?post=69169"}],"version-history":[{"count":0,"href":"https:\/\/staging6.peach-pump.com\/hu\/wp-json\/wp\/v2\/product\/69169\/revisions"}],"wp:featuredmedia":[{"embeddable":true,"href":"https:\/\/staging6.peach-pump.com\/hu\/wp-json\/wp\/v2\/media\/66331"}],"wp:attachment":[{"href":"https:\/\/staging6.peach-pump.com\/hu\/wp-json\/wp\/v2\/media?parent=69169"}],"wp:term":[{"taxonomy":"product_brand","embeddable":true,"href":"https:\/\/staging6.peach-pump.com\/hu\/wp-json\/wp\/v2\/product_brand?post=69169"},{"taxonomy":"product_cat","embeddable":true,"href":"https:\/\/staging6.peach-pump.com\/hu\/wp-json\/wp\/v2\/product_cat?post=69169"},{"taxonomy":"product_tag","embeddable":true,"href":"https:\/\/staging6.peach-pump.com\/hu\/wp-json\/wp\/v2\/product_tag?post=69169"}],"curies":[{"name":"wp","href":"https:\/\/api.w.org\/{rel}","templated":true}]}}