{"id":69978,"date":"2024-02-19T12:11:09","date_gmt":"2024-02-19T10:11:09","guid":{"rendered":"https:\/\/staging6.peach-pump.com\/products\/%d1\/"},"modified":"2025-11-05T00:09:41","modified_gmt":"2025-11-04T22:09:41","slug":"fekete-noi-sport-melegito-felso-cipzarral-es-zsebekkel","status":"publish","type":"product","link":"https:\/\/staging6.peach-pump.com\/hu\/products\/fekete-noi-sport-melegito-felso-cipzarral-es-zsebekkel\/","title":{"rendered":"Fekete n\u0151i sportfels\u0151 cipz\u00e1rral \u00e9s zsebekkel"},"content":{"rendered":"<p>Fekete n\u0151i sportdzseki cipz\u00e1rral \u00e9s zsebekkel.<br \/>\nA kab\u00e1t ujjain h\u00fcvelykujjny\u00edl\u00e1sok vannak , \u00edgy az ujjak nem fognak \u00f6sszecsom\u00f3sodni edz\u00e9s, fut\u00e1s vagy ker\u00e9kp\u00e1roz\u00e1s k\u00f6zben.  A meleg\u00edt\u0151 fels\u0151 gy\u00f6ny\u00f6r\u0171 diz\u00e1jnnal rendelkezik, sz\u00e9pen form\u00e1lja a sziluettet \u00e9s t\u00f6k\u00e9letesen illeszkedik a testhez. P\u00e1ros\u00edthat\u00f3 a Peach Pump kollekci\u00f3 k\u00fcl\u00f6nb\u00f6z\u0151 pasztellsz\u00edn\u0171 leggingsekkel vagy bustierekkel.  <\/p>\n<ul>\n<li>Rugalmas gyorsan sz\u00e1rad\u00f3 anyag<\/li>\n<li>H\u0151pr\u00e9ssel r\u00f6gz\u00edtett Peach Pump log\u00f3 a v\u00e1llr\u00e9szen<\/li>\n<li>Cipz\u00e1ras z\u00e1r\u00f3d\u00e1s<\/li>\n<li>Zsebek a meleg\u00edt\u0151 fels\u0151 el\u00fcls\u0151 r\u00e9szen<\/li>\n<li>H\u00fcvelykujj b\u00fajtat\u00f3<\/li>\n<li>Alakform\u00e1l\u00f3 modell<\/li>\n<\/ul>\n<p>  \u00d6sszet\u00e9tel : 80% poli\u00e9szter 20% spandex . A meleg\u00edt\u0151 fels\u0151 k\u00edm\u00e9l\u0151 mos\u00e1ssal, legfeljebb 30 fokon moshat\u00f3. K\u00e9rj\u00fck, a tiszt\u00edt\u00e1s sor\u00e1n ne haszn\u00e1ljon feh\u00e9r\u00edt\u0151t vagy vegyi tiszt\u00edt\u00f3szereket. A k\u00e9pen l\u00e1that\u00f3 modell 165cm magas, 48kg s\u00faly\u00fa \u00e9s S m\u00e9retben p\u00f3zol. Mellkasi ker\u00fclet: S: 85-90cm \/ M: 90-95cm \/ L: 95-100cm.<\/p>\n","protected":false},"excerpt":{"rendered":"<p>Fekete n\u0151i sportdzseki cipz\u00e1rral \u00e9s zsebekkel. A kab\u00e1t ujjain h\u00fcvelykujjny\u00edl\u00e1sok vannak , \u00edgy az ujjak nem fognak \u00f6sszecsom\u00f3sodni edz\u00e9s, fut\u00e1s vagy ker\u00e9kp\u00e1roz\u00e1s k\u00f6zben. A meleg\u00edt\u0151 fels\u0151 gy\u00f6ny\u00f6r\u0171 diz\u00e1jnnal rendelkezik, sz\u00e9pen form\u00e1lja a sziluettet \u00e9s t\u00f6k\u00e9letesen illeszkedik a testhez. P\u00e1ros\u00edthat\u00f3 a Peach Pump kollekci\u00f3 k\u00fcl\u00f6nb\u00f6z\u0151 pasztellsz\u00edn\u0171 leggingsekkel vagy bustierekkel. Rugalmas gyorsan sz\u00e1rad\u00f3 anyag H\u0151pr\u00e9ssel r\u00f6gz\u00edtett Peach [&hellip;]<\/p>\n","protected":false},"featured_media":87402,"comment_status":"open","ping_status":"closed","template":"","meta":[],"product_brand":[],"product_cat":[922],"product_tag":[],"class_list":{"0":"post-69978","1":"product","2":"type-product","3":"status-publish","4":"has-post-thumbnail","6":"product_cat-dzsekik","7":"pa_cviat-fekete","8":"pa_razmer-l-hu-2","9":"pa_razmer-m-hu","10":"pa_razmer-s-hu-2","11":"inventories-world","12":"inventories-uk","14":"first","15":"instock","16":"taxable","17":"shipping-taxable","18":"purchasable","19":"product-type-variable"},"_links":{"self":[{"href":"https:\/\/staging6.peach-pump.com\/hu\/wp-json\/wp\/v2\/product\/69978","targetHints":{"allow":["GET"]}}],"collection":[{"href":"https:\/\/staging6.peach-pump.com\/hu\/wp-json\/wp\/v2\/product"}],"about":[{"href":"https:\/\/staging6.peach-pump.com\/hu\/wp-json\/wp\/v2\/types\/product"}],"replies":[{"embeddable":true,"href":"https:\/\/staging6.peach-pump.com\/hu\/wp-json\/wp\/v2\/comments?post=69978"}],"version-history":[{"count":0,"href":"https:\/\/staging6.peach-pump.com\/hu\/wp-json\/wp\/v2\/product\/69978\/revisions"}],"wp:featuredmedia":[{"embeddable":true,"href":"https:\/\/staging6.peach-pump.com\/hu\/wp-json\/wp\/v2\/media\/87402"}],"wp:attachment":[{"href":"https:\/\/staging6.peach-pump.com\/hu\/wp-json\/wp\/v2\/media?parent=69978"}],"wp:term":[{"taxonomy":"product_brand","embeddable":true,"href":"https:\/\/staging6.peach-pump.com\/hu\/wp-json\/wp\/v2\/product_brand?post=69978"},{"taxonomy":"product_cat","embeddable":true,"href":"https:\/\/staging6.peach-pump.com\/hu\/wp-json\/wp\/v2\/product_cat?post=69978"},{"taxonomy":"product_tag","embeddable":true,"href":"https:\/\/staging6.peach-pump.com\/hu\/wp-json\/wp\/v2\/product_tag?post=69978"}],"curies":[{"name":"wp","href":"https:\/\/api.w.org\/{rel}","templated":true}]}}