{"id":73578,"date":"2024-04-06T14:34:39","date_gmt":"2024-04-06T12:34:39","guid":{"rendered":"https:\/\/staging6.peach-pump.com\/?post_type=product&p=73578"},"modified":"2025-11-09T18:20:36","modified_gmt":"2025-11-09T16:20:36","slug":"feliratos-polo-feher-kekkel","status":"publish","type":"product","link":"https:\/\/staging6.peach-pump.com\/hu\/products\/feliratos-polo-feher-kekkel\/","title":{"rendered":"Feliratos p\u00f3l\u00f3, feh\u00e9r k\u00e9kkel"},"content":{"rendered":"<p>Sport pamut p\u00f3l\u00f3 felirattal, r\u00f6vid ujjakkal \u00e9s \u00e9les V-nyakkal. A p\u00f3l\u00f3 feh\u00e9r, k\u00e9k log\u00f3val, mandzsett\u00e1val \u00e9s 3D Peach Pump h\u00edmz\u00e9ssel. Limit\u00e1lt kiad\u00e1s\u00fa Peach Pump sport p\u00f3l\u00f3, amelyben k\u00e9nyelmesen, szabadon \u00e9s szexin \u00e9rezheti mag\u00e1t. Ez a diz\u00e1jn t\u00f6k\u00e9letesen p\u00e1ros\u00edthat\u00f3 a m\u00e1rka r\u00f6vidnadr\u00e1gj\u00e1val vagy leggings\u00e9vel, hogy t\u00f6k\u00e9letes befejez\u00e9st adjon az \u00f6lt\u00f6z\u00e9k\u00e9nek, amely sportol\u00e1shoz \u00e9s szabadid\u0151h\u00f6z egyar\u00e1nt alkalmas.<\/p>\n<ul>\n<li>Pamut p\u00f3l\u00f3<\/li>\n<li>V-nyak mandzsett\u00e1val<\/li>\n<li>3D Peach Pump h\u00edmz\u00e9s<\/li>\n<li>Laza szab\u00e1s<\/li>\n<li>R\u00f6vid ujj\u00fa<\/li>\n<\/ul>\n<p>Anyag\u00f6sszet\u00e9tel: 95% pamut, 5% elaszt\u00e1n<\/p>\n<p>A fels\u0151 k\u00edm\u00e9l\u0151 mos\u00e1ssal, legfeljebb 30 fokon moshat\u00f3. K\u00e9rj\u00fck, a tiszt\u00edt\u00e1s sor\u00e1n ne haszn\u00e1ljon feh\u00e9r\u00edt\u0151t vagy vegyi tiszt\u00edt\u00f3szereket.<\/p>\n<p>A k\u00e9pen l\u00e1that\u00f3 modell 170 magas, 49 kg s\u00faly\u00fa, \u00e9s S-es m\u00e9retet visel.<\/p>\n<p>A megfelel\u0151 m\u00e9ret pontos kiv\u00e1laszt\u00e1s\u00e1hoz k\u00e9rj\u00fck tekintse meg a m\u00e9rett\u00e1bl\u00e1zatunkat.<\/p>\n","protected":false},"excerpt":{"rendered":"<p>Sport pamut p\u00f3l\u00f3 felirattal, r\u00f6vid ujjakkal \u00e9s \u00e9les V-nyakkal. A p\u00f3l\u00f3 feh\u00e9r, k\u00e9k log\u00f3val, mandzsett\u00e1val \u00e9s 3D Peach Pump h\u00edmz\u00e9ssel. Limit\u00e1lt kiad\u00e1s\u00fa Peach Pump sport p\u00f3l\u00f3, amelyben k\u00e9nyelmesen, szabadon \u00e9s szexin \u00e9rezheti mag\u00e1t. Ez a diz\u00e1jn t\u00f6k\u00e9letesen p\u00e1ros\u00edthat\u00f3 a m\u00e1rka r\u00f6vidnadr\u00e1gj\u00e1val vagy leggings\u00e9vel, hogy t\u00f6k\u00e9letes befejez\u00e9st adjon az \u00f6lt\u00f6z\u00e9k\u00e9nek, amely sportol\u00e1shoz \u00e9s szabadid\u0151h\u00f6z egyar\u00e1nt alkalmas. [&hellip;]<\/p>\n","protected":false},"featured_media":73855,"comment_status":"open","ping_status":"closed","template":"","meta":[],"product_brand":[],"product_cat":[355],"product_tag":[],"class_list":{"0":"post-73578","1":"product","2":"type-product","3":"status-publish","4":"has-post-thumbnail","6":"product_cat-noi-polo-fitneszhez","7":"pa_cviat-kek","8":"pa_razmer-m-hu","9":"pa_razmer-s-hu-2","10":"inventories-world","11":"inventories-uk","13":"first","14":"instock","15":"sale","16":"taxable","17":"shipping-taxable","18":"purchasable","19":"product-type-variable"},"_links":{"self":[{"href":"https:\/\/staging6.peach-pump.com\/hu\/wp-json\/wp\/v2\/product\/73578","targetHints":{"allow":["GET"]}}],"collection":[{"href":"https:\/\/staging6.peach-pump.com\/hu\/wp-json\/wp\/v2\/product"}],"about":[{"href":"https:\/\/staging6.peach-pump.com\/hu\/wp-json\/wp\/v2\/types\/product"}],"replies":[{"embeddable":true,"href":"https:\/\/staging6.peach-pump.com\/hu\/wp-json\/wp\/v2\/comments?post=73578"}],"version-history":[{"count":0,"href":"https:\/\/staging6.peach-pump.com\/hu\/wp-json\/wp\/v2\/product\/73578\/revisions"}],"wp:featuredmedia":[{"embeddable":true,"href":"https:\/\/staging6.peach-pump.com\/hu\/wp-json\/wp\/v2\/media\/73855"}],"wp:attachment":[{"href":"https:\/\/staging6.peach-pump.com\/hu\/wp-json\/wp\/v2\/media?parent=73578"}],"wp:term":[{"taxonomy":"product_brand","embeddable":true,"href":"https:\/\/staging6.peach-pump.com\/hu\/wp-json\/wp\/v2\/product_brand?post=73578"},{"taxonomy":"product_cat","embeddable":true,"href":"https:\/\/staging6.peach-pump.com\/hu\/wp-json\/wp\/v2\/product_cat?post=73578"},{"taxonomy":"product_tag","embeddable":true,"href":"https:\/\/staging6.peach-pump.com\/hu\/wp-json\/wp\/v2\/product_tag?post=73578"}],"curies":[{"name":"wp","href":"https:\/\/api.w.org\/{rel}","templated":true}]}}