{"id":73598,"date":"2024-04-06T15:11:19","date_gmt":"2024-04-06T13:11:19","guid":{"rendered":"https:\/\/staging6.peach-pump.com\/?post_type=product&#038;p=73598"},"modified":"2025-11-02T13:10:27","modified_gmt":"2025-11-02T11:10:27","slug":"rozsaszin-felso-rovid","status":"publish","type":"product","link":"https:\/\/staging6.peach-pump.com\/hu\/products\/rozsaszin-felso-rovid\/","title":{"rendered":"R\u00f6vid r\u00f3zsasz\u00edn sport fels\u0151 h\u00edmzett Peach Pump felirattal"},"content":{"rendered":"<p>R\u00f6vid r\u00f3zsasz\u00edn sport fels\u0151 aktu\u00e1lis diz\u00e1jnnal \u00e9s mutat\u00f3s feh\u00e9r Peach Pump 3D h\u00edmzett felirattal. Ez a Crop Top pamutb\u00f3l k\u00e9sz\u00fclt, kellemes tapint\u00e1s\u00fa \u00e9s ide\u00e1lis a melegebb id\u0151j\u00e1r\u00e1shoz. Alkalmas mind szabadid\u0151s s\u00e9t\u00e1ra, mind edz\u00e9sre az edz\u0151teremben, k\u00f6nnyeds\u00e9g \u00e9s a k\u00e9nyelem \u00e9rzet\u00e9t kelt\u0151 ruha darab. A modell t\u00f6k\u00e9letesen p\u00e1ros\u00edthat\u00f3 a m\u00e1rka r\u00f6vidnadr\u00e1gj\u00e1val vagy leggings\u00e9vel, hogy teljes legyen a t\u00f6k\u00e9letes megjelen\u00e9se.<\/p>\n<ul>\n<li>Crop Top<\/li>\n<li>K\u00fcl\u00f6nleges diz\u00e1jn<\/li>\n<li>3D h\u00edmzett felirat \u00e9s Peach Pump log\u00f3 az el\u00fcls\u0151 r\u00e9szen<\/li>\n<li>Pamut sz\u00f6vet<\/li>\n<\/ul>\n<p>Anyag\u00f6sszet\u00e9tel: 95% pamut, 5% elaszt\u00e1n<\/p>\n<p>A fels\u0151 k\u00edm\u00e9l\u0151 mos\u00e1ssal, legfeljebb 30 fokon moshat\u00f3. K\u00e9rj\u00fck, a tiszt\u00edt\u00e1s sor\u00e1n ne haszn\u00e1ljon feh\u00e9r\u00edt\u0151t vagy vegyi tiszt\u00edt\u00f3szereket.<\/p>\n<p>A k\u00e9pen l\u00e1that\u00f3 modell 170 magas, 49 kg s\u00faly\u00fa, \u00e9s S-es m\u00e9retet visel.<\/p>\n<p>A megfelel\u0151 m\u00e9ret pontos kiv\u00e1laszt\u00e1s\u00e1hoz k\u00e9rj\u00fck tekintse meg a m\u00e9rett\u00e1bl\u00e1zatunkat.<\/p>\n","protected":false},"excerpt":{"rendered":"<p>R\u00f6vid r\u00f3zsasz\u00edn sport fels\u0151 aktu\u00e1lis diz\u00e1jnnal \u00e9s mutat\u00f3s feh\u00e9r Peach Pump 3D h\u00edmzett felirattal. Ez a Crop Top pamutb\u00f3l k\u00e9sz\u00fclt, kellemes tapint\u00e1s\u00fa \u00e9s ide\u00e1lis a melegebb id\u0151j\u00e1r\u00e1shoz. Alkalmas mind szabadid\u0151s s\u00e9t\u00e1ra, mind edz\u00e9sre az edz\u0151teremben, k\u00f6nnyeds\u00e9g \u00e9s a k\u00e9nyelem \u00e9rzet\u00e9t kelt\u0151 ruha darab. A modell t\u00f6k\u00e9letesen p\u00e1ros\u00edthat\u00f3 a m\u00e1rka r\u00f6vidnadr\u00e1gj\u00e1val vagy leggings\u00e9vel, hogy teljes legyen [&hellip;]<\/p>\n","protected":false},"featured_media":73962,"comment_status":"open","ping_status":"closed","template":"","meta":[],"product_brand":[],"product_cat":[355],"product_tag":[],"class_list":{"0":"post-73598","1":"product","2":"type-product","3":"status-publish","4":"has-post-thumbnail","6":"product_cat-noi-polo-fitneszhez","7":"pa_cviat-rozsaszin","8":"pa_razmer-m-hu","9":"pa_razmer-s-hu-2","10":"inventories-world","11":"inventories-uk","13":"first","14":"instock","15":"taxable","16":"shipping-taxable","17":"purchasable","18":"product-type-variable"},"_links":{"self":[{"href":"https:\/\/staging6.peach-pump.com\/en\/wp-json\/wp\/v2\/product\/73598","targetHints":{"allow":["GET"]}}],"collection":[{"href":"https:\/\/staging6.peach-pump.com\/en\/wp-json\/wp\/v2\/product"}],"about":[{"href":"https:\/\/staging6.peach-pump.com\/en\/wp-json\/wp\/v2\/types\/product"}],"replies":[{"embeddable":true,"href":"https:\/\/staging6.peach-pump.com\/en\/wp-json\/wp\/v2\/comments?post=73598"}],"version-history":[{"count":0,"href":"https:\/\/staging6.peach-pump.com\/en\/wp-json\/wp\/v2\/product\/73598\/revisions"}],"wp:featuredmedia":[{"embeddable":true,"href":"https:\/\/staging6.peach-pump.com\/en\/wp-json\/wp\/v2\/media\/73962"}],"wp:attachment":[{"href":"https:\/\/staging6.peach-pump.com\/en\/wp-json\/wp\/v2\/media?parent=73598"}],"wp:term":[{"taxonomy":"product_brand","embeddable":true,"href":"https:\/\/staging6.peach-pump.com\/en\/wp-json\/wp\/v2\/product_brand?post=73598"},{"taxonomy":"product_cat","embeddable":true,"href":"https:\/\/staging6.peach-pump.com\/en\/wp-json\/wp\/v2\/product_cat?post=73598"},{"taxonomy":"product_tag","embeddable":true,"href":"https:\/\/staging6.peach-pump.com\/en\/wp-json\/wp\/v2\/product_tag?post=73598"}],"curies":[{"name":"wp","href":"https:\/\/api.w.org\/{rel}","templated":true}]}}