{"id":73755,"date":"2024-04-06T21:20:46","date_gmt":"2024-04-06T19:20:46","guid":{"rendered":"https:\/\/staging6.peach-pump.com\/?post_type=product&#038;p=73755"},"modified":"2025-10-03T10:33:17","modified_gmt":"2025-10-03T08:33:17","slug":"noi-sportdzseki-szeldzseki-rozsaszin","status":"publish","type":"product","link":"https:\/\/staging6.peach-pump.com\/hu\/products\/noi-sportdzseki-szeldzseki-rozsaszin\/","title":{"rendered":"R\u00f3zsasz\u00edn n\u0151i sz\u00e9ldzseki"},"content":{"rendered":"<p>Rozsasz\u00edn n\u0151i sportdzseki kapucnival, a m\u00e1rka limit\u00e1lt kiad\u00e1sa, l\u00e1tv\u00e1nyos diz\u00e1jnnal, vil\u00e1gos r\u00f3zsasz\u00edn sz\u00ednben. Ez a sz\u00e9ldzseki modell alkalmas fut\u00e1shoz \u00e9s s\u00e9t\u00e1hoz egyar\u00e1nt, ide\u00e1lis a tavaszi szeles vagy a ny\u00e1ri meleg napokra is. A kapucnis sportdzseki der\u00e9k k\u00f6t\u00e9ssel \u00e9s gum\u00edrozott Peach Pump log\u00f3val rendelkezik. Az anyag gy\u00f6ny\u00f6r\u0171en megt\u00f6ri a f\u00e9nyt, \u00e9s egy univerzumi diz\u00e1jn \u00e9rzet\u00e9t kelti. Ezzel a gy\u00f6ny\u00f6r\u0171 modellel kit\u0171nik a t\u00f6megb\u0151l \u00e9s mindenkit leny\u0171g\u00f6zni fog, t\u00f6k\u00e9letesen kombin\u00e1lhat\u00f3 a m\u00e1rka t\u00f6bbi sportruh\u00e1zat\u00e1val.<\/p>\n<ul>\n<li>F\u00e9nyvisszaver\u0151 anyag<\/li>\n<li>Kapucni<\/li>\n<li>\u00c1ll\u00edthat\u00f3 szeg\u00e9ly rugalmas megk\u00f6t\u0151vel<\/li>\n<li>Cipz\u00e1ras z\u00e1r\u00f3d\u00e1s el\u00fcls\u0151 r\u00e9szen<\/li>\n<li>Gum\u00edrozott Peach Pump log\u00f3<\/li>\n<li>Gumis mandzsetta<\/li>\n<\/ul>\n<p>Anyag\u00f6sszet\u00e9tel: 100% poli\u00e9szter<\/p>\n<p>A fels\u0151 30 fokig moshat\u00f3, k\u00e9rj\u00fck, ne haszn\u00e1ljon feh\u00e9r\u00edt\u0151t vagy vegytiszt\u00edt\u00e1st.<\/p>\n<p>A k\u00e9pen l\u00e1that\u00f3 modell 170 magas, 49 kg s\u00faly\u00fa, \u00e9s S-es m\u00e9retet visel.<\/p>\n<p>A pontos m\u00e9ret kiv\u00e1laszt\u00e1s\u00e1hoz, k\u00e9rj\u00fck haszn\u00e1lja a m\u00e9rett\u00e1bl\u00e1zatokat.<\/p>\n","protected":false},"excerpt":{"rendered":"<p>Rozsasz\u00edn n\u0151i sportdzseki kapucnival, a m\u00e1rka limit\u00e1lt kiad\u00e1sa, l\u00e1tv\u00e1nyos diz\u00e1jnnal, vil\u00e1gos r\u00f3zsasz\u00edn sz\u00ednben. Ez a sz\u00e9ldzseki modell alkalmas fut\u00e1shoz \u00e9s s\u00e9t\u00e1hoz egyar\u00e1nt, ide\u00e1lis a tavaszi szeles vagy a ny\u00e1ri meleg napokra is. A kapucnis sportdzseki der\u00e9k k\u00f6t\u00e9ssel \u00e9s gum\u00edrozott Peach Pump log\u00f3val rendelkezik. Az anyag gy\u00f6ny\u00f6r\u0171en megt\u00f6ri a f\u00e9nyt, \u00e9s egy univerzumi diz\u00e1jn \u00e9rzet\u00e9t kelti. [&hellip;]<\/p>\n","protected":false},"featured_media":74095,"comment_status":"open","ping_status":"closed","template":"","meta":[],"product_brand":[],"product_cat":[922],"product_tag":[],"class_list":{"0":"post-73755","1":"product","2":"type-product","3":"status-publish","4":"has-post-thumbnail","6":"product_cat-dzsekik","7":"pa_cviat-rozsaszin","8":"pa_razmer-m-hu","9":"pa_razmer-s-hu-2","10":"inventories-world","11":"inventories-uk","13":"first","14":"instock","15":"taxable","16":"shipping-taxable","17":"purchasable","18":"product-type-variable"},"_links":{"self":[{"href":"https:\/\/staging6.peach-pump.com\/hu\/wp-json\/wp\/v2\/product\/73755","targetHints":{"allow":["GET"]}}],"collection":[{"href":"https:\/\/staging6.peach-pump.com\/hu\/wp-json\/wp\/v2\/product"}],"about":[{"href":"https:\/\/staging6.peach-pump.com\/hu\/wp-json\/wp\/v2\/types\/product"}],"replies":[{"embeddable":true,"href":"https:\/\/staging6.peach-pump.com\/hu\/wp-json\/wp\/v2\/comments?post=73755"}],"version-history":[{"count":0,"href":"https:\/\/staging6.peach-pump.com\/hu\/wp-json\/wp\/v2\/product\/73755\/revisions"}],"wp:featuredmedia":[{"embeddable":true,"href":"https:\/\/staging6.peach-pump.com\/hu\/wp-json\/wp\/v2\/media\/74095"}],"wp:attachment":[{"href":"https:\/\/staging6.peach-pump.com\/hu\/wp-json\/wp\/v2\/media?parent=73755"}],"wp:term":[{"taxonomy":"product_brand","embeddable":true,"href":"https:\/\/staging6.peach-pump.com\/hu\/wp-json\/wp\/v2\/product_brand?post=73755"},{"taxonomy":"product_cat","embeddable":true,"href":"https:\/\/staging6.peach-pump.com\/hu\/wp-json\/wp\/v2\/product_cat?post=73755"},{"taxonomy":"product_tag","embeddable":true,"href":"https:\/\/staging6.peach-pump.com\/hu\/wp-json\/wp\/v2\/product_tag?post=73755"}],"curies":[{"name":"wp","href":"https:\/\/api.w.org\/{rel}","templated":true}]}}