{"id":79360,"date":"2024-05-14T21:24:29","date_gmt":"2024-05-14T19:24:29","guid":{"rendered":"https:\/\/staging6.peach-pump.com\/products\/percent-d1-percent-d0-percent-d0-percent-d1-percent-d1-percent-d0-percent-d0-percent-d0-percent-d0-percent-d0-percent-d0-percent-d1-percent-d1-percent-d0-percent-d0-percent-d0-percent-d0-percent-d1-pe\/"},"modified":"2025-10-09T23:16:52","modified_gmt":"2025-10-09T21:16:52","slug":"fekete-crop-pulover","status":"publish","type":"product","link":"https:\/\/staging6.peach-pump.com\/hu\/products\/fekete-crop-pulover\/","title":{"rendered":"Fekete crop pul\u00f3ver puha h\u00edmz\u00e9ssel"},"content":{"rendered":"<p>Sport fekete crop pul\u00f3ver sz\u00e9les ujjakkal, 100% pamutb\u00f3l. Ez a divatos modell sport pul\u00f3ver az egyik v\u00e1ll\u00e1n has\u00edt\u00e9kkal, l\u00e1tv\u00e1nyos 3D puha h\u00edmz\u00e9tt felirattal rendelkezik. A sportruh\u00e1zat f\u00f6l\u00f6tt viselhet\u0151 az edz\u0151teremben vagy s\u00e9ta k\u00f6zben. K\u00e9nyelem \u00e9s mozg\u00e1sszabads\u00e1g.<\/p>\n<ul>\n<li>Has\u00edt\u00e9k a v\u00e1llon<\/li>\n<li>Hat\u00e9kony 3D h\u00edmz\u00e9s puha bet\u0171kkel<\/li>\n<li>Crop pul\u00f3ver<\/li>\n<li>Sz\u00e9les ujjak<\/li>\n<li>Univerz\u00e1lis m\u00e9ret<\/li>\n<\/ul>\n<p>100% pamut<\/p>\n<p>A pul\u00f3ver k\u00edm\u00e9l\u0151 mos\u00e1ssal, legfeljebb 30 fokon moshat\u00f3. K\u00e9rj\u00fck, a tiszt\u00edt\u00e1s sor\u00e1n ne haszn\u00e1ljon feh\u00e9r\u00edt\u0151t vagy vegyi tiszt\u00edt\u00f3szereket.<\/p>\n<p>A k\u00e9pen l\u00e1that\u00f3 modell 178 magas, s\u00falya 54 kg.<\/p>\n<p>&nbsp;<\/p>\n","protected":false},"excerpt":{"rendered":"<p>Sport fekete crop pul\u00f3ver sz\u00e9les ujjakkal, 100% pamutb\u00f3l. Ez a divatos modell sport pul\u00f3ver az egyik v\u00e1ll\u00e1n has\u00edt\u00e9kkal, l\u00e1tv\u00e1nyos 3D puha h\u00edmz\u00e9tt felirattal rendelkezik. A sportruh\u00e1zat f\u00f6l\u00f6tt viselhet\u0151 az edz\u0151teremben vagy s\u00e9ta k\u00f6zben. K\u00e9nyelem \u00e9s mozg\u00e1sszabads\u00e1g. Has\u00edt\u00e9k a v\u00e1llon Hat\u00e9kony 3D h\u00edmz\u00e9s puha bet\u0171kkel Crop pul\u00f3ver Sz\u00e9les ujjak Univerz\u00e1lis m\u00e9ret 100% pamut A pul\u00f3ver k\u00edm\u00e9l\u0151 [&hellip;]<\/p>\n","protected":false},"featured_media":77856,"comment_status":"open","ping_status":"closed","template":"","meta":[],"product_brand":[],"product_cat":[355,1122],"product_tag":[],"class_list":{"0":"post-79360","1":"product","2":"type-product","3":"status-publish","4":"has-post-thumbnail","6":"product_cat-noi-polo-fitneszhez","7":"product_cat-noi-kapucnis-puloverek-cipzaras","8":"pa_cviat-fekete","9":"pa_razmer-one-size-hu","10":"inventories-world","11":"inventories-uk","13":"first","14":"instock","15":"taxable","16":"shipping-taxable","17":"purchasable","18":"product-type-variable"},"_links":{"self":[{"href":"https:\/\/staging6.peach-pump.com\/en\/wp-json\/wp\/v2\/product\/79360","targetHints":{"allow":["GET"]}}],"collection":[{"href":"https:\/\/staging6.peach-pump.com\/en\/wp-json\/wp\/v2\/product"}],"about":[{"href":"https:\/\/staging6.peach-pump.com\/en\/wp-json\/wp\/v2\/types\/product"}],"replies":[{"embeddable":true,"href":"https:\/\/staging6.peach-pump.com\/en\/wp-json\/wp\/v2\/comments?post=79360"}],"version-history":[{"count":0,"href":"https:\/\/staging6.peach-pump.com\/en\/wp-json\/wp\/v2\/product\/79360\/revisions"}],"wp:featuredmedia":[{"embeddable":true,"href":"https:\/\/staging6.peach-pump.com\/en\/wp-json\/wp\/v2\/media\/77856"}],"wp:attachment":[{"href":"https:\/\/staging6.peach-pump.com\/en\/wp-json\/wp\/v2\/media?parent=79360"}],"wp:term":[{"taxonomy":"product_brand","embeddable":true,"href":"https:\/\/staging6.peach-pump.com\/en\/wp-json\/wp\/v2\/product_brand?post=79360"},{"taxonomy":"product_cat","embeddable":true,"href":"https:\/\/staging6.peach-pump.com\/en\/wp-json\/wp\/v2\/product_cat?post=79360"},{"taxonomy":"product_tag","embeddable":true,"href":"https:\/\/staging6.peach-pump.com\/en\/wp-json\/wp\/v2\/product_tag?post=79360"}],"curies":[{"name":"wp","href":"https:\/\/api.w.org\/{rel}","templated":true}]}}