{"id":79382,"date":"2024-05-14T21:38:58","date_gmt":"2024-05-14T19:38:58","guid":{"rendered":"https:\/\/staging6.peach-pump.com\/products\/percent-d0-percent-d0-percent-d0-percent-d0-percent-d0-percent-d1-percent-d1-percent-d0-percent-d0-percent-d0-percent-d0-percent-d0-percent-d0-percent-d1-percent-d1-percent-d0-percent-d0-percent-d0-2\/"},"modified":"2025-07-15T13:59:42","modified_gmt":"2025-07-15T11:59:42","slug":"sulyemelo-csuklopant-rozsaszin","status":"publish","type":"product","link":"https:\/\/staging6.peach-pump.com\/hu\/products\/sulyemelo-csuklopant-rozsaszin\/","title":{"rendered":"N\u0151i s\u00falyemel\u0151 csukl\u00f3p\u00e1nt r\u00f3zsasz\u00ednben"},"content":{"rendered":"<p>K\u00e9nyelmes n\u0151i s\u00falyemel\u0151 csukl\u00f3p\u00e1nt r\u00f3zsasz\u00ednben, amelyek jobb fog\u00e1st biztos\u00edtanak bizonyos gyakorlatok elv\u00e9gz\u00e9s\u00e9hez, edz\u0151termi edz\u00e9sekhez vagy a cross-fit teremben. Haszn\u00e1lhat\u00f3k h\u00faz\u00f3dzkod\u00e1shoz, felh\u00faz\u00e1shoz \u00e9s m\u00e1s gyakorlatokhoz, a fels\u0151 r\u00e9sz\u00fck pedig a teny\u00e9r v\u00e9delm\u00e9re is haszn\u00e1lhat\u00f3. B\u0151r fels\u0151r\u00e9sszel \u00e9s mandzsett\u00e1val rendelkeznek, amelyek szil\u00e1rdan r\u00f6gz\u00edtik a fog\u00e1st.<\/p>\n<ul>\n<li>B\u0151r fels\u0151r\u00e9sz a jobb tapad\u00e1s\u00e9rt edz\u00e9s k\u00f6zben<\/li>\n<li>T\u00e9p\u0151z\u00e1r\u00e1s csukl\u00f3p\u00e1ntal<\/li>\n<li>Gumirozott log\u00f3<\/li>\n<li>Neopr\u00e9n p\u00e1rn\u00e1zott csukl\u00f3band\u00e1zs<\/li>\n<li>T\u00e1rol\u00f3 t\u00e1ska<\/li>\n<\/ul>\n<p>Anyag\u00f6sszet\u00e9tel: b\u0151r, gumi, neopr\u00e9n<\/p>\n<p>Univerz\u00e1lis m\u00e9ret<\/p>\n","protected":false},"excerpt":{"rendered":"<p>K\u00e9nyelmes n\u0151i s\u00falyemel\u0151 csukl\u00f3p\u00e1nt r\u00f3zsasz\u00ednben, amelyek jobb fog\u00e1st biztos\u00edtanak bizonyos gyakorlatok elv\u00e9gz\u00e9s\u00e9hez, edz\u0151termi edz\u00e9sekhez vagy a cross-fit teremben. Haszn\u00e1lhat\u00f3k h\u00faz\u00f3dzkod\u00e1shoz, felh\u00faz\u00e1shoz \u00e9s m\u00e1s gyakorlatokhoz, a fels\u0151 r\u00e9sz\u00fck pedig a teny\u00e9r v\u00e9delm\u00e9re is haszn\u00e1lhat\u00f3. B\u0151r fels\u0151r\u00e9sszel \u00e9s mandzsett\u00e1val rendelkeznek, amelyek szil\u00e1rdan r\u00f6gz\u00edtik a fog\u00e1st. B\u0151r fels\u0151r\u00e9sz a jobb tapad\u00e1s\u00e9rt edz\u00e9s k\u00f6zben T\u00e9p\u0151z\u00e1r\u00e1s csukl\u00f3p\u00e1ntal Gumirozott log\u00f3 Neopr\u00e9n [&hellip;]<\/p>\n","protected":false},"featured_media":77914,"comment_status":"open","ping_status":"closed","template":"","meta":[],"product_brand":[],"product_cat":[926],"product_tag":[],"class_list":{"0":"post-79382","1":"product","2":"type-product","3":"status-publish","4":"has-post-thumbnail","6":"product_cat-noi-sport-kiegeszitok","7":"pa_cviat-rozsaszin","8":"pa_razmer-one-size-hu","9":"inventories-world","10":"inventories-uk","12":"first","13":"instock","14":"taxable","15":"shipping-taxable","16":"purchasable","17":"product-type-variable"},"_links":{"self":[{"href":"https:\/\/staging6.peach-pump.com\/en\/wp-json\/wp\/v2\/product\/79382","targetHints":{"allow":["GET"]}}],"collection":[{"href":"https:\/\/staging6.peach-pump.com\/en\/wp-json\/wp\/v2\/product"}],"about":[{"href":"https:\/\/staging6.peach-pump.com\/en\/wp-json\/wp\/v2\/types\/product"}],"replies":[{"embeddable":true,"href":"https:\/\/staging6.peach-pump.com\/en\/wp-json\/wp\/v2\/comments?post=79382"}],"version-history":[{"count":0,"href":"https:\/\/staging6.peach-pump.com\/en\/wp-json\/wp\/v2\/product\/79382\/revisions"}],"wp:featuredmedia":[{"embeddable":true,"href":"https:\/\/staging6.peach-pump.com\/en\/wp-json\/wp\/v2\/media\/77914"}],"wp:attachment":[{"href":"https:\/\/staging6.peach-pump.com\/en\/wp-json\/wp\/v2\/media?parent=79382"}],"wp:term":[{"taxonomy":"product_brand","embeddable":true,"href":"https:\/\/staging6.peach-pump.com\/en\/wp-json\/wp\/v2\/product_brand?post=79382"},{"taxonomy":"product_cat","embeddable":true,"href":"https:\/\/staging6.peach-pump.com\/en\/wp-json\/wp\/v2\/product_cat?post=79382"},{"taxonomy":"product_tag","embeddable":true,"href":"https:\/\/staging6.peach-pump.com\/en\/wp-json\/wp\/v2\/product_tag?post=79382"}],"curies":[{"name":"wp","href":"https:\/\/api.w.org\/{rel}","templated":true}]}}