{"id":82729,"date":"2024-06-25T12:22:43","date_gmt":"2024-06-25T10:22:43","guid":{"rendered":"https:\/\/staging6.peach-pump.com\/products\/percent-d0-percent-d1-percent-d1-percent-d0-percent-d0-percent-d1-percent-d1-percent-d0-percent-d0-percent-d0-percent-d0-percent-d0-percent-d0-percent-d0-percent-d0-percent-d1-percent-d1-percent-d0-pe\/"},"modified":"2025-11-10T17:42:24","modified_gmt":"2025-11-10T15:42:24","slug":"sarga-trapez-szaru-leggings-alakformalo","status":"publish","type":"product","link":"https:\/\/staging6.peach-pump.com\/hu\/products\/sarga-trapez-szaru-leggings-alakformalo\/","title":{"rendered":"S\u00e1rga trap\u00e9z sz\u00e1r\u00fa leggings alakform\u00e1l\u00f3 hat\u00e1ssal"},"content":{"rendered":"<p>Varr\u00e1s n\u00e9lk\u00fcli s\u00e1rga trap\u00e9z sz\u00e1r\u00fa leggings alakform\u00e1l\u00f3 \u00e9s kiemel\u0151 Peach Pump hat\u00e1ssal. A model karcs\u00fav\u00e1 var\u00e1zsolja a sziluettet, meghosszabb\u00edtja a l\u00e1bakat \u00e9s form\u00e1lja a cs\u00edp\u0151t. Nagyon trendi \u00e9s mutat\u00f3s ebben a szezonban. P\u00e1ros\u00edthat\u00f3 egy sportmelltart\u00f3val az \u00faj kollekci\u00f3nkb\u00f3l. A leggings rendk\u00edv\u00fcl rugalmas \u00e9s l\u00e9g\u00e1tereszt\u0151 anyagb\u00f3l k\u00e9sz\u00fclt, elvezeti a nedvess\u00e9get a testt\u0151l, \u00edgy teljes mozg\u00e1sszabads\u00e1got biztos\u00edt, ez\u00e1ltal magabiztosan \u00e9s szexisen \u00e9rezheti mag\u00e1t. Alkalmas edz\u00e9sre vagy s\u00e9t\u00e1hoz a parkban.<\/p>\n<ul>\n<li>Sz\u00e9les sz\u00e1r\u00fa trap\u00e9znadr\u00e1g<\/li>\n<li>Varr\u00e1s n\u00e9lk\u00fcli el\u00fcls\u0151 r\u00e9sz<\/li>\n<li>T\u00f6k\u00e9letesen form\u00e1lja az alakot, ezzel elrejti a probl\u00e9m\u00e1s r\u00e9szeket.<\/li>\n<li>Rugalmas anyag<\/li>\n<li>Peachy hat\u00e1s<\/li>\n<li>H\u0151pr\u00e9ssel r\u00f6gz\u00edtett Peach Pump log\u00f3 a leggings h\u00e1toldal\u00e1n<\/li>\n<li>Peach Pump felirat a comb el\u00fcls\u0151 r\u00e9szen<\/li>\n<li>Kiemelked\u0151 izzads\u00e1gelvezet\u0151 tulajdons\u00e1gokkal rendelkez\u0151 anyag<\/li>\n<li>K\u00fcl\u00f6nleges szab\u00e1s<\/li>\n<li>Magas\u00edtott der\u00e9kr\u00e9sz<\/li>\n<\/ul>\n<p>Anyag\u00f6sszet\u00e9tel: 80% poli\u00e9szter, 20% elaszt\u00e1n<\/p>\n<p>Modell 1: a k\u00e9pen 167 cm magas, 52 kg s\u00faly\u00fa, \u00e9s S-es m\u00e9retet visel.<\/p>\n<p>Modell 2: a k\u00e9pen 178 cm magas, 56 kg s\u00faly\u00fa, M-es m\u00e9retet visel.<\/p>\n<p>A leggings k\u00edm\u00e9l\u0151 mos\u00e1ssal, legfeljebb 30 fokon moshat\u00f3. K\u00e9rj\u00fck, a tiszt\u00edt\u00e1s sor\u00e1n ne haszn\u00e1ljon feh\u00e9r\u00edt\u0151t vagy vegyi tiszt\u00edt\u00f3szereket.<\/p>\n<p>A pontos m\u00e9ret kiv\u00e1laszt\u00e1s\u00e1hoz, k\u00e9rj\u00fck haszn\u00e1lja a m\u00e9rett\u00e1bl\u00e1zatokat.<\/p>\n","protected":false},"excerpt":{"rendered":"<p>Varr\u00e1s n\u00e9lk\u00fcli s\u00e1rga trap\u00e9z sz\u00e1r\u00fa leggings alakform\u00e1l\u00f3 \u00e9s kiemel\u0151 Peach Pump hat\u00e1ssal. A model karcs\u00fav\u00e1 var\u00e1zsolja a sziluettet, meghosszabb\u00edtja a l\u00e1bakat \u00e9s form\u00e1lja a cs\u00edp\u0151t. Nagyon trendi \u00e9s mutat\u00f3s ebben a szezonban. P\u00e1ros\u00edthat\u00f3 egy sportmelltart\u00f3val az \u00faj kollekci\u00f3nkb\u00f3l. A leggings rendk\u00edv\u00fcl rugalmas \u00e9s l\u00e9g\u00e1tereszt\u0151 anyagb\u00f3l k\u00e9sz\u00fclt, elvezeti a nedvess\u00e9get a testt\u0151l, \u00edgy teljes mozg\u00e1sszabads\u00e1got biztos\u00edt, [&hellip;]<\/p>\n","protected":false},"featured_media":82033,"comment_status":"open","ping_status":"closed","template":"","meta":[],"product_brand":[],"product_cat":[304,142],"product_tag":[],"class_list":{"0":"post-82729","1":"product","2":"type-product","3":"status-publish","4":"has-post-thumbnail","6":"product_cat-noi-leggings-hosszu","7":"product_cat-noi-sport-leggings-fitnesz","8":"pa_cviat-sarga","9":"pa_razmer-m-hu","10":"pa_razmer-s-hu-2","11":"inventories-world","12":"inventories-uk","14":"first","15":"instock","16":"sale","17":"taxable","18":"shipping-taxable","19":"purchasable","20":"product-type-variable"},"_links":{"self":[{"href":"https:\/\/staging6.peach-pump.com\/hu\/wp-json\/wp\/v2\/product\/82729","targetHints":{"allow":["GET"]}}],"collection":[{"href":"https:\/\/staging6.peach-pump.com\/hu\/wp-json\/wp\/v2\/product"}],"about":[{"href":"https:\/\/staging6.peach-pump.com\/hu\/wp-json\/wp\/v2\/types\/product"}],"replies":[{"embeddable":true,"href":"https:\/\/staging6.peach-pump.com\/hu\/wp-json\/wp\/v2\/comments?post=82729"}],"version-history":[{"count":0,"href":"https:\/\/staging6.peach-pump.com\/hu\/wp-json\/wp\/v2\/product\/82729\/revisions"}],"wp:featuredmedia":[{"embeddable":true,"href":"https:\/\/staging6.peach-pump.com\/hu\/wp-json\/wp\/v2\/media\/82033"}],"wp:attachment":[{"href":"https:\/\/staging6.peach-pump.com\/hu\/wp-json\/wp\/v2\/media?parent=82729"}],"wp:term":[{"taxonomy":"product_brand","embeddable":true,"href":"https:\/\/staging6.peach-pump.com\/hu\/wp-json\/wp\/v2\/product_brand?post=82729"},{"taxonomy":"product_cat","embeddable":true,"href":"https:\/\/staging6.peach-pump.com\/hu\/wp-json\/wp\/v2\/product_cat?post=82729"},{"taxonomy":"product_tag","embeddable":true,"href":"https:\/\/staging6.peach-pump.com\/hu\/wp-json\/wp\/v2\/product_tag?post=82729"}],"curies":[{"name":"wp","href":"https:\/\/api.w.org\/{rel}","templated":true}]}}