{"id":83884,"date":"2024-06-25T11:51:57","date_gmt":"2024-06-25T09:51:57","guid":{"rendered":"https:\/\/staging6.peach-pump.com\/products\/noi-leggings-barna-cappuccino\/"},"modified":"2025-11-10T16:49:00","modified_gmt":"2025-11-10T14:49:00","slug":"noi-leggings-barna-cappuccino","status":"publish","type":"product","link":"https:\/\/staging6.peach-pump.com\/hu\/products\/noi-leggings-barna-cappuccino\/","title":{"rendered":"Varr\u00e1s n\u00e9lk\u00fcli n\u0151i leggings barna cappuccino sz\u00ednben"},"content":{"rendered":"<p>Varr\u00e1smentes n\u0151i magas derek\u00fa leggings barna, cappuccino sz\u00ednben. A modell rugalmas \u00e9s l\u00e9g\u00e1terezt\u0151 anyagb\u00f3l k\u00e9sz\u00fclt, t\u00f6k\u00e9letes Peach Pump alakform\u00e1l\u00f3 hat\u00e1ssal rendelkezik. Alkalmas az aerob \u00e9s anaerob edz\u00e9sekre egyar\u00e1nt. A leggings sz\u00e9les der\u00e9ksz\u00edjjal rendelkezik, amely t\u00f6k\u00e9letesen k\u00f6rbe\u00f6leli a derek\u00e1t \u00e9s form\u00e1lja a cs\u00edp\u0151t, a modell t\u00f6bb gy\u00f6ny\u00f6r\u0171 sz\u00ednben kaphat\u00f3.<\/p>\n<ul>\n<li> Magas\u00edtott der\u00e9kr\u00e9sz<\/li>\n<li> Varr\u00e1smentes anyag<\/li>\n<li> Kiemeli, form\u00e1lja, elrejti a probl\u00e9m\u00e1s r\u00e9szeket<\/li>\n<li> Der\u00e9kra simul\u00f3 bord\u00e1s k\u00f6t\u00e9s\u0171 der\u00e9ksz\u00edj<\/li>\n<li> Peachy hat\u00e1s<\/li>\n<li> Varr\u00e1smentes el\u00fcls\u0151 r\u00e9sz<\/li>\n<li> H\u0151pr\u00e9ssel r\u00f6gz\u00edtett Peach Pump log\u00f3 a leggings h\u00e1toldal\u00e1n<\/li>\n<li> Peach Pump felirat a bok\u00e1n<\/li>\n<li> Olyan anyag, amely l\u00e9g\u00e1tereszt\u0151 \u00e9e nem t\u00e1rtja a nedvess\u00e9get<\/li>\n<\/ul>\n<p>Anyag\u00f6sszet\u00e9tel: 80% poli\u00e9szter, 20% elaszt\u00e1n<\/p>\n<p>A leggings k\u00edm\u00e9l\u0151 mos\u00e1ssal, legfeljebb 30 fokon moshat\u00f3. K\u00e9rj\u00fck, a tiszt\u00edt\u00e1s sor\u00e1n ne haszn\u00e1ljon feh\u00e9r\u00edt\u0151t vagy vegyi tiszt\u00edt\u00f3szereket.<\/p>\n<p>A k\u00e9pen l\u00e1that\u00f3 modell 178 cm magas, 54 kg s\u00faly\u00fa, \u00e9s M-es m\u00e9retet visel (a leggings feszesebb anyagb\u00f3l k\u00e9sz\u00fclt).<\/p>\n<p>K\u00e9rj\u00fck, haszn\u00e1lja a m\u00e9rett\u00e1bl\u00e1zatokat a pontos m\u00e9ret kiv\u00e1laszt\u00e1s\u00e1hoz.<\/p>\n<p><a href=\"https:\/\/staging6.peach-pump.com\/wp-content\/uploads\/2024\/06\/Seamless-leggings-Peach-Pump-Size-Chart.jpg\"><img loading=\"lazy\" decoding=\"async\" class=\"alignnone wp-image-80907 \" src=\"https:\/\/staging6.peach-pump.com\/wp-content\/uploads\/2024\/06\/Seamless-leggings-Peach-Pump-Size-Chart.jpg\" alt=\"\" width=\"753\" height=\"565\" srcset=\"https:\/\/staging6.peach-pump.com\/wp-content\/uploads\/2024\/06\/Seamless-leggings-Peach-Pump-Size-Chart.jpg 1024w, https:\/\/staging6.peach-pump.com\/wp-content\/uploads\/2024\/06\/Seamless-leggings-Peach-Pump-Size-Chart-480x360.jpg 480w, https:\/\/staging6.peach-pump.com\/wp-content\/uploads\/2024\/06\/Seamless-leggings-Peach-Pump-Size-Chart-1000x750.jpg 1000w, https:\/\/staging6.peach-pump.com\/wp-content\/uploads\/2024\/06\/Seamless-leggings-Peach-Pump-Size-Chart-400x300.jpg 400w, https:\/\/staging6.peach-pump.com\/wp-content\/uploads\/2024\/06\/Seamless-leggings-Peach-Pump-Size-Chart-768x576.jpg 768w, https:\/\/staging6.peach-pump.com\/wp-content\/uploads\/2024\/06\/Seamless-leggings-Peach-Pump-Size-Chart-990x743.jpg 990w, https:\/\/staging6.peach-pump.com\/wp-content\/uploads\/2024\/06\/Seamless-leggings-Peach-Pump-Size-Chart-441x331.jpg 441w, https:\/\/staging6.peach-pump.com\/wp-content\/uploads\/2024\/06\/Seamless-leggings-Peach-Pump-Size-Chart-150x113.jpg 150w, https:\/\/staging6.peach-pump.com\/wp-content\/uploads\/2024\/06\/Seamless-leggings-Peach-Pump-Size-Chart-64x48.jpg 64w\" sizes=\"auto, (max-width: 753px) 100vw, 753px\" \/><\/a><\/p>\n","protected":false},"excerpt":{"rendered":"<p>Varr\u00e1smentes n\u0151i magas derek\u00fa leggings barna, cappuccino sz\u00ednben. A modell rugalmas \u00e9s l\u00e9g\u00e1terezt\u0151 anyagb\u00f3l k\u00e9sz\u00fclt, t\u00f6k\u00e9letes Peach Pump alakform\u00e1l\u00f3 hat\u00e1ssal rendelkezik. Alkalmas az aerob \u00e9s anaerob edz\u00e9sekre egyar\u00e1nt. A leggings sz\u00e9les der\u00e9ksz\u00edjjal rendelkezik, amely t\u00f6k\u00e9letesen k\u00f6rbe\u00f6leli a derek\u00e1t \u00e9s form\u00e1lja a cs\u00edp\u0151t, a modell t\u00f6bb gy\u00f6ny\u00f6r\u0171 sz\u00ednben kaphat\u00f3. Magas\u00edtott der\u00e9kr\u00e9sz Varr\u00e1smentes anyag Kiemeli, form\u00e1lja, elrejti [&hellip;]<\/p>\n","protected":false},"featured_media":82614,"comment_status":"open","ping_status":"closed","template":"","meta":[],"product_brand":[],"product_cat":[304,142],"product_tag":[],"class_list":{"0":"post-83884","1":"product","2":"type-product","3":"status-publish","4":"has-post-thumbnail","6":"product_cat-noi-leggings-hosszu","7":"product_cat-noi-sport-leggings-fitnesz","8":"pa_cviat-barna","9":"pa_razmer-l-hu-2","10":"pa_razmer-m-hu","11":"pa_razmer-s-hu-2","12":"pa_razmer-xl-hu","13":"inventories-world","14":"inventories-uk","16":"first","17":"instock","18":"taxable","19":"shipping-taxable","20":"purchasable","21":"product-type-variable"},"_links":{"self":[{"href":"https:\/\/staging6.peach-pump.com\/hu\/wp-json\/wp\/v2\/product\/83884","targetHints":{"allow":["GET"]}}],"collection":[{"href":"https:\/\/staging6.peach-pump.com\/hu\/wp-json\/wp\/v2\/product"}],"about":[{"href":"https:\/\/staging6.peach-pump.com\/hu\/wp-json\/wp\/v2\/types\/product"}],"replies":[{"embeddable":true,"href":"https:\/\/staging6.peach-pump.com\/hu\/wp-json\/wp\/v2\/comments?post=83884"}],"version-history":[{"count":0,"href":"https:\/\/staging6.peach-pump.com\/hu\/wp-json\/wp\/v2\/product\/83884\/revisions"}],"wp:featuredmedia":[{"embeddable":true,"href":"https:\/\/staging6.peach-pump.com\/hu\/wp-json\/wp\/v2\/media\/82614"}],"wp:attachment":[{"href":"https:\/\/staging6.peach-pump.com\/hu\/wp-json\/wp\/v2\/media?parent=83884"}],"wp:term":[{"taxonomy":"product_brand","embeddable":true,"href":"https:\/\/staging6.peach-pump.com\/hu\/wp-json\/wp\/v2\/product_brand?post=83884"},{"taxonomy":"product_cat","embeddable":true,"href":"https:\/\/staging6.peach-pump.com\/hu\/wp-json\/wp\/v2\/product_cat?post=83884"},{"taxonomy":"product_tag","embeddable":true,"href":"https:\/\/staging6.peach-pump.com\/hu\/wp-json\/wp\/v2\/product_tag?post=83884"}],"curies":[{"name":"wp","href":"https:\/\/api.w.org\/{rel}","templated":true}]}}