{"id":83895,"date":"2024-06-26T23:27:39","date_gmt":"2024-06-26T21:27:39","guid":{"rendered":"https:\/\/staging6.peach-pump.com\/products\/feher-sportdzseki-szeldzseki\/"},"modified":"2025-11-06T13:12:53","modified_gmt":"2025-11-06T11:12:53","slug":"feher-sportdzseki-szeldzseki","status":"publish","type":"product","link":"https:\/\/staging6.peach-pump.com\/hu\/products\/feher-sportdzseki-szeldzseki\/","title":{"rendered":"Feh\u00e9r sz\u00e9ldzseki t\u00edpus\u00fa sportdzseki"},"content":{"rendered":"<p>Feh\u00e9r sportdzseki kapucnival, gy\u00f6ngyh\u00e1z sz\u00ednben, a m\u00e1rka limit\u00e1lt sz\u00e9ri\u00e1ja l\u00e1tv\u00e1nyos diz\u00e1jnnal. Ez a sz\u00e9ldzseki modell alkalmas fut\u00e1shoz \u00e9s s\u00e9t\u00e1hoz egyar\u00e1nt, ide\u00e1lis a tavaszi szeles vagy a ny\u00e1ri meleg napokra is. A kapucnis sportdzseki der\u00e9k k\u00f6t\u00e9ssel \u00e9s gum\u00edrozott Peach Pump log\u00f3val rendelkezik. Az anyag gy\u00f6ny\u00f6r\u0171en megt\u00f6ri a f\u00e9nyt, \u00e9s egy univerzumi diz\u00e1jn \u00e9rzet\u00e9t kelti. Ezzel a gy\u00f6ny\u00f6r\u0171 modellel kit\u0171nik a t\u00f6megb\u0151l \u00e9s mindenkit leny\u0171g\u00f6zni fog, t\u00f6k\u00e9letesen kombin\u00e1lhat\u00f3 a m\u00e1rka t\u00f6bbi sportruh\u00e1zat\u00e1val.<\/p>\n<ul>\n<li>F\u00e9nyvisszaver\u0151 anyag<\/li>\n<li>Kapucni<\/li>\n<li>\u00c1ll\u00edthat\u00f3 szeg\u00e9ly rugalmas megk\u00f6t\u0151vel<\/li>\n<li>Cipz\u00e1ras z\u00e1r\u00f3d\u00e1s el\u00fcls\u0151 r\u00e9szen<\/li>\n<li>Gum\u00edrozott Peach Pump log\u00f3<\/li>\n<li>Gumis mandzsetta<\/li>\n<\/ul>\n<p>Anyag\u00f6sszet\u00e9tel: 100% poli\u00e9szter<\/p>\n<p>A dzseki k\u00edm\u00e9l\u0151 mos\u00e1ssal, legfeljebb 30 fokon moshat\u00f3. K\u00e9rj\u00fck, a tiszt\u00edt\u00e1s sor\u00e1n ne haszn\u00e1ljon feh\u00e9r\u00edt\u0151t vagy vegyi tiszt\u00edt\u00f3szereket.<\/p>\n<p>A k\u00e9pen l\u00e1that\u00f3 modell 170 magas, 49 kg s\u00faly\u00fa, \u00e9s S-es m\u00e9retet visel.<\/p>\n<p>A megfelel\u0151 m\u00e9ret pontos kiv\u00e1laszt\u00e1s\u00e1hoz k\u00e9rj\u00fck tekintse meg a m\u00e9rett\u00e1bl\u00e1zatunkat.<\/p>\n","protected":false},"excerpt":{"rendered":"<p>Feh\u00e9r sportdzseki kapucnival, gy\u00f6ngyh\u00e1z sz\u00ednben, a m\u00e1rka limit\u00e1lt sz\u00e9ri\u00e1ja l\u00e1tv\u00e1nyos diz\u00e1jnnal. Ez a sz\u00e9ldzseki modell alkalmas fut\u00e1shoz \u00e9s s\u00e9t\u00e1hoz egyar\u00e1nt, ide\u00e1lis a tavaszi szeles vagy a ny\u00e1ri meleg napokra is. A kapucnis sportdzseki der\u00e9k k\u00f6t\u00e9ssel \u00e9s gum\u00edrozott Peach Pump log\u00f3val rendelkezik. Az anyag gy\u00f6ny\u00f6r\u0171en megt\u00f6ri a f\u00e9nyt, \u00e9s egy univerzumi diz\u00e1jn \u00e9rzet\u00e9t kelti. Ezzel a [&hellip;]<\/p>\n","protected":false},"featured_media":83425,"comment_status":"open","ping_status":"closed","template":"","meta":[],"product_brand":[],"product_cat":[922],"product_tag":[],"class_list":{"0":"post-83895","1":"product","2":"type-product","3":"status-publish","4":"has-post-thumbnail","6":"product_cat-dzsekik","7":"pa_cviat-feher-hu","8":"pa_razmer-m-hu","9":"pa_razmer-s-hu-2","10":"inventories-world","11":"inventories-uk","13":"first","14":"instock","15":"taxable","16":"shipping-taxable","17":"purchasable","18":"product-type-variable"},"_links":{"self":[{"href":"https:\/\/staging6.peach-pump.com\/hu\/wp-json\/wp\/v2\/product\/83895","targetHints":{"allow":["GET"]}}],"collection":[{"href":"https:\/\/staging6.peach-pump.com\/hu\/wp-json\/wp\/v2\/product"}],"about":[{"href":"https:\/\/staging6.peach-pump.com\/hu\/wp-json\/wp\/v2\/types\/product"}],"replies":[{"embeddable":true,"href":"https:\/\/staging6.peach-pump.com\/hu\/wp-json\/wp\/v2\/comments?post=83895"}],"version-history":[{"count":0,"href":"https:\/\/staging6.peach-pump.com\/hu\/wp-json\/wp\/v2\/product\/83895\/revisions"}],"wp:featuredmedia":[{"embeddable":true,"href":"https:\/\/staging6.peach-pump.com\/hu\/wp-json\/wp\/v2\/media\/83425"}],"wp:attachment":[{"href":"https:\/\/staging6.peach-pump.com\/hu\/wp-json\/wp\/v2\/media?parent=83895"}],"wp:term":[{"taxonomy":"product_brand","embeddable":true,"href":"https:\/\/staging6.peach-pump.com\/hu\/wp-json\/wp\/v2\/product_brand?post=83895"},{"taxonomy":"product_cat","embeddable":true,"href":"https:\/\/staging6.peach-pump.com\/hu\/wp-json\/wp\/v2\/product_cat?post=83895"},{"taxonomy":"product_tag","embeddable":true,"href":"https:\/\/staging6.peach-pump.com\/hu\/wp-json\/wp\/v2\/product_tag?post=83895"}],"curies":[{"name":"wp","href":"https:\/\/api.w.org\/{rel}","templated":true}]}}