{"id":87622,"date":"2024-08-27T13:25:44","date_gmt":"2024-08-27T11:25:44","guid":{"rendered":"https:\/\/staging6.peach-pump.com\/products\/rozsaszin-melltarto-feher-pantokkal\/"},"modified":"2025-11-06T20:35:47","modified_gmt":"2025-11-06T18:35:47","slug":"rozsaszin-sportmelltarto-feher-pantokkal","status":"publish","type":"product","link":"https:\/\/staging6.peach-pump.com\/hu\/products\/rozsaszin-sportmelltarto-feher-pantokkal\/","title":{"rendered":"R\u00f3zsasz\u00edn sportmelltart\u00f3 feh\u00e9r p\u00e1ntokkal"},"content":{"rendered":"<p>R\u00f3zsasz\u00edn sportmelltart\u00f3 feh\u00e9r p\u00e1ntokkal \u00e9s emel\u0151 hat\u00e1s\u00fa p\u00e1rn\u00e1kkal. A modell rugalmas, l\u00e9g\u00e1tereszt\u0151 anyagb\u00f3l k\u00e9sz\u00fclt, amely elvezeti a nedvess\u00e9get a testt\u0151l, \u00e9s teljes mozg\u00e1sszabads\u00e1got biztos\u00edt az edz\u00e9sek sor\u00e1n. A sportmelltart\u00f3 kivehet\u0151 p\u00e1rn\u00e1s, el\u00fcls\u0151 r\u00e9szen r\u00f6gz\u00edtett Peach Pump log\u00f3val van ell\u00e1tva. P\u00e1ros\u00edthat\u00f3 ugyanilyen mint\u00e1j\u00fa r\u00f6vid leggingsszel vagy egysz\u00edn\u0171 hossz\u00fa legginsszel. Egy nagyszer\u0171 aj\u00e1nlat, amelyt\u0151l gy\u00f6ny\u00f6r\u0171nek \u00e9s szexinek fogja \u00e9rezni mag\u00e1t.     A sportmelltart\u00f3r\u00f3l: <\/p>\n<ul>\n<li> Kivehet\u0151 p\u00e1rn\u00e1k<\/li>\n<li> Push-Up hat\u00e1s<\/li>\n<li> Nagy rugalmass\u00e1g<\/li>\n<li> H\u0151pr\u00e9ssel r\u00f6gz\u00edtett Peach Pump log\u00f3 a sportmellt\u00e1rt\u00f3 el\u00fcls\u0151 r\u00e9szen<\/li>\n<li>  A nedvess\u00e9get a testt\u0151l elvezet\u0151 anyag<\/li>\n<\/ul>\n<p> Anyag\u00f6sszet\u00e9tel: 80% poli\u00e9szter 20% elaszt\u00e1n. A sportmellt\u00e1rt\u00f3 k\u00edm\u00e9l\u0151 mos\u00e1ssal, legfeljebb 30 fokon moshat\u00f3. K\u00e9rj\u00fck, a tiszt\u00edt\u00e1s sor\u00e1n ne haszn\u00e1ljon feh\u00e9r\u00edt\u0151t vagy vegyi tiszt\u00edt\u00f3szereket. A k\u00e9pen l\u00e1that\u00f3 modell 180 cm magas, 56 kg s\u00faly\u00fa \u00e9s S-es m\u00e9retet visel.  A megfelel\u0151 m\u00e9ret pontos kiv\u00e1laszt\u00e1s\u00e1hoz k\u00e9rj\u00fck tekintse meg a m\u00e9rett\u00e1bl\u00e1zatunkat. &nbsp;<\/p>\n<p><a href=\"https:\/\/staging6.peach-pump.com\/wp-content\/uploads\/2024\/06\/Sport-Bras-Peach-Pump-size-chart-800x800.jpg\"><img loading=\"lazy\" decoding=\"async\" class=\"alignnone wp-image-80917 \" src=\"https:\/\/staging6.peach-pump.com\/wp-content\/uploads\/2024\/06\/Sport-Bras-Peach-Pump-size-chart-800x800.jpg\" alt=\"\" width=\"524\" height=\"524\" srcset=\"https:\/\/staging6.peach-pump.com\/wp-content\/uploads\/2024\/06\/Sport-Bras-Peach-Pump-size-chart-800x800.jpg 800w, https:\/\/staging6.peach-pump.com\/wp-content\/uploads\/2024\/06\/Sport-Bras-Peach-Pump-size-chart-480x480.jpg 480w, https:\/\/staging6.peach-pump.com\/wp-content\/uploads\/2024\/06\/Sport-Bras-Peach-Pump-size-chart-1000x1000.jpg 1000w, https:\/\/staging6.peach-pump.com\/wp-content\/uploads\/2024\/06\/Sport-Bras-Peach-Pump-size-chart-300x300.jpg 300w, https:\/\/staging6.peach-pump.com\/wp-content\/uploads\/2024\/06\/Sport-Bras-Peach-Pump-size-chart-150x150.jpg 150w, https:\/\/staging6.peach-pump.com\/wp-content\/uploads\/2024\/06\/Sport-Bras-Peach-Pump-size-chart-768x768.jpg 768w, https:\/\/staging6.peach-pump.com\/wp-content\/uploads\/2024\/06\/Sport-Bras-Peach-Pump-size-chart-990x990.jpg 990w, https:\/\/staging6.peach-pump.com\/wp-content\/uploads\/2024\/06\/Sport-Bras-Peach-Pump-size-chart-441x441.jpg 441w, https:\/\/staging6.peach-pump.com\/wp-content\/uploads\/2024\/06\/Sport-Bras-Peach-Pump-size-chart-100x100.jpg 100w, https:\/\/staging6.peach-pump.com\/wp-content\/uploads\/2024\/06\/Sport-Bras-Peach-Pump-size-chart-64x64.jpg 64w, https:\/\/staging6.peach-pump.com\/wp-content\/uploads\/2024\/06\/Sport-Bras-Peach-Pump-size-chart.jpg 1080w\" sizes=\"auto, (max-width: 524px) 100vw, 524px\" \/><\/a><\/p>\n","protected":false},"excerpt":{"rendered":"<p>R\u00f3zsasz\u00edn sportmelltart\u00f3 feh\u00e9r p\u00e1ntokkal \u00e9s emel\u0151 hat\u00e1s\u00fa p\u00e1rn\u00e1kkal. A modell rugalmas, l\u00e9g\u00e1tereszt\u0151 anyagb\u00f3l k\u00e9sz\u00fclt, amely elvezeti a nedvess\u00e9get a testt\u0151l, \u00e9s teljes mozg\u00e1sszabads\u00e1got biztos\u00edt az edz\u00e9sek sor\u00e1n. A sportmelltart\u00f3 kivehet\u0151 p\u00e1rn\u00e1s, el\u00fcls\u0151 r\u00e9szen r\u00f6gz\u00edtett Peach Pump log\u00f3val van ell\u00e1tva. P\u00e1ros\u00edthat\u00f3 ugyanilyen mint\u00e1j\u00fa r\u00f6vid leggingsszel vagy egysz\u00edn\u0171 hossz\u00fa legginsszel. Egy nagyszer\u0171 aj\u00e1nlat, amelyt\u0151l gy\u00f6ny\u00f6r\u0171nek \u00e9s szexinek [&hellip;]<\/p>\n","protected":false},"featured_media":86541,"comment_status":"open","ping_status":"closed","template":"","meta":[],"product_brand":[],"product_cat":[356],"product_tag":[],"class_list":{"0":"post-87622","1":"product","2":"type-product","3":"status-publish","4":"has-post-thumbnail","6":"product_cat-sportmelltartok-fitneszhez","7":"pa_cviat-rozsaszin","8":"pa_razmer-l-hu-2","9":"pa_razmer-m-hu","10":"pa_razmer-s-hu-2","11":"inventories-world","12":"inventories-uk","14":"first","15":"instock","16":"taxable","17":"shipping-taxable","18":"purchasable","19":"product-type-variable"},"_links":{"self":[{"href":"https:\/\/staging6.peach-pump.com\/hu\/wp-json\/wp\/v2\/product\/87622","targetHints":{"allow":["GET"]}}],"collection":[{"href":"https:\/\/staging6.peach-pump.com\/hu\/wp-json\/wp\/v2\/product"}],"about":[{"href":"https:\/\/staging6.peach-pump.com\/hu\/wp-json\/wp\/v2\/types\/product"}],"replies":[{"embeddable":true,"href":"https:\/\/staging6.peach-pump.com\/hu\/wp-json\/wp\/v2\/comments?post=87622"}],"version-history":[{"count":0,"href":"https:\/\/staging6.peach-pump.com\/hu\/wp-json\/wp\/v2\/product\/87622\/revisions"}],"wp:featuredmedia":[{"embeddable":true,"href":"https:\/\/staging6.peach-pump.com\/hu\/wp-json\/wp\/v2\/media\/86541"}],"wp:attachment":[{"href":"https:\/\/staging6.peach-pump.com\/hu\/wp-json\/wp\/v2\/media?parent=87622"}],"wp:term":[{"taxonomy":"product_brand","embeddable":true,"href":"https:\/\/staging6.peach-pump.com\/hu\/wp-json\/wp\/v2\/product_brand?post=87622"},{"taxonomy":"product_cat","embeddable":true,"href":"https:\/\/staging6.peach-pump.com\/hu\/wp-json\/wp\/v2\/product_cat?post=87622"},{"taxonomy":"product_tag","embeddable":true,"href":"https:\/\/staging6.peach-pump.com\/hu\/wp-json\/wp\/v2\/product_tag?post=87622"}],"curies":[{"name":"wp","href":"https:\/\/api.w.org\/{rel}","templated":true}]}}