{"id":87626,"date":"2024-08-27T14:03:37","date_gmt":"2024-08-27T12:03:37","guid":{"rendered":"https:\/\/staging6.peach-pump.com\/products\/rozsaszin-rovid-leggings-feher-varrassal\/"},"modified":"2025-11-05T21:30:24","modified_gmt":"2025-11-05T19:30:24","slug":"rozsaszin-rovid-leggings-feher-varrassal","status":"publish","type":"product","link":"https:\/\/staging6.peach-pump.com\/hu\/products\/rozsaszin-rovid-leggings-feher-varrassal\/","title":{"rendered":"R\u00f3zsasz\u00edn r\u00f6vid leggings feh\u00e9r varr\u00e1ssal"},"content":{"rendered":"<p>R\u00f3zsasz\u00edn booty r\u00f6vidnadr\u00e1g feh\u00e9r varr\u00e1ssal.<br \/>\nEz a leggings modell nagyszer\u0171 rugalmass\u00e1ggal rendelkezik, sz\u00e9pen form\u00e1z, \u00e9s olyan anyagb\u00f3l k\u00e9sz\u00fclt, amely nem tartja meg a nedvess\u00e9get a testben.<br \/>\nH\u00e1tul enyhe barackos hat\u00e1st kelt.   P\u00e1ros\u00edthat\u00f3 ugyanolyan mint\u00e1j\u00fa melltart\u00f3val, l\u00e1sd a &#8220;R\u00f6vid leggings sportruh\u00e1zat&#8221; alatt.  <\/p>\n<ul>\n<li>Kiemeli, form\u00e1lja, elrejti a probl\u00e9m\u00e1s r\u00e9szeket<\/li>\n<li>Enyhe Peachy hat\u00e1s<\/li>\n<li>Varr\u00e1s n\u00e9lk\u00fcli el\u00fcls\u0151 r\u00e9sz<\/li>\n<li>H\u0151pr\u00e9ssel r\u00f6gz\u00edtett Peach Pump log\u00f3 a leggings h\u00e1toldal\u00e1n<\/li>\n<li>H\u0151szigetelt log\u00f3 a comb oldal\u00e1n<\/li>\n<li>Olyan sz\u00f6vet, amely nem tartja meg a nedvess\u00e9get a testben<\/li>\n<\/ul>\n<p>  \u00d6sszet\u00e9tel: 80% poli\u00e9szter 20% spandex Az \u00e9k legfeljebb 30 fokon moshat\u00f3, mos\u00e1skor aj\u00e1nlott ford\u00edtva mosni, k\u00e9rj\u00fck, ne haszn\u00e1ljon feh\u00e9r\u00edt\u0151t vagy sz\u00e1raz tiszt\u00edt\u00e1st.<br \/>\nA k\u00e9pen l\u00e1that\u00f3 modell 180 magas, 56kg s\u00faly\u00fa \u00e9s M-es m\u00e9retben p\u00f3zol. K\u00e9rj\u00fck, haszn\u00e1lja a t\u00e1bl\u00e1zatokat a pontos m\u00e9ret kiv\u00e1laszt\u00e1s\u00e1hoz.   &nbsp;<\/p>\n<p><a href=\"https:\/\/staging6.peach-pump.com\/wp-content\/uploads\/2024\/06\/Elastic-models-Peach-Pump-size-chart.jpg\"><img loading=\"lazy\" decoding=\"async\" class=\"alignnone wp-image-80867 \" src=\"https:\/\/staging6.peach-pump.com\/wp-content\/uploads\/2024\/06\/Elastic-models-Peach-Pump-size-chart.jpg\" alt=\"\" width=\"701\" height=\"526\" srcset=\"https:\/\/staging6.peach-pump.com\/wp-content\/uploads\/2024\/06\/Elastic-models-Peach-Pump-size-chart.jpg 1024w, https:\/\/staging6.peach-pump.com\/wp-content\/uploads\/2024\/06\/Elastic-models-Peach-Pump-size-chart-480x360.jpg 480w, https:\/\/staging6.peach-pump.com\/wp-content\/uploads\/2024\/06\/Elastic-models-Peach-Pump-size-chart-1000x750.jpg 1000w, https:\/\/staging6.peach-pump.com\/wp-content\/uploads\/2024\/06\/Elastic-models-Peach-Pump-size-chart-400x300.jpg 400w, https:\/\/staging6.peach-pump.com\/wp-content\/uploads\/2024\/06\/Elastic-models-Peach-Pump-size-chart-768x576.jpg 768w, https:\/\/staging6.peach-pump.com\/wp-content\/uploads\/2024\/06\/Elastic-models-Peach-Pump-size-chart-990x743.jpg 990w, https:\/\/staging6.peach-pump.com\/wp-content\/uploads\/2024\/06\/Elastic-models-Peach-Pump-size-chart-441x331.jpg 441w, https:\/\/staging6.peach-pump.com\/wp-content\/uploads\/2024\/06\/Elastic-models-Peach-Pump-size-chart-150x113.jpg 150w, https:\/\/staging6.peach-pump.com\/wp-content\/uploads\/2024\/06\/Elastic-models-Peach-Pump-size-chart-64x48.jpg 64w\" sizes=\"auto, (max-width: 701px) 100vw, 701px\" \/><\/a><\/p>\n","protected":false},"excerpt":{"rendered":"<p>R\u00f3zsasz\u00edn booty r\u00f6vidnadr\u00e1g feh\u00e9r varr\u00e1ssal. Ez a leggings modell nagyszer\u0171 rugalmass\u00e1ggal rendelkezik, sz\u00e9pen form\u00e1z, \u00e9s olyan anyagb\u00f3l k\u00e9sz\u00fclt, amely nem tartja meg a nedvess\u00e9get a testben. H\u00e1tul enyhe barackos hat\u00e1st kelt. P\u00e1ros\u00edthat\u00f3 ugyanolyan mint\u00e1j\u00fa melltart\u00f3val, l\u00e1sd a &#8220;R\u00f6vid leggings sportruh\u00e1zat&#8221; alatt. Kiemeli, form\u00e1lja, elrejti a probl\u00e9m\u00e1s r\u00e9szeket Enyhe Peachy hat\u00e1s Varr\u00e1s n\u00e9lk\u00fcli el\u00fcls\u0151 r\u00e9sz H\u0151pr\u00e9ssel [&hellip;]<\/p>\n","protected":false},"featured_media":86608,"comment_status":"open","ping_status":"closed","template":"","meta":[],"product_brand":[],"product_cat":[142,200],"product_tag":[],"class_list":{"0":"post-87626","1":"product","2":"type-product","3":"status-publish","4":"has-post-thumbnail","6":"product_cat-noi-sport-leggings-fitnesz","7":"product_cat-rovid-noi-leggings","8":"pa_cviat-rozsaszin","9":"pa_razmer-l-hu-2","10":"pa_razmer-m-hu","11":"pa_razmer-s-hu-2","12":"inventories-world","13":"inventories-uk","15":"first","16":"instock","17":"taxable","18":"shipping-taxable","19":"purchasable","20":"product-type-variable"},"_links":{"self":[{"href":"https:\/\/staging6.peach-pump.com\/en\/wp-json\/wp\/v2\/product\/87626","targetHints":{"allow":["GET"]}}],"collection":[{"href":"https:\/\/staging6.peach-pump.com\/en\/wp-json\/wp\/v2\/product"}],"about":[{"href":"https:\/\/staging6.peach-pump.com\/en\/wp-json\/wp\/v2\/types\/product"}],"replies":[{"embeddable":true,"href":"https:\/\/staging6.peach-pump.com\/en\/wp-json\/wp\/v2\/comments?post=87626"}],"version-history":[{"count":0,"href":"https:\/\/staging6.peach-pump.com\/en\/wp-json\/wp\/v2\/product\/87626\/revisions"}],"wp:featuredmedia":[{"embeddable":true,"href":"https:\/\/staging6.peach-pump.com\/en\/wp-json\/wp\/v2\/media\/86608"}],"wp:attachment":[{"href":"https:\/\/staging6.peach-pump.com\/en\/wp-json\/wp\/v2\/media?parent=87626"}],"wp:term":[{"taxonomy":"product_brand","embeddable":true,"href":"https:\/\/staging6.peach-pump.com\/en\/wp-json\/wp\/v2\/product_brand?post=87626"},{"taxonomy":"product_cat","embeddable":true,"href":"https:\/\/staging6.peach-pump.com\/en\/wp-json\/wp\/v2\/product_cat?post=87626"},{"taxonomy":"product_tag","embeddable":true,"href":"https:\/\/staging6.peach-pump.com\/en\/wp-json\/wp\/v2\/product_tag?post=87626"}],"curies":[{"name":"wp","href":"https:\/\/api.w.org\/{rel}","templated":true}]}}