{"id":87642,"date":"2024-08-27T14:52:34","date_gmt":"2024-08-27T12:52:34","guid":{"rendered":"https:\/\/staging6.peach-pump.com\/products\/szurke-rovid-leggings-feher-varrassal\/"},"modified":"2025-10-19T00:10:16","modified_gmt":"2025-10-18T22:10:16","slug":"szurke-rovid-leggings-feher-varrassal","status":"publish","type":"product","link":"https:\/\/staging6.peach-pump.com\/hu\/products\/szurke-rovid-leggings-feher-varrassal\/","title":{"rendered":"Sz\u00fcrke r\u00f6vid leggings feh\u00e9r varr\u00e1ssal"},"content":{"rendered":"<p>Sz\u00fcrke Booty r\u00f6vid leggings feh\u00e9r varr\u00e1ssal. Ez a leggings modell nagyszer\u0171 rugalmass\u00e1ggal rendelkezik, sz\u00e9pen form\u00e1l, \u00e9s olyan anyagb\u00f3l k\u00e9sz\u00fclt, amely nem tartja meg a nedvess\u00e9get. H\u00e1tul enyhe Peach hat\u00e1ssal rendelkezik.   P\u00e1ros\u00edthat\u00f3 ugyanolyan mint\u00e1j\u00fa sportmelltart\u00f3val, l\u00e1sd a &#8220;Sport szettek r\u00f6vid leggingszel&#8221; men\u00fcpont alatt. <\/p>\n<ul>\n<li>Kiemeli, form\u00e1lja, elrejti a probl\u00e9m\u00e1s r\u00e9szeket<\/li>\n<li>Varr\u00e1s n\u00e9lk\u00fcli el\u00fcls\u0151 r\u00e9sz<\/li>\n<li>H\u0151pr\u00e9ssel r\u00f6gz\u00edtett Peach Pump log\u00f3 a leggings h\u00e1toldal\u00e1n<\/li>\n<li>H\u0151pr\u00e9ssel r\u00f6gz\u00edtet log\u00f3 a comb oldal\u00e1n<\/li>\n<li>Olyan anyag, amely Izzadts\u00e1g elt\u00e1vol\u00edt\u00f3 technol\u00f3gi\u00e1val rendelkezik<\/li>\n<\/ul>\n<p> Anyag\u00f6sszet\u00e9tel: 80% poli\u00e9szter 20% elaszt\u00e1n. A leggings 30 fokig moshat\u00f3, k\u00e9rj\u00fck, ne feh\u00e9r\u00edtse vagy tiszt\u00edtsa sz\u00e1raz tiszt\u00edt\u00e1ssal. A k\u00e9pen l\u00e1that\u00f3 modell 180 cm magas, 56 kg s\u00faly\u00fa \u00e9s M-es m\u00e9retet visel. A pontos m\u00e9ret kiv\u00e1laszt\u00e1s\u00e1hoz, k\u00e9rj\u00fck haszn\u00e1lja a m\u00e9rett\u00e1bl\u00e1zatokat.  &nbsp;<\/p>\n<p><a href=\"https:\/\/staging6.peach-pump.com\/wp-content\/uploads\/2024\/06\/Elastic-models-Peach-Pump-size-chart.jpg\"><img loading=\"lazy\" decoding=\"async\" class=\"alignnone wp-image-80867 \" src=\"https:\/\/staging6.peach-pump.com\/wp-content\/uploads\/2024\/06\/Elastic-models-Peach-Pump-size-chart.jpg\" alt=\"\" width=\"665\" height=\"499\" srcset=\"https:\/\/staging6.peach-pump.com\/wp-content\/uploads\/2024\/06\/Elastic-models-Peach-Pump-size-chart.jpg 1024w, https:\/\/staging6.peach-pump.com\/wp-content\/uploads\/2024\/06\/Elastic-models-Peach-Pump-size-chart-480x360.jpg 480w, https:\/\/staging6.peach-pump.com\/wp-content\/uploads\/2024\/06\/Elastic-models-Peach-Pump-size-chart-1000x750.jpg 1000w, https:\/\/staging6.peach-pump.com\/wp-content\/uploads\/2024\/06\/Elastic-models-Peach-Pump-size-chart-400x300.jpg 400w, https:\/\/staging6.peach-pump.com\/wp-content\/uploads\/2024\/06\/Elastic-models-Peach-Pump-size-chart-768x576.jpg 768w, https:\/\/staging6.peach-pump.com\/wp-content\/uploads\/2024\/06\/Elastic-models-Peach-Pump-size-chart-990x743.jpg 990w, https:\/\/staging6.peach-pump.com\/wp-content\/uploads\/2024\/06\/Elastic-models-Peach-Pump-size-chart-441x331.jpg 441w, https:\/\/staging6.peach-pump.com\/wp-content\/uploads\/2024\/06\/Elastic-models-Peach-Pump-size-chart-150x113.jpg 150w, https:\/\/staging6.peach-pump.com\/wp-content\/uploads\/2024\/06\/Elastic-models-Peach-Pump-size-chart-64x48.jpg 64w\" sizes=\"auto, (max-width: 665px) 100vw, 665px\" \/><\/a><\/p>\n","protected":false},"excerpt":{"rendered":"<p>Sz\u00fcrke Booty r\u00f6vid leggings feh\u00e9r varr\u00e1ssal. Ez a leggings modell nagyszer\u0171 rugalmass\u00e1ggal rendelkezik, sz\u00e9pen form\u00e1l, \u00e9s olyan anyagb\u00f3l k\u00e9sz\u00fclt, amely nem tartja meg a nedvess\u00e9get. H\u00e1tul enyhe Peach hat\u00e1ssal rendelkezik. P\u00e1ros\u00edthat\u00f3 ugyanolyan mint\u00e1j\u00fa sportmelltart\u00f3val, l\u00e1sd a &#8220;Sport szettek r\u00f6vid leggingszel&#8221; men\u00fcpont alatt. Kiemeli, form\u00e1lja, elrejti a probl\u00e9m\u00e1s r\u00e9szeket Varr\u00e1s n\u00e9lk\u00fcli el\u00fcls\u0151 r\u00e9sz H\u0151pr\u00e9ssel r\u00f6gz\u00edtett Peach [&hellip;]<\/p>\n","protected":false},"featured_media":86838,"comment_status":"open","ping_status":"closed","template":"","meta":[],"product_brand":[],"product_cat":[142,200],"product_tag":[],"class_list":{"0":"post-87642","1":"product","2":"type-product","3":"status-publish","4":"has-post-thumbnail","6":"product_cat-noi-sport-leggings-fitnesz","7":"product_cat-rovid-noi-leggings","8":"pa_cviat-szurke","9":"pa_razmer-l-hu-2","10":"pa_razmer-m-hu","11":"pa_razmer-s-hu-2","12":"inventories-world","13":"inventories-uk","15":"first","16":"instock","17":"taxable","18":"shipping-taxable","19":"purchasable","20":"product-type-variable"},"_links":{"self":[{"href":"https:\/\/staging6.peach-pump.com\/en\/wp-json\/wp\/v2\/product\/87642","targetHints":{"allow":["GET"]}}],"collection":[{"href":"https:\/\/staging6.peach-pump.com\/en\/wp-json\/wp\/v2\/product"}],"about":[{"href":"https:\/\/staging6.peach-pump.com\/en\/wp-json\/wp\/v2\/types\/product"}],"replies":[{"embeddable":true,"href":"https:\/\/staging6.peach-pump.com\/en\/wp-json\/wp\/v2\/comments?post=87642"}],"version-history":[{"count":0,"href":"https:\/\/staging6.peach-pump.com\/en\/wp-json\/wp\/v2\/product\/87642\/revisions"}],"wp:featuredmedia":[{"embeddable":true,"href":"https:\/\/staging6.peach-pump.com\/en\/wp-json\/wp\/v2\/media\/86838"}],"wp:attachment":[{"href":"https:\/\/staging6.peach-pump.com\/en\/wp-json\/wp\/v2\/media?parent=87642"}],"wp:term":[{"taxonomy":"product_brand","embeddable":true,"href":"https:\/\/staging6.peach-pump.com\/en\/wp-json\/wp\/v2\/product_brand?post=87642"},{"taxonomy":"product_cat","embeddable":true,"href":"https:\/\/staging6.peach-pump.com\/en\/wp-json\/wp\/v2\/product_cat?post=87642"},{"taxonomy":"product_tag","embeddable":true,"href":"https:\/\/staging6.peach-pump.com\/en\/wp-json\/wp\/v2\/product_tag?post=87642"}],"curies":[{"name":"wp","href":"https:\/\/api.w.org\/{rel}","templated":true}]}}