{"id":87654,"date":"2024-08-27T22:49:40","date_gmt":"2024-08-27T20:49:40","guid":{"rendered":"https:\/\/staging6.peach-pump.com\/products\/rozsaszin-sport-szett-feher-varrassal\/"},"modified":"2025-04-06T17:12:58","modified_gmt":"2025-04-06T15:12:58","slug":"rozsaszin-sport-szett-feher-varrattal","status":"publish","type":"product","link":"https:\/\/staging6.peach-pump.com\/hu\/products\/rozsaszin-sport-szett-feher-varrattal\/","title":{"rendered":"R\u00f3zsasz\u00edn sport szett feh\u00e9r varrattal"},"content":{"rendered":"<p>R\u00f3zsasz\u00edn r\u00f6vid leggingsb\u0151l \u00e9s sportmelltart\u00f3b\u00f3l \u00e1ll\u00f3 sport szett feh\u00e9r varrattal. A szett a k\u00f6vetkez\u0151kb\u0151l \u00e1ll: sportmelltart\u00f3 feh\u00e9r p\u00e1ntokkal \u00e9s emel\u0151 hat\u00e1s\u00fa p\u00e1rn\u00e1kkal, h\u0151pr\u00e9ssel r\u00f6gz\u00edtett Peach Pump log\u00f3 a sportmellt\u00e1rt\u00f3 el\u00fcls\u0151 r\u00e9szen, valamint egy r\u00f6vid Booty leggings feh\u00e9r varr\u00e1ssal. Ez a leggings modell nagyszer\u0171 rugalmass\u00e1ggal rendelkezik, sz\u00e9pen form\u00e1l, \u00e9s olyan anyagb\u00f3l k\u00e9sz\u00fclt, amely nem tartja meg a nedvess\u00e9get. H\u00e1tul enyhe Peach hat\u00e1ssal rendelkezik. Egy nagyszer\u0171 aj\u00e1nlat, amit\u0151l gy\u00f6ny\u00f6r\u0171nek \u00e9s szexinek fogja \u00e9rezni mag\u00e1t.    <\/p>\n<p>A sportmelltart\u00f3r\u00f3l:<\/p>\n<ul>\n<li> Kivehet\u0151 p\u00e1rn\u00e1k<\/li>\n<li> Push-Up hat\u00e1s<\/li>\n<li> Nagy rugalmass\u00e1g<\/li>\n<li> H\u0151pr\u00e9ssel r\u00f6gz\u00edtett Peach Pump log\u00f3 a sportmellt\u00e1rt\u00f3 el\u00fcls\u0151 r\u00e9szen<\/li>\n<li> A nedvess\u00e9get a testt\u0151l elvezet\u0151 anyag<\/li>\n<\/ul>\n<p>A leggingsr\u0151l:<\/p>\n<ul>\n<li>Kiemeli, form\u00e1lja, elrejti a probl\u00e9m\u00e1s r\u00e9szeket<\/li>\n<li>El\u00fcls\u0151 varr\u00e1s n\u00e9lk\u00fcl<\/li>\n<li>H\u0151pr\u00e9ssel r\u00f6gz\u00edtett Peach Pump log\u00f3 a leggings h\u00e1toldal\u00e1n<\/li>\n<li>H\u0151pr\u00e9ssel r\u00f6gz\u00edtett log\u00f3 a comb oldals\u00f3 r\u00e9sz\u00e9n<\/li>\n<li>Nedvess\u00e9gelvezet\u0151 anyag<\/li>\n<\/ul>\n<p>Anyag\u00f6sszet\u00e9tel: 80% poli\u00e9szter, 20% elaszt\u00e1n<\/p>\n<p>A csapat 30 fokig moshat\u00f3, mos\u00e1skor c\u00e9lszer\u0171 ford\u00edtva mosni, k\u00e9rj\u00fck, ne haszn\u00e1ljon feh\u00e9r\u00edt\u0151t vagy sz\u00e1razon tiszt\u00edtani. A k\u00e9pen l\u00e1that\u00f3 modell 180 cm magas, 56 kg s\u00faly\u00fa, \u00e9s S m\u00e9ret\u0171 melltart\u00f3ban \u00e9s M m\u00e9ret\u0171 leggingsben p\u00f3zol.<\/p>\n<p>A pontos m\u00e9ret kiv\u00e1laszt\u00e1s\u00e1hoz, k\u00e9rj\u00fck haszn\u00e1lja a m\u00e9rett\u00e1bl\u00e1zatokat.<\/p>\n<p>&nbsp;<\/p>\n","protected":false},"excerpt":{"rendered":"<p>R\u00f3zsasz\u00edn r\u00f6vid leggingsb\u0151l \u00e9s sportmelltart\u00f3b\u00f3l \u00e1ll\u00f3 sport szett feh\u00e9r varrattal. A szett a k\u00f6vetkez\u0151kb\u0151l \u00e1ll: sportmelltart\u00f3 feh\u00e9r p\u00e1ntokkal \u00e9s emel\u0151 hat\u00e1s\u00fa p\u00e1rn\u00e1kkal, h\u0151pr\u00e9ssel r\u00f6gz\u00edtett Peach Pump log\u00f3 a sportmellt\u00e1rt\u00f3 el\u00fcls\u0151 r\u00e9szen, valamint egy r\u00f6vid Booty leggings feh\u00e9r varr\u00e1ssal. Ez a leggings modell nagyszer\u0171 rugalmass\u00e1ggal rendelkezik, sz\u00e9pen form\u00e1l, \u00e9s olyan anyagb\u00f3l k\u00e9sz\u00fclt, amely nem tartja meg [&hellip;]<\/p>\n","protected":false},"featured_media":87035,"comment_status":"open","ping_status":"closed","template":"","meta":[],"product_brand":[],"product_cat":[357,358],"product_tag":[],"class_list":{"0":"post-87654","1":"product","2":"type-product","3":"status-publish","4":"has-post-thumbnail","6":"product_cat-noi-sportruhazat","7":"product_cat-rovid-sportruhak-leggings-sportmelltarto","8":"pa_cviat-rozsaszin","9":"inventories-world","10":"inventories-uk","12":"first","13":"instock","14":"virtual","15":"taxable","16":"purchasable","17":"product-type-yith_bundle"},"_links":{"self":[{"href":"https:\/\/staging6.peach-pump.com\/en\/wp-json\/wp\/v2\/product\/87654","targetHints":{"allow":["GET"]}}],"collection":[{"href":"https:\/\/staging6.peach-pump.com\/en\/wp-json\/wp\/v2\/product"}],"about":[{"href":"https:\/\/staging6.peach-pump.com\/en\/wp-json\/wp\/v2\/types\/product"}],"replies":[{"embeddable":true,"href":"https:\/\/staging6.peach-pump.com\/en\/wp-json\/wp\/v2\/comments?post=87654"}],"version-history":[{"count":0,"href":"https:\/\/staging6.peach-pump.com\/en\/wp-json\/wp\/v2\/product\/87654\/revisions"}],"wp:featuredmedia":[{"embeddable":true,"href":"https:\/\/staging6.peach-pump.com\/en\/wp-json\/wp\/v2\/media\/87035"}],"wp:attachment":[{"href":"https:\/\/staging6.peach-pump.com\/en\/wp-json\/wp\/v2\/media?parent=87654"}],"wp:term":[{"taxonomy":"product_brand","embeddable":true,"href":"https:\/\/staging6.peach-pump.com\/en\/wp-json\/wp\/v2\/product_brand?post=87654"},{"taxonomy":"product_cat","embeddable":true,"href":"https:\/\/staging6.peach-pump.com\/en\/wp-json\/wp\/v2\/product_cat?post=87654"},{"taxonomy":"product_tag","embeddable":true,"href":"https:\/\/staging6.peach-pump.com\/en\/wp-json\/wp\/v2\/product_tag?post=87654"}],"curies":[{"name":"wp","href":"https:\/\/api.w.org\/{rel}","templated":true}]}}