{"id":93095,"date":"2024-11-02T23:29:25","date_gmt":"2024-11-02T21:29:25","guid":{"rendered":"https:\/\/staging6.peach-pump.com\/products\/ciklamen-szett-leggings-es-sportmelltarto\/"},"modified":"2025-09-24T13:18:04","modified_gmt":"2025-09-24T11:18:04","slug":"ciklamen-szett-leggings-es-sportmelltarto","status":"publish","type":"product","link":"https:\/\/staging6.peach-pump.com\/hu\/products\/ciklamen-szett-leggings-es-sportmelltarto\/","title":{"rendered":"Leggingsb\u0151l \u00e9s sportmellt\u00e1rt\u00f3b\u00f3l \u00e1ll\u00f3 r\u00f3zsasz\u00edn-cikl\u00e1men sport szett"},"content":{"rendered":"<p>R\u00f3zsasz\u00edn-cikl\u00e1men sport szett, amely leggingsb\u0151l \u00e9s m\u00e9ly V-kiv\u00e1g\u00e1s\u00fa sportmelltart\u00f3b\u00f3l \u00e1ll. A szett varr\u00e1s n\u00e9lk\u00fcli, rugalmas \u00e9s puha tapint\u00e1s\u00fa anyagb\u00f3l k\u00e9sz\u00fclt. Ez a modell t\u00f6k\u00e9letesen form\u00e1lja a testet, alacsony derek\u00fa, bord\u00e1zott der\u00e9kp\u00e1nttal rendelkezik. A leggings anyaga elfedi a probl\u00e9m\u00e1s ter\u00fcleteket, elvezeti a nedvess\u00e9get \u00e9s barack form\u00e1j\u00fav\u00e1 var\u00e1zsolja a feneket, \u00edgy sz\u00e9p \u00e9s kecses sziluettet hoz l\u00e9tre. A sportmellt\u00e1rt\u00f3 szexi V-kiv\u00e1g\u00e1ssal, \u00e1ll\u00edthat\u00f3 p\u00e1ntokkal \u00e9s kivehet\u0151 push-up bet\u00e9tekkel rendelkezik. A sportmellt\u00e1rt\u00f3 ak\u00e1r ruha alatt is hordhat\u00f3, mivel a kialak\u00edt\u00e1sa diszkr\u00e9t, \u00e9s k\u00e9nyelmes, szabad mozg\u00e1st biztos\u00edt.     A sport szett kieg\u00e9sz\u00edthet\u0151 a m\u00e1rka sapk\u00e1j\u00e1val \u00e9s kab\u00e1tj\u00e1val, hogy t\u00f6k\u00e9letesen teljess\u00e9 tegye Peach Pump megjelen\u00e9s\u00e9t.<\/p>\n<p>A sportmelltart\u00f3r\u00f3l:<\/p>\n<ul>\n<li>m\u00e9ly kiv\u00e1g\u00e1s\u00fa V-nyak\u00fa sportmellt\u00e1rt\u00f3<\/li>\n<li>Kivehet\u0151 p\u00e1rn\u00e1k<\/li>\n<li> Push-Up hat\u00e1s<\/li>\n<li> \u00c1ll\u00edthat\u00f3 p\u00e1ntok<\/li>\n<li> Nagy rugalmass\u00e1g<\/li>\n<li> H\u0151pr\u00e9ssel r\u00f6gz\u00edtett Peach Pump log\u00f3 a sportmellt\u00e1rt\u00f3 oldals\u00f3 r\u00e9szen<\/li>\n<li> Technol\u00f3gia a nedvess\u00e9g elt\u00e1vol\u00edt\u00e1s\u00e1ra a testt\u0151l<\/li>\n<\/ul>\n<p>A leggingsr\u0151l:<\/p>\n<ul>\n<li>K\u00f6zepes der\u00e9kb\u0151s\u00e9g<\/li>\n<li>Varr\u00e1smentes anyag<\/li>\n<li>Kiemeli, form\u00e1lja, elrejti a probl\u00e9m\u00e1s r\u00e9szeket<\/li>\n<li>Der\u00e9kra simul\u00f3 bord\u00e1s k\u00f6t\u00e9s\u0171 der\u00e9ksz\u00edj<\/li>\n<li>Peachy hat\u00e1s<\/li>\n<li>El\u00fcls\u0151 varr\u00e1s n\u00e9lk\u00fcl<\/li>\n<li>H\u0151pr\u00e9ssel r\u00f6gz\u00edtett Peach Pump log\u00f3 a leggings h\u00e1toldal\u00e1n<\/li>\n<li>Kiemelked\u0151 izzads\u00e1gelvezet\u0151 tulajdons\u00e1gokkal rendelkez\u0151 anyag<\/li>\n<\/ul>\n<p>Anyag\u00f6sszet\u00e9tel: 80% poli\u00e9szter, 20% elaszt\u00e1n<\/p>\n<p>A szett k\u00edm\u00e9l\u0151 mos\u00e1ssal, legfeljebb 30 fokon moshat\u00f3. K\u00e9rj\u00fck, a tiszt\u00edt\u00e1s sor\u00e1n ne haszn\u00e1ljon feh\u00e9r\u00edt\u0151t vagy vegyi tiszt\u00edt\u00f3szereket.<\/p>\n<p>A k\u00e9pen l\u00e1that\u00f3 modell 163 cm magas, 51 kg s\u00faly\u00fa, \u00e9s S-es m\u00e9ret\u0171 leggingsszet \u00e9s S-es m\u00e9ret\u0171 sportmelltart\u00f3t visel.<\/p>\n<p>A pontos m\u00e9ret kiv\u00e1laszt\u00e1s\u00e1hoz, k\u00e9rj\u00fck haszn\u00e1lja a m\u00e9rett\u00e1bl\u00e1zatokat.<\/p>\n","protected":false},"excerpt":{"rendered":"<p>R\u00f3zsasz\u00edn-cikl\u00e1men sport szett, amely leggingsb\u0151l \u00e9s m\u00e9ly V-kiv\u00e1g\u00e1s\u00fa sportmelltart\u00f3b\u00f3l \u00e1ll. A szett varr\u00e1s n\u00e9lk\u00fcli, rugalmas \u00e9s puha tapint\u00e1s\u00fa anyagb\u00f3l k\u00e9sz\u00fclt. Ez a modell t\u00f6k\u00e9letesen form\u00e1lja a testet, alacsony derek\u00fa, bord\u00e1zott der\u00e9kp\u00e1nttal rendelkezik. A leggings anyaga elfedi a probl\u00e9m\u00e1s ter\u00fcleteket, elvezeti a nedvess\u00e9get \u00e9s barack form\u00e1j\u00fav\u00e1 var\u00e1zsolja a feneket, \u00edgy sz\u00e9p \u00e9s kecses sziluettet hoz l\u00e9tre. [&hellip;]<\/p>\n","protected":false},"featured_media":92767,"comment_status":"open","ping_status":"closed","template":"","meta":[],"product_brand":[],"product_cat":[357,359],"product_tag":[],"class_list":{"0":"post-93095","1":"product","2":"type-product","3":"status-publish","4":"has-post-thumbnail","6":"product_cat-noi-sportruhazat","7":"product_cat-szett-leggings-s-portmelltart","8":"pa_cviat-rozsaszin","9":"inventories-world","10":"inventories-uk","12":"first","13":"instock","14":"virtual","15":"taxable","16":"purchasable","17":"product-type-yith_bundle"},"_links":{"self":[{"href":"https:\/\/staging6.peach-pump.com\/hu\/wp-json\/wp\/v2\/product\/93095","targetHints":{"allow":["GET"]}}],"collection":[{"href":"https:\/\/staging6.peach-pump.com\/hu\/wp-json\/wp\/v2\/product"}],"about":[{"href":"https:\/\/staging6.peach-pump.com\/hu\/wp-json\/wp\/v2\/types\/product"}],"replies":[{"embeddable":true,"href":"https:\/\/staging6.peach-pump.com\/hu\/wp-json\/wp\/v2\/comments?post=93095"}],"version-history":[{"count":0,"href":"https:\/\/staging6.peach-pump.com\/hu\/wp-json\/wp\/v2\/product\/93095\/revisions"}],"wp:featuredmedia":[{"embeddable":true,"href":"https:\/\/staging6.peach-pump.com\/hu\/wp-json\/wp\/v2\/media\/92767"}],"wp:attachment":[{"href":"https:\/\/staging6.peach-pump.com\/hu\/wp-json\/wp\/v2\/media?parent=93095"}],"wp:term":[{"taxonomy":"product_brand","embeddable":true,"href":"https:\/\/staging6.peach-pump.com\/hu\/wp-json\/wp\/v2\/product_brand?post=93095"},{"taxonomy":"product_cat","embeddable":true,"href":"https:\/\/staging6.peach-pump.com\/hu\/wp-json\/wp\/v2\/product_cat?post=93095"},{"taxonomy":"product_tag","embeddable":true,"href":"https:\/\/staging6.peach-pump.com\/hu\/wp-json\/wp\/v2\/product_tag?post=93095"}],"curies":[{"name":"wp","href":"https:\/\/api.w.org\/{rel}","templated":true}]}}