{"id":96189,"date":"2024-11-17T20:13:42","date_gmt":"2024-11-17T18:13:42","guid":{"rendered":"https:\/\/staging6.peach-pump.com\/products\/feher-rovid-ujju-sportpolo-magas-nyakkal\/"},"modified":"2025-10-31T12:51:00","modified_gmt":"2025-10-31T10:51:00","slug":"feher-rovid-ujju-sportpolo-magas-nyakkal","status":"publish","type":"product","link":"https:\/\/staging6.peach-pump.com\/hu\/products\/feher-rovid-ujju-sportpolo-magas-nyakkal\/","title":{"rendered":"Feh\u00e9r r\u00f6vid ujj\u00fa sportp\u00f3l\u00f3 magas nyakkal"},"content":{"rendered":"<p>Testhez\u00e1ll\u00f3, r\u00f6vid ujj\u00fa feh\u00e9r sportp\u00f3l\u00f3 magas nyakkal, garb\u00f3szer\u0171 kialak\u00edt\u00e1ssal. A p\u00f3l\u00f3 k\u00f6nny\u0171, rugalmas \u00e9s nedvess\u00e9gelvezet\u0151 anyagb\u00f3l k\u00e9sz\u00fclt. L\u00e1tv\u00e1nyos szab\u00e1svonala vizu\u00e1lisan karcs\u00fas\u00edtja a derekat, \u00e9s h\u0151pr\u00e9ssel r\u00f6gz\u00edtett &#8216;Peach Pump&#8217; log\u00f3 tal\u00e1lhat\u00f3 az elej\u00e9n, az als\u00f3 r\u00e9szen. Ide\u00e1lis v\u00e1laszt\u00e1s fitneszhez, fut\u00e1shoz, aerobikhoz vagy egy parkb\u00e9li s\u00e9t\u00e1hoz. A fels\u0151 k\u00f6nny\u0171 anyaga simogatja a testet, \u00e9s teljes mozg\u00e1sszabads\u00e1g \u00e9rzet\u00e9t kelti. T\u00f6k\u00e9letesen kombin\u00e1lhat\u00f3 minden leggings modell\u00fcnkkel, de ak\u00e1r farmerrel is remek\u00fcl mutat.     <\/p>\n<ul>\n<li>K\u00f6nny\u0171 sz\u00f6vet<\/li>\n<li>Nagy rugalmass\u00e1g<\/li>\n<li>Testhez\u00e1ll\u00f3 szab\u00e1s<\/li>\n<li>H\u0151pr\u00e9ssel r\u00f6gz\u00edtett &#8216;Peach Pump&#8217; log\u00f3 tal\u00e1lhat\u00f3 a p\u00f3l\u00f3 elej\u00e9n, az als\u00f3 r\u00e9szen<\/li>\n<li>Nedvess\u00e9gelvezet\u0151 anyag<\/li>\n<\/ul>\n<p>Anyag\u00f6sszet\u00e9tel: elaszt\u00e1n \u00e9s poli\u00e9szter<\/p>\n<p>A fels\u0151 legfeljebb 30 fokon moshat\u00f3, k\u00e9rj\u00fck, ne haszn\u00e1ljon feh\u00e9r\u00edt\u0151t, sz\u00e1r\u00edt\u00f3g\u00e9pet vagy vegytiszt\u00edt\u00e1st.<\/p>\n<p>A k\u00e9pen l\u00e1that\u00f3 modell 170 cm magas, 54 kg s\u00faly\u00fa \u00e9s S-es m\u00e9retben p\u00f3zol.<\/p>\n<p>A megfelel\u0151 m\u00e9ret pontos kiv\u00e1laszt\u00e1s\u00e1hoz, k\u00e9rj\u00fck, tekintse meg a m\u00e9rett\u00e1bl\u00e1zatunkat.<\/p>\n<p>&nbsp;<\/p>\n","protected":false},"excerpt":{"rendered":"<p>Testhez\u00e1ll\u00f3, r\u00f6vid ujj\u00fa feh\u00e9r sportp\u00f3l\u00f3 magas nyakkal, garb\u00f3szer\u0171 kialak\u00edt\u00e1ssal. A p\u00f3l\u00f3 k\u00f6nny\u0171, rugalmas \u00e9s nedvess\u00e9gelvezet\u0151 anyagb\u00f3l k\u00e9sz\u00fclt. L\u00e1tv\u00e1nyos szab\u00e1svonala vizu\u00e1lisan karcs\u00fas\u00edtja a derekat, \u00e9s h\u0151pr\u00e9ssel r\u00f6gz\u00edtett &#8216;Peach Pump&#8217; log\u00f3 tal\u00e1lhat\u00f3 az elej\u00e9n, az als\u00f3 r\u00e9szen. Ide\u00e1lis v\u00e1laszt\u00e1s fitneszhez, fut\u00e1shoz, aerobikhoz vagy egy parkb\u00e9li s\u00e9t\u00e1hoz. A fels\u0151 k\u00f6nny\u0171 anyaga simogatja a testet, \u00e9s teljes mozg\u00e1sszabads\u00e1g \u00e9rzet\u00e9t [&hellip;]<\/p>\n","protected":false},"featured_media":95498,"comment_status":"open","ping_status":"closed","template":"","meta":[],"product_brand":[],"product_cat":[355],"product_tag":[],"class_list":{"0":"post-96189","1":"product","2":"type-product","3":"status-publish","4":"has-post-thumbnail","6":"product_cat-noi-polo-fitneszhez","7":"pa_cviat-feher-hu","8":"pa_razmer-l-hu-2","9":"pa_razmer-m-hu","10":"pa_razmer-s-hu-2","11":"inventories-world","12":"inventories-uk","14":"first","15":"instock","16":"taxable","17":"shipping-taxable","18":"purchasable","19":"product-type-variable"},"_links":{"self":[{"href":"https:\/\/staging6.peach-pump.com\/en\/wp-json\/wp\/v2\/product\/96189","targetHints":{"allow":["GET"]}}],"collection":[{"href":"https:\/\/staging6.peach-pump.com\/en\/wp-json\/wp\/v2\/product"}],"about":[{"href":"https:\/\/staging6.peach-pump.com\/en\/wp-json\/wp\/v2\/types\/product"}],"replies":[{"embeddable":true,"href":"https:\/\/staging6.peach-pump.com\/en\/wp-json\/wp\/v2\/comments?post=96189"}],"version-history":[{"count":0,"href":"https:\/\/staging6.peach-pump.com\/en\/wp-json\/wp\/v2\/product\/96189\/revisions"}],"wp:featuredmedia":[{"embeddable":true,"href":"https:\/\/staging6.peach-pump.com\/en\/wp-json\/wp\/v2\/media\/95498"}],"wp:attachment":[{"href":"https:\/\/staging6.peach-pump.com\/en\/wp-json\/wp\/v2\/media?parent=96189"}],"wp:term":[{"taxonomy":"product_brand","embeddable":true,"href":"https:\/\/staging6.peach-pump.com\/en\/wp-json\/wp\/v2\/product_brand?post=96189"},{"taxonomy":"product_cat","embeddable":true,"href":"https:\/\/staging6.peach-pump.com\/en\/wp-json\/wp\/v2\/product_cat?post=96189"},{"taxonomy":"product_tag","embeddable":true,"href":"https:\/\/staging6.peach-pump.com\/en\/wp-json\/wp\/v2\/product_tag?post=96189"}],"curies":[{"name":"wp","href":"https:\/\/api.w.org\/{rel}","templated":true}]}}